{"id":87922,"date":"2023-02-15T10:46:54","date_gmt":"2023-02-15T09:46:54","guid":{"rendered":"https:\/\/donnobikes.com\/?post_type=product&#038;p=87922"},"modified":"2024-03-06T13:00:04","modified_gmt":"2024-03-06T12:00:04","slug":"bambus-boxsitz-bausatz-yuba","status":"publish","type":"product","link":"https:\/\/donnobikes.com\/de\/produkt\/bambus-boxsitz-bausatz-yuba\/","title":{"rendered":"Bamboo Box Seat Kit Yuba"},"content":{"rendered":"<h3>Kompatibel mit Bamboo Box Yuba<\/h3>\n<p>Das Yuba Bamboo Box Seat Kit ist ein kompletter Sitz f\u00fcr Ihre j\u00fcngsten Passagiere an Bord des Yuba Supercargo Cargo Bikes. Mit zwei Dreipunktgurten, einer R\u00fcckenlehne und gepolsterten Polstern auf einer Bambusbank kann die ganze Familie die Fahrt mit dem Lastenrad bequem genie\u00dfen!<\/p>\n<p>F\u00fcr die Installation des Yuba Bamboo Box Sitzes werden das Base Board und die Bamboo Box ben\u00f6tigt, die separat erh\u00e4ltlich sind.<\/p>\n<p>Die Bank ist aus 3-lagigem Bambus gefertigt, einem witterungsbest\u00e4ndigen und nachhaltigen Material. Der Anbau von Bambus ist schnell und verbraucht wenig Wasser. Alle unsere Bambusprodukte erf\u00fcllen die REACH-Richtlinien zum Schutz vor gef\u00e4hrlichen und giftigen Chemikalien. F\u00fcr Bambusprodukte gilt eine einj\u00e4hrige beschr\u00e4nkte Garantie auf die strukturelle Integrit\u00e4t.<\/p>","protected":false},"excerpt":{"rendered":"<p>Compatibile con Bamboo Box Yuba Il Bamboo Box Seat Kit Yuba \u00e8 un sedile completo per accogliere i tuoi passeggeri pi\u00f9 piccoli a bordo della cargo bike Supercargo di Yuba. Grazie a due cinture a tre punti, uno schienale e cuscini imbottiti su una panca di bamb\u00f9, tutta la famiglia pu\u00f2 godersi comodamente il viaggio [&hellip;]<\/p>\n","protected":false},"featured_media":91323,"comment_status":"closed","ping_status":"closed","template":"","meta":[],"product_brand":[],"product_cat":[16,601,21],"product_tag":[],"class_list":{"0":"post-87922","1":"product","2":"type-product","3":"status-publish","4":"has-post-thumbnail","6":"product_cat-yuba-accessori","7":"product_cat-seggiolini-e-sedute","8":"product_cat-yuba","9":"product_shipping_class-accessori","11":"first","12":"instock","13":"shipping-taxable","14":"purchasable","15":"product-type-simple"},"gallery_images":[91324,91325,91322,91307,91306],"meta_box":{"short_name":"Sedile per Bamboo Box","marketing_name":"","motore_for_biciclette":[],"biciclette_id":"","consegna":"","configurator":[],"single_page_group":[],"catalog_group":[]},"_links":{"self":[{"href":"https:\/\/donnobikes.com\/de\/wp-json\/wp\/v2\/product\/87922","targetHints":{"allow":["GET"]}}],"collection":[{"href":"https:\/\/donnobikes.com\/de\/wp-json\/wp\/v2\/product"}],"about":[{"href":"https:\/\/donnobikes.com\/de\/wp-json\/wp\/v2\/types\/product"}],"replies":[{"embeddable":true,"href":"https:\/\/donnobikes.com\/de\/wp-json\/wp\/v2\/comments?post=87922"}],"wp:featuredmedia":[{"embeddable":true,"href":"https:\/\/donnobikes.com\/de\/wp-json\/wp\/v2\/media\/91323"}],"wp:attachment":[{"href":"https:\/\/donnobikes.com\/de\/wp-json\/wp\/v2\/media?parent=87922"}],"wp:term":[{"taxonomy":"product_brand","embeddable":true,"href":"https:\/\/donnobikes.com\/de\/wp-json\/wp\/v2\/product_brand?post=87922"},{"taxonomy":"product_cat","embeddable":true,"href":"https:\/\/donnobikes.com\/de\/wp-json\/wp\/v2\/product_cat?post=87922"},{"taxonomy":"product_tag","embeddable":true,"href":"https:\/\/donnobikes.com\/de\/wp-json\/wp\/v2\/product_tag?post=87922"}],"curies":[{"name":"wp","href":"https:\/\/api.w.org\/{rel}","templated":true}]}}