{"id":87925,"date":"2023-02-15T10:50:55","date_gmt":"2023-02-15T09:50:55","guid":{"rendered":"https:\/\/donnobikes.com\/?post_type=product&#038;p=87925"},"modified":"2024-03-06T13:00:11","modified_gmt":"2024-03-06T12:00:11","slug":"regalkissen","status":"publish","type":"product","link":"https:\/\/donnobikes.com\/de\/produkt\/regalkissen\/","title":{"rendered":"Kissen f\u00fcr Lynx Dachtr\u00e4ger"},"content":{"rendered":"<h3>Kompatibel mit allen Fahrr\u00e4dern<\/h3>\n<p>Das Lynx Gep\u00e4cktr\u00e4gerkissen macht das Sitzen auf der R\u00fcckseite des Fahrrads viel bequemer.<\/p>\n<ul>\n<li>Abmessungen 34 x 16 x 5 cm.<\/li>\n<li>Kompatibel mit allen Dachgep\u00e4cktr\u00e4gern mit einer Breite zwischen 12-16 cm.<\/li>\n<li>Die robuste, aber weiche 5 cm dicke Schaumstoffpolsterung sorgt f\u00fcr eine gute Sto\u00dfd\u00e4mpfung.<\/li>\n<li>Der 1,2 mm starke Polypropylenboden h\u00e4lt das Kissen fest an seinem Platz.<\/li>\n<li>Der Bezug ist aus strapazierf\u00e4higem, wasserabweisendem 500D-PVC gefertigt.<\/li>\n<li>Dank der Schnappverschl\u00fcsse an der Unterseite leicht zu montieren.<\/li>\n<\/ul>","protected":false},"excerpt":{"rendered":"<p>Compatibile con tutte le biciclette Il cuscino per portapacchi Lynx rende molto pi\u00f9 comodo sedersi sul retro della bici. Dimensioni 34 x 16 x 5 cm. Compatibile con tutti i portapacchi con una larghezza tra 12-16 cm. La robusta ma morbida imbottitura in schiuma da 5 cm garantisce un buon assorbimento degli urti. La base [&hellip;]<\/p>\n","protected":false},"featured_media":92936,"comment_status":"closed","ping_status":"closed","template":"","meta":[],"product_brand":[],"product_cat":[23],"product_tag":[],"class_list":{"0":"post-87925","1":"product","2":"type-product","3":"status-publish","4":"has-post-thumbnail","6":"product_cat-accessori-vari","7":"product_shipping_class-accessori","9":"first","10":"outofstock","11":"shipping-taxable","12":"purchasable","13":"product-type-simple"},"gallery_images":[92937,92938,92939],"meta_box":{"short_name":"Cuscino universale Lynx","marketing_name":"","motore_for_biciclette":[],"biciclette_id":"","consegna":"","configurator":[],"single_page_group":[],"catalog_group":[]},"_links":{"self":[{"href":"https:\/\/donnobikes.com\/de\/wp-json\/wp\/v2\/product\/87925","targetHints":{"allow":["GET"]}}],"collection":[{"href":"https:\/\/donnobikes.com\/de\/wp-json\/wp\/v2\/product"}],"about":[{"href":"https:\/\/donnobikes.com\/de\/wp-json\/wp\/v2\/types\/product"}],"replies":[{"embeddable":true,"href":"https:\/\/donnobikes.com\/de\/wp-json\/wp\/v2\/comments?post=87925"}],"wp:featuredmedia":[{"embeddable":true,"href":"https:\/\/donnobikes.com\/de\/wp-json\/wp\/v2\/media\/92936"}],"wp:attachment":[{"href":"https:\/\/donnobikes.com\/de\/wp-json\/wp\/v2\/media?parent=87925"}],"wp:term":[{"taxonomy":"product_brand","embeddable":true,"href":"https:\/\/donnobikes.com\/de\/wp-json\/wp\/v2\/product_brand?post=87925"},{"taxonomy":"product_cat","embeddable":true,"href":"https:\/\/donnobikes.com\/de\/wp-json\/wp\/v2\/product_cat?post=87925"},{"taxonomy":"product_tag","embeddable":true,"href":"https:\/\/donnobikes.com\/de\/wp-json\/wp\/v2\/product_tag?post=87925"}],"curies":[{"name":"wp","href":"https:\/\/api.w.org\/{rel}","templated":true}]}}