{"id":87928,"date":"2023-02-15T11:24:10","date_gmt":"2023-02-15T10:24:10","guid":{"rendered":"https:\/\/donnobikes.com\/?post_type=product&#038;p=87928"},"modified":"2026-02-09T11:58:48","modified_gmt":"2026-02-09T10:58:48","slug":"kombi-diebstahlschutzkette","status":"publish","type":"product","link":"https:\/\/donnobikes.com\/de\/produkt\/kombi-diebstahlschutzkette\/","title":{"rendered":"Abus Treasure 1385 Kombination Anti-Diebstahl-Kette"},"content":{"rendered":"<h3>Kompatibel mit allen Fahrr\u00e4dern<\/h3>\n<p>Die Abus Treasure 1385 Kombi-Diebstahlschutzkette ist:<\/p>\n<ul>\n<li>Hergestellt aus speziellem Einsatzstahl.<\/li>\n<li>Er hat eine 7 mm dicke, quadratische Kette, die zum Schutz der Farbe mit Stoff \u00fcberzogen ist.<\/li>\n<li>Die doppelte Beschichtung des Codiersystems verhindert eine Verf\u00e4rbung der Ziffern.<\/li>\n<li>Der Mechanismus der Abu Treasure 1385 Zahlenschlosskette ist<\/li>\n<li>Der Mechanismus verf\u00fcgt \u00fcber einen besonderen Schutz, um Angriffe durch Code-Manipulation zu verhindern.<\/li>\n<li>Erm\u00f6glicht die Programmierung eines pers\u00f6nlichen \u00d6ffnungscodes.<\/li>\n<li>Die L\u00e4nge von 85 cm macht es einfach, ihn an einem externen Objekt zu befestigen.<\/li>\n<li>Wenn er nicht gebraucht wird, l\u00e4sst er sich kompakt zusammengefaltet um das Sitzrohr herum transportieren.<\/li>\n<\/ul>","protected":false},"excerpt":{"rendered":"<p>Compatibile con tutte le biciclette La catena antifurto a combinazione Abus Treasure 1385 \u00e8: Costruita in acciaio cementato speciale. Ha un catena da 7 mm a sezione quadra ricoperta in tessuto per proteggere le vernici. La doppia verniciatura sul sistema di codifica impedisce lo scolorimento delle cifre. Il\u00a0meccanismo della catena con chiusura a combinazione Abu [&hellip;]<\/p>\n","protected":false},"featured_media":92932,"comment_status":"closed","ping_status":"closed","template":"","meta":[],"product_brand":[],"product_cat":[23,643,644,642,654,652],"product_tag":[],"class_list":{"0":"post-87928","1":"product","2":"type-product","3":"status-publish","4":"has-post-thumbnail","6":"product_cat-accessori-vari","7":"product_cat-inbicy-flashswitch-sicurezza-e-protezione-della-bici","8":"product_cat-inbicy-supernova-sicurezza-e-protezione-della-bici","9":"product_cat-sicurezza-e-protezione-della-bici","10":"product_cat-taga-family-sicurezza-e-protezione-della-bici","11":"product_cat-yuba-kombi-db-sicurezza-e-protezione-della-bici","12":"product_shipping_class-accessori","14":"first","15":"instock","16":"shipping-taxable","17":"purchasable","18":"product-type-simple"},"gallery_images":[92934,92933],"meta_box":{"short_name":"","marketing_name":"","motore_for_biciclette":[],"biciclette_id":"","consegna":"","configurator":[],"single_page_group":[],"catalog_group":[]},"_links":{"self":[{"href":"https:\/\/donnobikes.com\/de\/wp-json\/wp\/v2\/product\/87928","targetHints":{"allow":["GET"]}}],"collection":[{"href":"https:\/\/donnobikes.com\/de\/wp-json\/wp\/v2\/product"}],"about":[{"href":"https:\/\/donnobikes.com\/de\/wp-json\/wp\/v2\/types\/product"}],"replies":[{"embeddable":true,"href":"https:\/\/donnobikes.com\/de\/wp-json\/wp\/v2\/comments?post=87928"}],"wp:featuredmedia":[{"embeddable":true,"href":"https:\/\/donnobikes.com\/de\/wp-json\/wp\/v2\/media\/92932"}],"wp:attachment":[{"href":"https:\/\/donnobikes.com\/de\/wp-json\/wp\/v2\/media?parent=87928"}],"wp:term":[{"taxonomy":"product_brand","embeddable":true,"href":"https:\/\/donnobikes.com\/de\/wp-json\/wp\/v2\/product_brand?post=87928"},{"taxonomy":"product_cat","embeddable":true,"href":"https:\/\/donnobikes.com\/de\/wp-json\/wp\/v2\/product_cat?post=87928"},{"taxonomy":"product_tag","embeddable":true,"href":"https:\/\/donnobikes.com\/de\/wp-json\/wp\/v2\/product_tag?post=87928"}],"curies":[{"name":"wp","href":"https:\/\/api.w.org\/{rel}","templated":true}]}}