{"id":88309,"date":"2023-02-24T18:21:40","date_gmt":"2023-02-24T17:21:40","guid":{"rendered":"https:\/\/donnobikes.com\/?post_type=product&#038;p=88309"},"modified":"2026-02-09T10:03:49","modified_gmt":"2026-02-09T09:03:49","slug":"grab-go-yuba-umhangetasche","status":"publish","type":"product","link":"https:\/\/donnobikes.com\/de\/produkt\/grab-go-yuba-umhangetasche\/","title":{"rendered":"Grab &amp; Go Yuba Umh\u00e4ngetasche"},"content":{"rendered":"<h3>Kompatibel mit Bread Basket Yuba und anderen Frontk\u00f6rben<\/h3>\n<p>Grab &amp; Go Yuba ist eine unverzichtbare Umh\u00e4ngetasche f\u00fcr alle Lastenradbesitzer. Tragen Sie sie direkt von Ihrem Fahrrad auf der Schulter zu einem Einkaufswagen und dann zur\u00fcck zu Ihrem Fahrrad, ohne den Aufwand oder die Notwendigkeit einer Einwegtasche.<\/p>\n<p>Diese fantastische Tasche aus strapazierf\u00e4higem, wasserdichtem 1000D-Nylongewebe mit verst\u00e4rktem Boden verf\u00fcgt \u00fcber einen abnehmbaren Schultergurt (im Lieferumfang enthalten) und kann bis zu 13 kg tragen. Sie k\u00f6nnen sie f\u00fcr alles verwenden: Lebensmittel, Essen zum Mitnehmen, Campingausr\u00fcstung, B\u00fccher, Strandspielzeug oder andere Dinge. Die beiden Seitentaschen sind perfekt f\u00fcr kleine Gegenst\u00e4nde. Das Rolltop-System sorgt daf\u00fcr, dass die Tasche w\u00e4hrend des Transports sicher verschlossen ist und alles an seinem Platz bleibt.<\/p>\n<p>Die Grab &amp; Go Bag passt perfekt auf den Yuba Bread Basket (separat erh\u00e4ltlich), kann aber auch eine gro\u00dfartige Erg\u00e4nzung f\u00fcr andere Frontk\u00f6rbe sein. \u00dcberpr\u00fcfe, ob die Ma\u00dfe von 31,8 x 20,3 x 43,2 cm zu deinem Fahrradkorb passen.<\/p>","protected":false},"excerpt":{"rendered":"<p>Compatibile con Bread Basket Yuba e altri cestini anteriori Grab &amp; Go Yuba \u00e8 una borsa a tracolla &#8220;must-have&#8221; per tutti i possessori di una cargo bike. Portala direttamente dalla bici alla tua spalla fino a un carrello della spesa e poi di nuovo alla bici senza problemi o bisogno di borsa usa e getta. [&hellip;]<\/p>\n","protected":false},"featured_media":91152,"comment_status":"closed","ping_status":"closed","template":"","meta":[],"product_brand":[],"product_cat":[16,639,21,651],"product_tag":[88],"class_list":{"0":"post-88309","1":"product","2":"type-product","3":"status-publish","4":"has-post-thumbnail","6":"product_cat-yuba-accessori","7":"product_cat-seduta-e-carico-posteriore-2","8":"product_cat-yuba","9":"product_cat-yuba-kombi-db-seduta-e-carico-posteriore-2","10":"product_tag-borsa","11":"product_shipping_class-accessori","13":"first","14":"instock","15":"shipping-taxable","16":"purchasable","17":"product-type-simple"},"gallery_images":[91153,91154,91155,91156,91157,91159,91158],"meta_box":{"short_name":"Borsa Tracolla Grab & Go","marketing_name":"","motore_for_biciclette":[],"biciclette_id":"","consegna":"","configurator":[],"single_page_group":[],"catalog_group":[]},"_links":{"self":[{"href":"https:\/\/donnobikes.com\/de\/wp-json\/wp\/v2\/product\/88309","targetHints":{"allow":["GET"]}}],"collection":[{"href":"https:\/\/donnobikes.com\/de\/wp-json\/wp\/v2\/product"}],"about":[{"href":"https:\/\/donnobikes.com\/de\/wp-json\/wp\/v2\/types\/product"}],"replies":[{"embeddable":true,"href":"https:\/\/donnobikes.com\/de\/wp-json\/wp\/v2\/comments?post=88309"}],"wp:featuredmedia":[{"embeddable":true,"href":"https:\/\/donnobikes.com\/de\/wp-json\/wp\/v2\/media\/91152"}],"wp:attachment":[{"href":"https:\/\/donnobikes.com\/de\/wp-json\/wp\/v2\/media?parent=88309"}],"wp:term":[{"taxonomy":"product_brand","embeddable":true,"href":"https:\/\/donnobikes.com\/de\/wp-json\/wp\/v2\/product_brand?post=88309"},{"taxonomy":"product_cat","embeddable":true,"href":"https:\/\/donnobikes.com\/de\/wp-json\/wp\/v2\/product_cat?post=88309"},{"taxonomy":"product_tag","embeddable":true,"href":"https:\/\/donnobikes.com\/de\/wp-json\/wp\/v2\/product_tag?post=88309"}],"curies":[{"name":"wp","href":"https:\/\/api.w.org\/{rel}","templated":true}]}}