{"id":89661,"date":"2023-04-16T08:40:22","date_gmt":"2023-04-16T06:40:22","guid":{"rendered":"https:\/\/new.donnobikes.com\/?post_type=product&#038;p=89661"},"modified":"2024-03-06T13:00:04","modified_gmt":"2024-03-06T12:00:04","slug":"fahrradanhanger-fur-hunde","status":"publish","type":"product","link":"https:\/\/donnobikes.com\/de\/produkt\/fahrradanhanger-fur-hunde\/","title":{"rendered":"XLC Doggy Van Fahrradanh\u00e4nger"},"content":{"rendered":"<h3>Kompatibel mit allen Fahrradmodellen<\/h3>\n<p>Der XLC Doggy Van Fahrradanh\u00e4nger ist ideal f\u00fcr den Transport von einem oder mehreren Hunden. Der Anh\u00e4nger wird mit einem 25,4-mm-Arm und einer im Lieferumfang enthaltenen Universalkupplung an der R\u00fcckseite des Fahrrads befestigt.<\/p>\n<ul>\n<li>Hergestellt aus einem soliden Stahlrahmen.<\/li>\n<li>16\u2033-R\u00e4der. Sie k\u00f6nnen zur Lagerung leicht abgenommen werden.<\/li>\n<li>Der Boden besteht aus Hartplastik und hat die Ma\u00dfe 56 x 77 cm.<\/li>\n<li>Die Innenh\u00f6he betr\u00e4gt 52 cm.<\/li>\n<li>Der Anh\u00e4nger hat eine Au\u00dfenbreite von 73 cm einschlie\u00dflich der R\u00e4der.<\/li>\n<li>Gewicht 11,2 kg.<\/li>\n<li>Maximale Tragf\u00e4higkeit 30 kg,<\/li>\n<li>Der Bezugsstoff ist wasserabweisend.<\/li>\n<li>Ausgestattet mit zwei gro\u00dfen Rei\u00dfverschluss\u00f6ffnungen, die den Hunden das An- und Ausziehen sowohl von vorne als auch von hinten erm\u00f6glichen.<\/li>\n<li>Jede Seite hat ein gro\u00dfes Fenster mit einem Moskitonetz, das vor Insekten, Spritzern und Staub von der Stra\u00dfe sch\u00fctzt.<\/li>\n<li>Er ist mit einem roten XLC CL-R15 R\u00fccklicht und einer Zubeh\u00f6rtasche f\u00fcr eine Wasserflasche und die Snacks des Hundes ausgestattet.<\/li>\n<\/ul>\n<div style=\"text-align: left;\" align=\"center\"><\/div>","protected":false},"excerpt":{"rendered":"<p>Compatibile con tutti i modelli di bicicletta Il rimorchio da bicicletta per cani XLC Doggy Van \u00e8 ideale per trasportare uno o pi\u00f9 cani . Il rimorchio si aggancia alla parte posteriore della bici con un braccio da 25.4mm e un attacco universale, inclusi nella confezione. Realizzato con un solido telaio in acciaio. Ruote da [&hellip;]<\/p>\n","protected":false},"featured_media":92916,"comment_status":"open","ping_status":"closed","template":"","meta":[],"product_brand":[],"product_cat":[23],"product_tag":[],"class_list":{"0":"post-89661","1":"product","2":"type-product","3":"status-publish","4":"has-post-thumbnail","6":"product_cat-accessori-vari","7":"product_shipping_class-accessori","9":"first","10":"instock","11":"shipping-taxable","12":"purchasable","13":"product-type-simple"},"gallery_images":[92917,92919,92918,92920],"meta_box":{"short_name":"Rimorchio per cani XLC Doggy Van","marketing_name":"","motore_for_biciclette":[],"biciclette_id":"","consegna":"","configurator":[],"single_page_group":[],"catalog_group":[]},"_links":{"self":[{"href":"https:\/\/donnobikes.com\/de\/wp-json\/wp\/v2\/product\/89661","targetHints":{"allow":["GET"]}}],"collection":[{"href":"https:\/\/donnobikes.com\/de\/wp-json\/wp\/v2\/product"}],"about":[{"href":"https:\/\/donnobikes.com\/de\/wp-json\/wp\/v2\/types\/product"}],"replies":[{"embeddable":true,"href":"https:\/\/donnobikes.com\/de\/wp-json\/wp\/v2\/comments?post=89661"}],"wp:featuredmedia":[{"embeddable":true,"href":"https:\/\/donnobikes.com\/de\/wp-json\/wp\/v2\/media\/92916"}],"wp:attachment":[{"href":"https:\/\/donnobikes.com\/de\/wp-json\/wp\/v2\/media?parent=89661"}],"wp:term":[{"taxonomy":"product_brand","embeddable":true,"href":"https:\/\/donnobikes.com\/de\/wp-json\/wp\/v2\/product_brand?post=89661"},{"taxonomy":"product_cat","embeddable":true,"href":"https:\/\/donnobikes.com\/de\/wp-json\/wp\/v2\/product_cat?post=89661"},{"taxonomy":"product_tag","embeddable":true,"href":"https:\/\/donnobikes.com\/de\/wp-json\/wp\/v2\/product_tag?post=89661"}],"curies":[{"name":"wp","href":"https:\/\/api.w.org\/{rel}","templated":true}]}}