{"id":89670,"date":"2023-04-17T10:15:43","date_gmt":"2023-04-17T08:15:43","guid":{"rendered":"https:\/\/new.donnobikes.com\/?post_type=product&#038;p=89670"},"modified":"2024-06-29T23:16:30","modified_gmt":"2024-06-29T21:16:30","slug":"pack-n-pedal-thule-korb","status":"publish","type":"product","link":"https:\/\/donnobikes.com\/de\/produkt\/pack-n-pedal-thule-korb\/","title":{"rendered":"Pack'n Pedal Thule Korb"},"content":{"rendered":"<h3>Kompatibel mit allen Donno Bikes<\/h3>\n<p>Der Pack'n Pedal Korb von Thule ist ein leichter, eleganter und vielseitiger Fahrradkorb. Er l\u00e4sst sich sicher am vorderen oder hinteren Gep\u00e4cktr\u00e4ger des Fahrrads befestigen und bietet viel Stauraum.<\/p>\n<ul>\n<li>Hergestellt aus schwarzem Kunststoff mit Aluminiumeins\u00e4tzen.<\/li>\n<li>Abmessungen 40 x 34 x 22 cm.<\/li>\n<li>Gewicht 1,2 kg.<\/li>\n<li>Fassungsverm\u00f6gen von 27 Litern.<\/li>\n<\/ul>","protected":false},"excerpt":{"rendered":"<p>Compatibile con tutte le biciclette Donno Bikes il Cesto Pack&#8217;n Pedal prodotto da Thule, \u00e8 un cestino per bicicletta leggero, elegante e versatile. Si aggancia fermamente ai portapacchi frontali o posteriori della bici e offre una grande quantit\u00e0 di spazio per riporre gli oggetti. Realizzato in plastica nera con inserti in alluminio. Dimensioni 40 x [&hellip;]<\/p>\n","protected":false},"featured_media":92870,"comment_status":"open","ping_status":"closed","template":"","meta":[],"product_brand":[],"product_cat":[23],"product_tag":[],"class_list":{"0":"post-89670","1":"product","2":"type-product","3":"status-publish","4":"has-post-thumbnail","6":"product_cat-accessori-vari","7":"product_shipping_class-accessori","9":"first","10":"instock","11":"shipping-taxable","12":"purchasable","13":"product-type-simple"},"gallery_images":[92871,92872],"meta_box":{"short_name":"Cesto Pack'n Pedal Thule","marketing_name":"","motore_for_biciclette":[],"biciclette_id":"","consegna":"","configurator":[],"single_page_group":[],"catalog_group":[]},"_links":{"self":[{"href":"https:\/\/donnobikes.com\/de\/wp-json\/wp\/v2\/product\/89670","targetHints":{"allow":["GET"]}}],"collection":[{"href":"https:\/\/donnobikes.com\/de\/wp-json\/wp\/v2\/product"}],"about":[{"href":"https:\/\/donnobikes.com\/de\/wp-json\/wp\/v2\/types\/product"}],"replies":[{"embeddable":true,"href":"https:\/\/donnobikes.com\/de\/wp-json\/wp\/v2\/comments?post=89670"}],"wp:featuredmedia":[{"embeddable":true,"href":"https:\/\/donnobikes.com\/de\/wp-json\/wp\/v2\/media\/92870"}],"wp:attachment":[{"href":"https:\/\/donnobikes.com\/de\/wp-json\/wp\/v2\/media?parent=89670"}],"wp:term":[{"taxonomy":"product_brand","embeddable":true,"href":"https:\/\/donnobikes.com\/de\/wp-json\/wp\/v2\/product_brand?post=89670"},{"taxonomy":"product_cat","embeddable":true,"href":"https:\/\/donnobikes.com\/de\/wp-json\/wp\/v2\/product_cat?post=89670"},{"taxonomy":"product_tag","embeddable":true,"href":"https:\/\/donnobikes.com\/de\/wp-json\/wp\/v2\/product_tag?post=89670"}],"curies":[{"name":"wp","href":"https:\/\/api.w.org\/{rel}","templated":true}]}}