{"id":90259,"date":"2023-05-02T08:04:03","date_gmt":"2023-05-02T06:04:03","guid":{"rendered":"https:\/\/new.donnobikes.com\/?post_type=product&#038;p=90259"},"modified":"2025-07-01T11:19:44","modified_gmt":"2025-07-01T09:19:44","slug":"i-inbicy-analog","status":"publish","type":"product","link":"https:\/\/donnobikes.com\/de\/produkt\/i-inbicy-analog\/","title":{"rendered":"iO InBicy Analog"},"content":{"rendered":"<h3>Entwickelt, um Ihr Leben einfacher zu machen<\/h3>\n<p>Das iO InBicy Analog ist ein Lastenfahrrad, das Ihnen das Leben leichter machen soll. Das einzige, was es mit einem normalen Fahrrad gemeinsam hat, ist seine kompakte Gr\u00f6\u00dfe. Seine Leistung und Vielseitigkeit werden von keinem herk\u00f6mmlichen Fahrrad \u00fcbertroffen.<\/p>\n<p><strong>Die Vielseitigkeit steht im Vordergrund.<\/strong> Mit dem einzigartigen, patentierten Flash Switch\u00ae-System lassen sich Gestell und Korb im Handumdrehen an- und abmontieren. Dazu sind nur ein paar einfache Handgriffe n\u00f6tig, ganz ohne Werkzeug. Sie k\u00f6nnen voll ausgestattete Dachtr\u00e4ger mit Sitzen, Sitzen und Taschen demontieren und wieder montieren. Lebensmittel transportieren, die Kinder zur Schule und nach der Schule bringen, zur Arbeit oder ins Fitnessstudio fahren - jede Fahrt erfordert eine andere Ausr\u00fcstung. Mit dem iO InBicy Analog k\u00f6nnen Sie diese mehrmals am Tag in Sekundenschnelle wechseln.<\/p>\n<p><strong>Der Siegerentwurf. <\/strong>Das Rahmendesign und die Details des in Italien hergestellten Fahrrads \u00fcberzeugten die internationale Jury des renommierten Red Dot Design Award 2023 und sicherten ihm einen Platz im Designmuseum in Essen, Deutschland.<\/p>","protected":false},"excerpt":{"rendered":"<p>Muskul\u00f6s - Farbe Wei\u00dfes Porzellan<\/p>","protected":false},"featured_media":93871,"comment_status":"open","ping_status":"closed","template":"","meta":[],"product_brand":[],"product_cat":[621,622,623,33,592,624,594,608,136],"product_tag":[18],"class_list":{"0":"post-90259","1":"product","2":"type-product","3":"status-publish","4":"has-post-thumbnail","6":"product_cat-bici-da-carico","7":"product_cat-bici-da-trasporto","8":"product_cat-bici-per-trasporto-bambini","9":"product_cat-biciclette","10":"product_cat-biciclette-muscolari","11":"product_cat-cargo-bike","12":"product_cat-catalogo","13":"product_cat-catalogo-inbicy","14":"product_cat-inbicy","15":"product_tag-cargo-bike","16":"product_shipping_class-bicicletta","18":"first","19":"onbackorder","20":"shipping-taxable","21":"purchasable","22":"product-type-variable","23":"has-default-attributes"},"gallery_images":[93301,93302,93300],"meta_box":{"short_name":"","marketing_name":"iO INBICY ANALOG","motore_for_biciclette":[],"biciclette_id":"90266","consegna":"","configurator":[],"single_page_group":{"video_group":[{"link_video":"https:\/\/www.youtube.com\/watch?v=0r-hapSFOP0","title":"iO InBicy, Gewinner des Red Dot Design Award 2023","preheader":"La e-bike cargo pi\u00f9 potente e versatile del 2023 premiata per il suo design","preview":"90564"},{"link_video":"https:\/\/www.youtube.com\/watch?v=qCziv25mKGQ&list=PLy81_ZTJG-sA6ptaBFdj8A_BNJqMsEkJu&index=3","title":"Lebensstil mit iO InBicy","preheader":"Presentazione della pi\u00f9 innovativa cargo e-bike italiana","preview":"90565"},{"link_video":"https:\/\/www.youtube.com\/watch?v=a2tYwVSFKrI&list=PLy81_ZTJG-sA6ptaBFdj8A_BNJqMsEkJu&index=2","title":"Einf\u00fchrung in die Funktionalit\u00e4t","preheader":"Dettagli e accessori con sistema brevettato Flash Switch","preview":"90566"},{"link_video":"https:\/\/www.youtube.com\/watch?v=_f0XE8P0GEM&list=PLy81_ZTJG-sA6ptaBFdj8A_BNJqMsEkJu&index=3","title":"Pr\u00e4sentation von Prototypen","preheader":"Panoramica della bici cargo nata per la famiglia","preview":"90567"}],"galleria_fotografica":{"image":["90762","90763","90764","90765","90766","90767","90768","90769","90770"],"galleria_banner":["90758","90755","90756","90757"]},"versatilita":{"title":"iO INBICY ANALOG. NEUE GENERATION U-TILITY-FAHRRAD.","desc":"iO InBicy Analog \u00e8 molte bici in una. Combina versatilit\u00e0 e comfort con prestazioni straordinarie. Ha eccellenti capacit\u00e0 di carico con una manovrabilit\u00e0 sorprendente. La sua facilit\u00e0 d\u2019uso ti sorprender\u00e0. L'equilibrio perfetto tra estetica, stabilit\u00e0 e agilit\u00e0 di guida a pieno carico la rende l\u2019unica bici che serve in citt\u00e0, in periferia e in contesti pi\u00f9 rurali.  \u00c8 compatibile con un'ampia gamma di accessori ed \u00e8 in grado di trasportare un carico triplo rispetto ad una normale bicicletta. ","versatilita_group":[{"image":"90771","title":"iO Essenziale","desc":"Senza accessori \u00e8 una cargo bike che nasconde una ultraleggera, perfetta anche off road e su terreni accidentati. La pedalata muscolare \u00e8 un piacere."},{"image":"90772","title":"iO Cargo Urbano","desc":"Portapacchi da 70cm a cui agganciare grandi borse laterali e il maxi cesto anteriore rendono la bici perfetta per tutti i giorni."},{"image":"90773","title":"iO Famiglia Light","desc":"Compatible con Yepp, Qibbel e la maggior parte dei seggiolini disponibili sul mercato. Le aste di sicurezza sono facoltative ma altamente raccomandate."},{"image":"90774","title":"iO Passeggero","desc":"Trasporta un passeggero adulto (90kg max) con il portapacchi posteriore da 56cm. I poggiapiedi garantiscono comfort durante la corsa."},{"image":"90775","title":"iO Duo Bimbi","desc":"Porta un bambino su un seggiolino e un secondo pi\u00f9 piccolo sul retro. A differenza delle normali bici, \u00e8 disegnata per portare il carico in sicurezza."},{"image":"90776","title":"iO Duo Sicuro","desc":"Raddoppia con due bambini piccoli nei seggiolini. Le aste di sicurezza riducono il rischio di caduta e di impatto sui bambini, fornendo appoggio."},{"image":"90777","title":"iO Junior","desc":"Porta in sicurezza due bambini pi\u00f9 grandi. Le barre del portapacchi sono disegnate per proteggere le gambe e gli abiti dei passeggeri dai raggi della ruota."},{"image":"90778","title":"iO Carico Sicuro","desc":"Alloggia pacchi fino a 60x40cm tra le aste, in alternativa alle cinghie di fissaggio. Il grande cesto anteriore porta altri pacchi fino a 38x38cm."},{"image":"89498"}]},"edition":"0"},"catalog_group":{"quote":"2 COLORI \/ 2 VARIANTI","text":"La cargo bike che ti far\u00e0 cambiare idea sul mondo cargo! Una vera regina della versatilit\u00e0.","vuoi":"Una cargo bike dalle dimensioni di una normale bicicletta che ti semplifichi la vita quotidiana. Con un sistema brevettato per il cambio immediato di configurazione. Con la portata di una cargo molto pi\u00f9 grande. Facile e divertente da guidare, con o senza carico. E bella da morire!"}},"_links":{"self":[{"href":"https:\/\/donnobikes.com\/de\/wp-json\/wp\/v2\/product\/90259","targetHints":{"allow":["GET"]}}],"collection":[{"href":"https:\/\/donnobikes.com\/de\/wp-json\/wp\/v2\/product"}],"about":[{"href":"https:\/\/donnobikes.com\/de\/wp-json\/wp\/v2\/types\/product"}],"replies":[{"embeddable":true,"href":"https:\/\/donnobikes.com\/de\/wp-json\/wp\/v2\/comments?post=90259"}],"wp:featuredmedia":[{"embeddable":true,"href":"https:\/\/donnobikes.com\/de\/wp-json\/wp\/v2\/media\/93871"}],"wp:attachment":[{"href":"https:\/\/donnobikes.com\/de\/wp-json\/wp\/v2\/media?parent=90259"}],"wp:term":[{"taxonomy":"product_brand","embeddable":true,"href":"https:\/\/donnobikes.com\/de\/wp-json\/wp\/v2\/product_brand?post=90259"},{"taxonomy":"product_cat","embeddable":true,"href":"https:\/\/donnobikes.com\/de\/wp-json\/wp\/v2\/product_cat?post=90259"},{"taxonomy":"product_tag","embeddable":true,"href":"https:\/\/donnobikes.com\/de\/wp-json\/wp\/v2\/product_tag?post=90259"}],"curies":[{"name":"wp","href":"https:\/\/api.w.org\/{rel}","templated":true}]}}