{"id":91069,"date":"2023-06-02T13:35:47","date_gmt":"2023-06-02T11:35:47","guid":{"rendered":"https:\/\/new.donnobikes.com\/?post_type=product&#038;p=91069"},"modified":"2026-02-09T10:03:37","modified_gmt":"2026-02-09T09:03:37","slug":"soft-spot-yuba","status":"publish","type":"product","link":"https:\/\/donnobikes.com\/de\/produkt\/soft-spot-yuba\/","title":{"rendered":"Yuba Soft Spot-Kissen"},"content":{"rendered":"<h3>Kompatibel mit allen Modellen Kombi, Mundo, Spicy Curry, Fastrack<\/h3>\n<p>Der Yuba Soft Spot ist ein robustes, abwaschbares, wasserabweisendes und wetterfestes Kissen. Erh\u00e4ltlich in zwei Gr\u00f6\u00dfen, die zu allen Fahrradmodellen passen (Soft Spot und Mini Soft Spot), bietet es einen bequemen R\u00fccksitz f\u00fcr Passagiere auf Ihrem Yuba-Lastenrad. Mit seinen Klettverschl\u00fcssen l\u00e4sst es sich schnell montieren. Er ist mit den verstellbaren Monkey Bars von Yuba kompatibel.<\/p>\n<p>Mit seinen Ma\u00dfen von 40 x 19 x 5 cm deckt er alles ab:<\/p>\n<ul>\n<li>1\/2 des R\u00fccksitzes aller Modelle Spicy Curry und Mundo<\/li>\n<li>ein Teil des R\u00fccksitzes aller Kombi-Modelle (wir empfehlen f\u00fcr diese Lastenr\u00e4der die Verwendung von 2 Mini Soft anstelle eines Soft Spots)<\/li>\n<\/ul>","protected":false},"excerpt":{"rendered":"<p>Compatibile con tutti i modelli Kombi, Mundo, Spicy Curry, Fastrack Soft Spot Yuba \u00e8 un cuscino robusto, lavabile, idrorepellente e resistente alle intemperie. Disponibile in due misure per adattarsi a tutti i modelli di bici (Soft Spot e Mini Soft Spot), offre un comodo sedile posteriore per i passeggeri della tua cargo bike Yuba. Si [&hellip;]<\/p>\n","protected":false},"featured_media":91071,"comment_status":"closed","ping_status":"closed","template":"","meta":[],"product_brand":[],"product_cat":[16,639,21,651],"product_tag":[],"class_list":{"0":"post-91069","1":"product","2":"type-product","3":"status-publish","4":"has-post-thumbnail","6":"product_cat-yuba-accessori","7":"product_cat-seduta-e-carico-posteriore-2","8":"product_cat-yuba","9":"product_cat-yuba-kombi-db-seduta-e-carico-posteriore-2","10":"product_shipping_class-accessori","12":"first","13":"instock","14":"shipping-taxable","15":"purchasable","16":"product-type-simple"},"gallery_images":[91072,91066,91073,91074,91079,91080,91078],"meta_box":{"short_name":"Cuscino Soft Spot","marketing_name":"","motore_for_biciclette":[],"biciclette_id":"","consegna":"","configurator":[],"single_page_group":[],"catalog_group":[]},"_links":{"self":[{"href":"https:\/\/donnobikes.com\/de\/wp-json\/wp\/v2\/product\/91069","targetHints":{"allow":["GET"]}}],"collection":[{"href":"https:\/\/donnobikes.com\/de\/wp-json\/wp\/v2\/product"}],"about":[{"href":"https:\/\/donnobikes.com\/de\/wp-json\/wp\/v2\/types\/product"}],"replies":[{"embeddable":true,"href":"https:\/\/donnobikes.com\/de\/wp-json\/wp\/v2\/comments?post=91069"}],"wp:featuredmedia":[{"embeddable":true,"href":"https:\/\/donnobikes.com\/de\/wp-json\/wp\/v2\/media\/91071"}],"wp:attachment":[{"href":"https:\/\/donnobikes.com\/de\/wp-json\/wp\/v2\/media?parent=91069"}],"wp:term":[{"taxonomy":"product_brand","embeddable":true,"href":"https:\/\/donnobikes.com\/de\/wp-json\/wp\/v2\/product_brand?post=91069"},{"taxonomy":"product_cat","embeddable":true,"href":"https:\/\/donnobikes.com\/de\/wp-json\/wp\/v2\/product_cat?post=91069"},{"taxonomy":"product_tag","embeddable":true,"href":"https:\/\/donnobikes.com\/de\/wp-json\/wp\/v2\/product_tag?post=91069"}],"curies":[{"name":"wp","href":"https:\/\/api.w.org\/{rel}","templated":true}]}}