{"id":91160,"date":"2023-06-04T11:53:05","date_gmt":"2023-06-04T09:53:05","guid":{"rendered":"https:\/\/new.donnobikes.com\/?post_type=product&#038;p=91160"},"modified":"2026-02-09T10:03:28","modified_gmt":"2026-02-09T09:03:28","slug":"haltestangen-yuba","status":"publish","type":"product","link":"https:\/\/donnobikes.com\/de\/produkt\/haltestangen-yuba\/","title":{"rendered":"Lenkerhalteb\u00fcgel Yuba"},"content":{"rendered":"<h3>Kompatibel mit allen Lastenradmodellen<\/h3>\n<p>Hold On Bars Yuba ist ein Lenker f\u00fcr Kinder (und Erwachsene!), an dem sich der Beifahrer w\u00e4hrend der Fahrt sicher festhalten kann, so dass der Fahrer unbesorgt in die Pedale treten kann.<\/p>\n<p>Er l\u00e4sst sich an der Sattelst\u00fctze befestigen und ist mit zahlreichen Zubeh\u00f6rteilen kompatibel: Kombinieren Sie ihn mit Soft Spots f\u00fcr maximalen Komfort im hinteren Sitz!<\/p>\n<p>Farbe und Abmessungen k\u00f6nnen je nach Produktionscharge variieren.<\/p>","protected":false},"excerpt":{"rendered":"<p>Compatibili con tutti i modelli di cargo bike Hold On Bars Yuba \u00e8 un manubrio per bambini (e adulti!) che consente al passeggero di tenersi in sicurezza sul retro della cargo bike durante la corsa, permettendo al ciclista di pedalare con tranquillit\u00e0. Si attacca al reggisella ed \u00e8 compatibile con molti accessori diversi: combinalo con [&hellip;]<\/p>\n","protected":false},"featured_media":91161,"comment_status":"closed","ping_status":"closed","template":"","meta":[],"product_brand":[],"product_cat":[16,639,21,651],"product_tag":[],"class_list":{"0":"post-91160","1":"product","2":"type-product","3":"status-publish","4":"has-post-thumbnail","6":"product_cat-yuba-accessori","7":"product_cat-seduta-e-carico-posteriore-2","8":"product_cat-yuba","9":"product_cat-yuba-kombi-db-seduta-e-carico-posteriore-2","10":"product_shipping_class-accessori","12":"first","13":"instock","14":"shipping-taxable","15":"purchasable","16":"product-type-simple"},"gallery_images":[91162,91163,91165,91166,91167],"meta_box":{"short_name":"Manubrio Hold On","marketing_name":"","motore_for_biciclette":[],"biciclette_id":"","consegna":"","configurator":[],"single_page_group":[],"catalog_group":[]},"_links":{"self":[{"href":"https:\/\/donnobikes.com\/de\/wp-json\/wp\/v2\/product\/91160","targetHints":{"allow":["GET"]}}],"collection":[{"href":"https:\/\/donnobikes.com\/de\/wp-json\/wp\/v2\/product"}],"about":[{"href":"https:\/\/donnobikes.com\/de\/wp-json\/wp\/v2\/types\/product"}],"replies":[{"embeddable":true,"href":"https:\/\/donnobikes.com\/de\/wp-json\/wp\/v2\/comments?post=91160"}],"wp:featuredmedia":[{"embeddable":true,"href":"https:\/\/donnobikes.com\/de\/wp-json\/wp\/v2\/media\/91161"}],"wp:attachment":[{"href":"https:\/\/donnobikes.com\/de\/wp-json\/wp\/v2\/media?parent=91160"}],"wp:term":[{"taxonomy":"product_brand","embeddable":true,"href":"https:\/\/donnobikes.com\/de\/wp-json\/wp\/v2\/product_brand?post=91160"},{"taxonomy":"product_cat","embeddable":true,"href":"https:\/\/donnobikes.com\/de\/wp-json\/wp\/v2\/product_cat?post=91160"},{"taxonomy":"product_tag","embeddable":true,"href":"https:\/\/donnobikes.com\/de\/wp-json\/wp\/v2\/product_tag?post=91160"}],"curies":[{"name":"wp","href":"https:\/\/api.w.org\/{rel}","templated":true}]}}