{"id":91215,"date":"2023-06-05T08:01:17","date_gmt":"2023-06-05T06:01:17","guid":{"rendered":"https:\/\/new.donnobikes.com\/?post_type=product&#038;p=91215"},"modified":"2026-02-09T10:03:19","modified_gmt":"2026-02-09T09:03:19","slug":"weiter-so-yuba","status":"publish","type":"product","link":"https:\/\/donnobikes.com\/de\/produkt\/weiter-so-yuba\/","title":{"rendered":"Carry-On-Ladefl\u00e4chenverl\u00e4ngerung Yuba"},"content":{"rendered":"<h3>Kompatibel mit allen Spicy Curry Modellen<\/h3>\n<p>Carry-On Yuba ist eine Ladefl\u00e4chenverl\u00e4ngerung f\u00fcr die Spicy Curry Longtail-Lastenr\u00e4der von Yuba.<\/p>\n<p>Der Carry-On ist einfach zu montieren und wird direkt am Rahmen befestigt, so dass eine flache und stabile Ladefl\u00e4che entsteht. Auf jeder Seite k\u00f6nnen bis zu 27 kg transportiert werden: Mit den separat erh\u00e4ltlichen 2-Go-Taschen k\u00f6nnen Sie auf der R\u00fcckseite Ihrer Spicy Curry-Ladebox insgesamt \u00fcber 100 kg transportieren!<\/p>\n<p>F\u00fcr den sicheren Transport von gr\u00f6\u00dferen, sperrigen Lasten empfehlen wir die Verwendung von Gurten oder des separat erh\u00e4ltlichen Sideboards Yuba Spicy Curry. Die Carry-On-Verl\u00e4ngerung ist mit dem separat erh\u00e4ltlichen Yuba Deck kompatibel. Verschiedene Kombinationen sind dank der M5-Befestigungen an verschiedenen Punkten des Lastenradrahmens m\u00f6glich.<\/p>","protected":false},"excerpt":{"rendered":"<p>Compatibile con tutti i modelli Spicy Curry Carry-On Yuba \u00e8 un&#8217;estensione del piano di carico per le cargo bike longtail Spicy Curry di Yuba. Facile da installare, Carry-On si aggancia direttamente al telaio, creando una piattaforma di carico piatta e solida. Pu\u00f2 trasportare fino a 27 kg su ciascun lato: aggiungi le borse 2-Go, in [&hellip;]<\/p>\n","protected":false},"featured_media":91216,"comment_status":"closed","ping_status":"closed","template":"","meta":[],"product_brand":[],"product_cat":[16,21],"product_tag":[],"class_list":{"0":"post-91215","1":"product","2":"type-product","3":"status-publish","4":"has-post-thumbnail","6":"product_cat-yuba-accessori","7":"product_cat-yuba","8":"product_shipping_class-accessori","10":"first","11":"instock","12":"shipping-taxable","13":"purchasable","14":"product-type-simple"},"gallery_images":[91217,91218,91219,91224,91223,91221,91220,91222],"meta_box":{"short_name":"Estensione Carry-On","marketing_name":"","motore_for_biciclette":[],"biciclette_id":"","consegna":"","configurator":[],"single_page_group":[],"catalog_group":[]},"_links":{"self":[{"href":"https:\/\/donnobikes.com\/de\/wp-json\/wp\/v2\/product\/91215","targetHints":{"allow":["GET"]}}],"collection":[{"href":"https:\/\/donnobikes.com\/de\/wp-json\/wp\/v2\/product"}],"about":[{"href":"https:\/\/donnobikes.com\/de\/wp-json\/wp\/v2\/types\/product"}],"replies":[{"embeddable":true,"href":"https:\/\/donnobikes.com\/de\/wp-json\/wp\/v2\/comments?post=91215"}],"wp:featuredmedia":[{"embeddable":true,"href":"https:\/\/donnobikes.com\/de\/wp-json\/wp\/v2\/media\/91216"}],"wp:attachment":[{"href":"https:\/\/donnobikes.com\/de\/wp-json\/wp\/v2\/media?parent=91215"}],"wp:term":[{"taxonomy":"product_brand","embeddable":true,"href":"https:\/\/donnobikes.com\/de\/wp-json\/wp\/v2\/product_brand?post=91215"},{"taxonomy":"product_cat","embeddable":true,"href":"https:\/\/donnobikes.com\/de\/wp-json\/wp\/v2\/product_cat?post=91215"},{"taxonomy":"product_tag","embeddable":true,"href":"https:\/\/donnobikes.com\/de\/wp-json\/wp\/v2\/product_tag?post=91215"}],"curies":[{"name":"wp","href":"https:\/\/api.w.org\/{rel}","templated":true}]}}