{"id":91226,"date":"2023-06-05T08:22:39","date_gmt":"2023-06-05T06:22:39","guid":{"rendered":"https:\/\/new.donnobikes.com\/?post_type=product&#038;p=91226"},"modified":"2026-02-09T10:02:56","modified_gmt":"2026-02-09T09:02:56","slug":"leg-up-yuba-mundo","status":"publish","type":"product","link":"https:\/\/donnobikes.com\/de\/produkt\/leg-up-yuba-mundo\/","title":{"rendered":"Yuba Leg-Up Fu\u00dfst\u00fctze"},"content":{"rendered":"<h3>Kompatibel mit allen Mundo-Modellen<\/h3>\n<p>Leg-Up Yuba ist eine leichte und dennoch \u00e4u\u00dferst bequeme Fu\u00dfst\u00fctze, die aus einer horizontalen Stange besteht, die direkt am Rahmen befestigt wird und eine Alternative zu den separat erh\u00e4ltlichen Sideboards Yuba Mundo darstellt.<\/p>\n<p>Er wurde entwickelt, um die Beine eines kleinen Passagiers, ob Kind oder Erwachsener, zu st\u00fctzen und ist das perfekte Accessoire, um Ihre F\u00fc\u00dfe auf Reisen sicher und ausgeruht zu halten.<\/p>","protected":false},"excerpt":{"rendered":"<p>Compatibili con tutti i modelli Mundo Leg-Up Yuba \u00e8 un poggiapiedi leggero ma estremamente confortevole, composto da una barra orizzontale che si attacca direttamente al telaio offrendo un&#8217;alternativa alle sponde laterali Sideboards Yuba Mundo, in vendita a parte. Progettato per sostenere le gambe di un passeggero di bassa statura, bambino o adulto, \u00e8 l&#8217;accessorio perfetto [&hellip;]<\/p>\n","protected":false},"featured_media":91227,"comment_status":"closed","ping_status":"closed","template":"","meta":[],"product_brand":[],"product_cat":[16,639,21,651],"product_tag":[],"class_list":{"0":"post-91226","1":"product","2":"type-product","3":"status-publish","4":"has-post-thumbnail","6":"product_cat-yuba-accessori","7":"product_cat-seduta-e-carico-posteriore-2","8":"product_cat-yuba","9":"product_cat-yuba-kombi-db-seduta-e-carico-posteriore-2","10":"product_shipping_class-accessori","12":"first","13":"instock","14":"shipping-taxable","15":"purchasable","16":"product-type-simple"},"gallery_images":[91228,91230,91229],"meta_box":{"short_name":"Poggiapiedi Leg-Up","marketing_name":"","motore_for_biciclette":[],"biciclette_id":"","consegna":"","configurator":[],"single_page_group":[],"catalog_group":[]},"_links":{"self":[{"href":"https:\/\/donnobikes.com\/de\/wp-json\/wp\/v2\/product\/91226","targetHints":{"allow":["GET"]}}],"collection":[{"href":"https:\/\/donnobikes.com\/de\/wp-json\/wp\/v2\/product"}],"about":[{"href":"https:\/\/donnobikes.com\/de\/wp-json\/wp\/v2\/types\/product"}],"replies":[{"embeddable":true,"href":"https:\/\/donnobikes.com\/de\/wp-json\/wp\/v2\/comments?post=91226"}],"wp:featuredmedia":[{"embeddable":true,"href":"https:\/\/donnobikes.com\/de\/wp-json\/wp\/v2\/media\/91227"}],"wp:attachment":[{"href":"https:\/\/donnobikes.com\/de\/wp-json\/wp\/v2\/media?parent=91226"}],"wp:term":[{"taxonomy":"product_brand","embeddable":true,"href":"https:\/\/donnobikes.com\/de\/wp-json\/wp\/v2\/product_brand?post=91226"},{"taxonomy":"product_cat","embeddable":true,"href":"https:\/\/donnobikes.com\/de\/wp-json\/wp\/v2\/product_cat?post=91226"},{"taxonomy":"product_tag","embeddable":true,"href":"https:\/\/donnobikes.com\/de\/wp-json\/wp\/v2\/product_tag?post=91226"}],"curies":[{"name":"wp","href":"https:\/\/api.w.org\/{rel}","templated":true}]}}