{"id":91246,"date":"2023-06-05T09:37:32","date_gmt":"2023-06-05T07:37:32","guid":{"rendered":"https:\/\/new.donnobikes.com\/?post_type=product&#038;p=91246"},"modified":"2024-03-06T13:00:09","modified_gmt":"2024-03-06T12:00:09","slug":"yuba-fastrack-deck","status":"publish","type":"product","link":"https:\/\/donnobikes.com\/de\/produkt\/yuba-fastrack-deck\/","title":{"rendered":"Yuba Fastrack Deck Carrier Board"},"content":{"rendered":"<h3>Kompatibel mit Yuba Fastrack<\/h3>\n<p>Das Deck Yuba Fastrack ist ein ma\u00dfgefertigtes Brett zur Optimierung der Ladekapazit\u00e4t des Hecktr\u00e4gers des Yuba Fastrack Longtails. Es ist wetterfest und extrem strapazierf\u00e4hig und eignet sich perfekt, um eine bequeme Sitzgelegenheit f\u00fcr Passagiere oder eine flache, stabile Ladefl\u00e4che zu schaffen. Dieses Add-on ist ein Muss f\u00fcr Ihr Fastrack-Lastenrad.<\/p>\n<p>Passt auf das D.R.S (Dual Rack System) des Racks in jeder der 4 Positionen. Kann zwei Mini Soft-Spots und Monkey Bars aufnehmen, beide separat erh\u00e4ltlich.<\/p>","protected":false},"excerpt":{"rendered":"<p>Compatibile con Yuba Fastrack Deck Yuba Fastrack \u00e8 una tavola personalizzata per ottimizzare la capacit\u00e0 di carico del portapacchi posteriore della longtail Fastrack di Yuba. Resistente alle intemperie e ultra resistente, \u00e8 perfetta per creare una comoda area di seduta per i passeggeri o una piattaforma di carico piatta e robusta. Questo componente aggiuntivo \u00e8 [&hellip;]<\/p>\n","protected":false},"featured_media":91247,"comment_status":"closed","ping_status":"closed","template":"","meta":[],"product_brand":[],"product_cat":[16,21],"product_tag":[],"class_list":{"0":"post-91246","1":"product","2":"type-product","3":"status-publish","4":"has-post-thumbnail","6":"product_cat-yuba-accessori","7":"product_cat-yuba","8":"product_shipping_class-accessori","10":"first","11":"instock","12":"shipping-taxable","13":"purchasable","14":"product-type-simple"},"gallery_images":[91248,91249],"meta_box":{"short_name":"Tavola Portapacchi Deck Fastrack","marketing_name":"","motore_for_biciclette":[],"biciclette_id":"","consegna":"","configurator":[],"single_page_group":[],"catalog_group":[]},"_links":{"self":[{"href":"https:\/\/donnobikes.com\/de\/wp-json\/wp\/v2\/product\/91246","targetHints":{"allow":["GET"]}}],"collection":[{"href":"https:\/\/donnobikes.com\/de\/wp-json\/wp\/v2\/product"}],"about":[{"href":"https:\/\/donnobikes.com\/de\/wp-json\/wp\/v2\/types\/product"}],"replies":[{"embeddable":true,"href":"https:\/\/donnobikes.com\/de\/wp-json\/wp\/v2\/comments?post=91246"}],"wp:featuredmedia":[{"embeddable":true,"href":"https:\/\/donnobikes.com\/de\/wp-json\/wp\/v2\/media\/91247"}],"wp:attachment":[{"href":"https:\/\/donnobikes.com\/de\/wp-json\/wp\/v2\/media?parent=91246"}],"wp:term":[{"taxonomy":"product_brand","embeddable":true,"href":"https:\/\/donnobikes.com\/de\/wp-json\/wp\/v2\/product_brand?post=91246"},{"taxonomy":"product_cat","embeddable":true,"href":"https:\/\/donnobikes.com\/de\/wp-json\/wp\/v2\/product_cat?post=91246"},{"taxonomy":"product_tag","embeddable":true,"href":"https:\/\/donnobikes.com\/de\/wp-json\/wp\/v2\/product_tag?post=91246"}],"curies":[{"name":"wp","href":"https:\/\/api.w.org\/{rel}","templated":true}]}}