{"id":91259,"date":"2023-06-05T13:02:20","date_gmt":"2023-06-05T11:02:20","guid":{"rendered":"https:\/\/new.donnobikes.com\/?post_type=product&#038;p=91259"},"modified":"2024-03-06T13:00:11","modified_gmt":"2024-03-06T12:00:11","slug":"erweiterungen-2-go-taschen-yuba","status":"publish","type":"product","link":"https:\/\/donnobikes.com\/de\/produkt\/erweiterungen-2-go-taschen-yuba\/","title":{"rendered":"Erweiterungen 2-Go Bags Yuba"},"content":{"rendered":"<h3>Kompatibel mit 2-Go Cargo Bags<\/h3>\n<p>Die 2-Go Bags Yuba Verl\u00e4ngerungen sind Clips, die an den 2-Go Cargo Bags des Spicy Curry Cargo Bikes befestigt werden, wenn der Carry-On montiert wird.<\/p>\n<p>Die Verwendung von 3 rechten und 3 linken Aufs\u00e4tzen erh\u00f6ht die Ladekapazit\u00e4t der beiden 2-Go Bags des 25%. Verwandeln Sie Ihr Spicy Curry-Lastenrad in ein Nutzfahrrad, indem Sie jeden noch so kleinen Platz auf dem Gep\u00e4cktr\u00e4ger ausnutzen!<\/p>\n<p>Die Installation des Carry-On ist notwendig, um die Clips f\u00fcr 2-Go Bags Yuba zu befestigen. Die Farbe der Clips kann je nach Verf\u00fcgbarkeit variieren (schwarz oder rot).<\/p>","protected":false},"excerpt":{"rendered":"<p>Compatibile con 2-Go Cargo Bags Le estensioni 2-Go Bags Yuba sono clip da attaccare alle borse 2-Go Cargo sulla cargo bike Spicy Curry quando monta il Carry-On. L&#8217;applicazione di 3 attacchi a destra e 3 a sinistra, aumenta la capacit\u00e0 di carico della coppia di borse 2-Go Bags del 25%. Trasforma la tua cargo bike [&hellip;]<\/p>\n","protected":false},"featured_media":91260,"comment_status":"closed","ping_status":"closed","template":"","meta":[],"product_brand":[],"product_cat":[16,21],"product_tag":[88],"class_list":{"0":"post-91259","1":"product","2":"type-product","3":"status-publish","4":"has-post-thumbnail","6":"product_cat-yuba-accessori","7":"product_cat-yuba","8":"product_tag-borsa","9":"product_shipping_class-accessori","11":"first","12":"instock","13":"shipping-taxable","14":"purchasable","15":"product-type-simple"},"gallery_images":[91147,91148,91149,91261],"meta_box":{"short_name":"Estensioni Borse 2-Go Cargo","marketing_name":"","motore_for_biciclette":[],"biciclette_id":"","consegna":"","configurator":[],"single_page_group":[],"catalog_group":[]},"_links":{"self":[{"href":"https:\/\/donnobikes.com\/de\/wp-json\/wp\/v2\/product\/91259","targetHints":{"allow":["GET"]}}],"collection":[{"href":"https:\/\/donnobikes.com\/de\/wp-json\/wp\/v2\/product"}],"about":[{"href":"https:\/\/donnobikes.com\/de\/wp-json\/wp\/v2\/types\/product"}],"replies":[{"embeddable":true,"href":"https:\/\/donnobikes.com\/de\/wp-json\/wp\/v2\/comments?post=91259"}],"wp:featuredmedia":[{"embeddable":true,"href":"https:\/\/donnobikes.com\/de\/wp-json\/wp\/v2\/media\/91260"}],"wp:attachment":[{"href":"https:\/\/donnobikes.com\/de\/wp-json\/wp\/v2\/media?parent=91259"}],"wp:term":[{"taxonomy":"product_brand","embeddable":true,"href":"https:\/\/donnobikes.com\/de\/wp-json\/wp\/v2\/product_brand?post=91259"},{"taxonomy":"product_cat","embeddable":true,"href":"https:\/\/donnobikes.com\/de\/wp-json\/wp\/v2\/product_cat?post=91259"},{"taxonomy":"product_tag","embeddable":true,"href":"https:\/\/donnobikes.com\/de\/wp-json\/wp\/v2\/product_tag?post=91259"}],"curies":[{"name":"wp","href":"https:\/\/api.w.org\/{rel}","templated":true}]}}