{"id":91335,"date":"2023-06-06T08:38:52","date_gmt":"2023-06-06T06:38:52","guid":{"rendered":"https:\/\/new.donnobikes.com\/?post_type=product&#038;p=91335"},"modified":"2024-03-06T13:00:05","modified_gmt":"2024-03-06T12:00:05","slug":"sitz-2b3-yuba","status":"publish","type":"product","link":"https:\/\/donnobikes.com\/de\/produkt\/sitz-2b3-yuba\/","title":{"rendered":"Kindersitz 2b3 Yuba"},"content":{"rendered":"<h3>Kompatibel mit Bamboo Box und Open Loader<\/h3>\n<p>2b3 Yuba ist ein kompletter Sitz, mit dem ein Kind sicher im vorderen Container des Yuba Supercargo Lastenrads mitfahren kann. Er wird vor dem Seat Kit installiert, mit der R\u00fcckseite zur Stra\u00dfe, so dass das Kind dem Fahrer zugewandt sitzt. Zugelassen f\u00fcr Kinder im Alter von 3 bis 7 Jahren.<\/p>\n<p>F\u00fcr die Installation sind das Grundbrett und die Bambusbox oder der offene Lader erforderlich, die separat erh\u00e4ltlich sind.<\/p>\n<p>Der 2b3-Sitz ist die perfekte Erg\u00e4nzung, um die Ladekapazit\u00e4t Ihres Supercargo zu optimieren! Er verf\u00fcgt \u00fcber eine konturierte R\u00fcckenlehne aus sto\u00dffestem und witterungsbest\u00e4ndigem Schaumstoff, einen 3-Punkt-Gurt, ein gepolstertes Mini-Soft-Spot-Kissen und alles, was Sie zum Einbau ben\u00f6tigen. Die Montage ist einfach, f\u00fcr die Montage auf dem Open Loader m\u00fcssen Sie jedoch die Anweisungen unter diesem Link befolgen.<\/p>","protected":false},"excerpt":{"rendered":"<p>Compatibile con Bamboo Box e Open Loader 2b3 Yuba \u00e8 un seggiolino completo che permette ad un bambino di viaggiare in tutta sicurezza nel contenitore frontale della cargo bike Supercargo di Yuba. Si installa di fronte al Seat Kit, con la schiena rivolta verso la strada, in modo che il bambino si sieda guardando il [&hellip;]<\/p>\n","protected":false},"featured_media":91336,"comment_status":"closed","ping_status":"closed","template":"","meta":[],"product_brand":[],"product_cat":[16,601,21],"product_tag":[],"class_list":{"0":"post-91335","1":"product","2":"type-product","3":"status-publish","4":"has-post-thumbnail","6":"product_cat-yuba-accessori","7":"product_cat-seggiolini-e-sedute","8":"product_cat-yuba","9":"product_shipping_class-accessori","11":"first","12":"instock","13":"shipping-taxable","14":"purchasable","15":"product-type-simple"},"gallery_images":[91337,91340,91341,91338,91339],"meta_box":{"short_name":"Seggiolino 2b3","marketing_name":"","motore_for_biciclette":[],"biciclette_id":"","consegna":"","configurator":[],"single_page_group":[],"catalog_group":[]},"_links":{"self":[{"href":"https:\/\/donnobikes.com\/de\/wp-json\/wp\/v2\/product\/91335","targetHints":{"allow":["GET"]}}],"collection":[{"href":"https:\/\/donnobikes.com\/de\/wp-json\/wp\/v2\/product"}],"about":[{"href":"https:\/\/donnobikes.com\/de\/wp-json\/wp\/v2\/types\/product"}],"replies":[{"embeddable":true,"href":"https:\/\/donnobikes.com\/de\/wp-json\/wp\/v2\/comments?post=91335"}],"wp:featuredmedia":[{"embeddable":true,"href":"https:\/\/donnobikes.com\/de\/wp-json\/wp\/v2\/media\/91336"}],"wp:attachment":[{"href":"https:\/\/donnobikes.com\/de\/wp-json\/wp\/v2\/media?parent=91335"}],"wp:term":[{"taxonomy":"product_brand","embeddable":true,"href":"https:\/\/donnobikes.com\/de\/wp-json\/wp\/v2\/product_brand?post=91335"},{"taxonomy":"product_cat","embeddable":true,"href":"https:\/\/donnobikes.com\/de\/wp-json\/wp\/v2\/product_cat?post=91335"},{"taxonomy":"product_tag","embeddable":true,"href":"https:\/\/donnobikes.com\/de\/wp-json\/wp\/v2\/product_tag?post=91335"}],"curies":[{"name":"wp","href":"https:\/\/api.w.org\/{rel}","templated":true}]}}