{"id":92921,"date":"2023-06-22T07:42:03","date_gmt":"2023-06-22T05:42:03","guid":{"rendered":"https:\/\/new.donnobikes.com\/?post_type=product&#038;p=92921"},"modified":"2024-06-12T07:25:39","modified_gmt":"2024-06-12T05:25:39","slug":"basil-buddy-hundekorb","status":"publish","type":"product","link":"https:\/\/donnobikes.com\/de\/produkt\/basil-buddy-hundekorb\/","title":{"rendered":"Basil Buddy Hundekorb"},"content":{"rendered":"<h3>Kompatibel mit allen Donno Bikes<\/h3>\n<p>Basil Buddy ist ein Hundekorb, ideal f\u00fcr den Transport von Kleintieren auf dem Fahrrad. Die ideale Wahl, die ihnen Platz w\u00e4hrend der Fahrt bietet, auch mit dem K\u00e4fig Stirnband auf. Perfekt f\u00fcr Tierarztbesuche oder um den Hund in den Park zu bringen. Er hat ein modernes Design und ist mit den meisten Fahrradrahmen, einschlie\u00dflich Elektrofahrr\u00e4dern, kompatibel.<\/p>\n<ul>\n<li>Abmessungen 45 x 33 x 22 cm.<\/li>\n<li>Hergestellt aus Kunststoff.<\/li>\n<li>Mit gepolstertem Kissen und Gurt zur Sicherung Ihres vierbeinigen Freundes.<\/li>\n<li>Basil Reflective Elastic Keep in Place.<\/li>\n<li>MIK-System, verstellbare Kupplung, die an den meisten Heck- oder Frontgep\u00e4cktr\u00e4gern mit einer Breite zwischen 10 cm und 17 cm befestigt werden kann.<\/li>\n<\/ul>","protected":false},"excerpt":{"rendered":"<p>Compatibile con tutte le biciclette Donno Bikes Basil Buddy \u00e8 un cesto per cani, ideale per trasportare animali di piccola taglia in bicicletta. La scelta ideale che offre loro spazio durante la corsa, anche con l&#8217;archetto a gabbietta inserito. Perfetto per le visite dal veterinario o per portare il cane al parco. Ha un design [&hellip;]<\/p>\n","protected":false},"featured_media":92922,"comment_status":"open","ping_status":"closed","template":"","meta":[],"product_brand":[],"product_cat":[23],"product_tag":[],"class_list":{"0":"post-92921","1":"product","2":"type-product","3":"status-publish","4":"has-post-thumbnail","6":"product_cat-accessori-vari","7":"product_shipping_class-accessori","9":"first","10":"outofstock","11":"shipping-taxable","12":"purchasable","13":"product-type-simple"},"gallery_images":[92923,92924,92926,92927,92928,92930,92940],"meta_box":{"short_name":"Cesto per cani Basil Buddy","marketing_name":"","motore_for_biciclette":[],"biciclette_id":"","consegna":"","configurator":[],"single_page_group":[],"catalog_group":[]},"_links":{"self":[{"href":"https:\/\/donnobikes.com\/de\/wp-json\/wp\/v2\/product\/92921","targetHints":{"allow":["GET"]}}],"collection":[{"href":"https:\/\/donnobikes.com\/de\/wp-json\/wp\/v2\/product"}],"about":[{"href":"https:\/\/donnobikes.com\/de\/wp-json\/wp\/v2\/types\/product"}],"replies":[{"embeddable":true,"href":"https:\/\/donnobikes.com\/de\/wp-json\/wp\/v2\/comments?post=92921"}],"wp:featuredmedia":[{"embeddable":true,"href":"https:\/\/donnobikes.com\/de\/wp-json\/wp\/v2\/media\/92922"}],"wp:attachment":[{"href":"https:\/\/donnobikes.com\/de\/wp-json\/wp\/v2\/media?parent=92921"}],"wp:term":[{"taxonomy":"product_brand","embeddable":true,"href":"https:\/\/donnobikes.com\/de\/wp-json\/wp\/v2\/product_brand?post=92921"},{"taxonomy":"product_cat","embeddable":true,"href":"https:\/\/donnobikes.com\/de\/wp-json\/wp\/v2\/product_cat?post=92921"},{"taxonomy":"product_tag","embeddable":true,"href":"https:\/\/donnobikes.com\/de\/wp-json\/wp\/v2\/product_tag?post=92921"}],"curies":[{"name":"wp","href":"https:\/\/api.w.org\/{rel}","templated":true}]}}