{"id":93065,"date":"2023-06-24T12:30:44","date_gmt":"2023-06-24T10:30:44","guid":{"rendered":"https:\/\/new.donnobikes.com\/?post_type=product&#038;p=93065"},"modified":"2024-11-18T10:51:29","modified_gmt":"2024-11-18T09:51:29","slug":"ahooga-klappradkoffer","status":"publish","type":"product","link":"https:\/\/donnobikes.com\/de\/produkt\/ahooga-klappradkoffer\/","title":{"rendered":"Ahooga Klappradkoffer"},"content":{"rendered":"<h3>Kompatibel mit allen faltbaren Ahooga-Modellen<\/h3>\n<p>Der Ahooga Klappradkoffer ist:<\/p>\n<ul>\n<li>Gemacht<span class=\"a-list-item\"> aus 210D Ripstop-Nylon, leicht, strapazierf\u00e4hig und wasserabweisend. <\/span><\/li>\n<li><span class=\"a-list-item\">N\u00fctzlich f\u00fcr die Aufbewahrung zu Hause oder in der Garage, aber auch im Falle von schlechtem Wetter w\u00e4hrend des Rennens. <\/span><\/li>\n<li><span class=\"a-list-item\">Wenn der Koffer montiert ist, kann das Citybike dank des intelligenten Scharniers hochgehoben und transportiert werden.<\/span><\/li>\n<li>Die Tasche wird in einer kompakten Satteltasche aufbewahrt, die im Lieferumfang enthalten ist und an der Sattelst\u00fctze befestigt getragen werden kann, wo sie auch bei zusammengeklapptem Fahrrad verbleiben kann.<\/li>\n<\/ul>","protected":false},"excerpt":{"rendered":"<p>Compatibile con tutti i modelli Ahooga pieghevoli La custodia per bici pieghevoli Ahooga \u00e8: Realizzata in nylon ripstop 210D, leggero, resistente ed idrorepellente. Utile per riporla in casa o in garage, ma anche in caso di maltempo durante la corsa. Quando la custodia \u00e8 montata, la city bike pu\u00f2 essere sollevata e trasportata grazie alla [&hellip;]<\/p>\n","protected":false},"featured_media":93066,"comment_status":"closed","ping_status":"closed","template":"","meta":[],"product_brand":[],"product_cat":[78],"product_tag":[88],"class_list":{"0":"post-93065","1":"product","2":"type-product","3":"status-publish","4":"has-post-thumbnail","6":"product_cat-ahooga-accessori","7":"product_tag-borsa","8":"product_shipping_class-accessori","10":"first","11":"outofstock","12":"shipping-taxable","13":"purchasable","14":"product-type-simple"},"gallery_images":[93067,93068,93071,93069,93070],"meta_box":{"short_name":"Custodia per bici pieghevoli","marketing_name":"","motore_for_biciclette":[],"biciclette_id":"","consegna":"","configurator":[],"single_page_group":[],"catalog_group":[]},"_links":{"self":[{"href":"https:\/\/donnobikes.com\/de\/wp-json\/wp\/v2\/product\/93065","targetHints":{"allow":["GET"]}}],"collection":[{"href":"https:\/\/donnobikes.com\/de\/wp-json\/wp\/v2\/product"}],"about":[{"href":"https:\/\/donnobikes.com\/de\/wp-json\/wp\/v2\/types\/product"}],"replies":[{"embeddable":true,"href":"https:\/\/donnobikes.com\/de\/wp-json\/wp\/v2\/comments?post=93065"}],"wp:featuredmedia":[{"embeddable":true,"href":"https:\/\/donnobikes.com\/de\/wp-json\/wp\/v2\/media\/93066"}],"wp:attachment":[{"href":"https:\/\/donnobikes.com\/de\/wp-json\/wp\/v2\/media?parent=93065"}],"wp:term":[{"taxonomy":"product_brand","embeddable":true,"href":"https:\/\/donnobikes.com\/de\/wp-json\/wp\/v2\/product_brand?post=93065"},{"taxonomy":"product_cat","embeddable":true,"href":"https:\/\/donnobikes.com\/de\/wp-json\/wp\/v2\/product_cat?post=93065"},{"taxonomy":"product_tag","embeddable":true,"href":"https:\/\/donnobikes.com\/de\/wp-json\/wp\/v2\/product_tag?post=93065"}],"curies":[{"name":"wp","href":"https:\/\/api.w.org\/{rel}","templated":true}]}}