{"id":93649,"date":"2023-07-13T03:17:32","date_gmt":"2023-07-13T01:17:32","guid":{"rendered":"https:\/\/new.donnobikes.com\/?post_type=product&#038;p=93649"},"modified":"2025-10-22T12:08:42","modified_gmt":"2025-10-22T10:08:42","slug":"ahooga-analog-0v","status":"publish","type":"product","link":"https:\/\/donnobikes.com\/de\/produkt\/ahooga-analog-0v\/","title":{"rendered":"Ahooga Analog 0V"},"content":{"rendered":"<div class=\"uncode_text_column\">\n<div class=\"uncode_text_column\">\n<h2>Das leichteste City-Faltrad auf dem Markt!<\/h2>\n<p class=\"_04xlpA direction-ltr align-start para-style-body\">Das Ahooga Analog 0V ist ein kompaktes und ultraleichtes Klapprad. Wie jedes Ahooga-Faltrad unterscheidet es sich durch seine Faltgeschwindigkeit und die hohe Festigkeit seines Rahmens. Ein dreieckiger Rahmen, ohne Scharniere, der w\u00e4hrend aller Faltphasen in einem St\u00fcck bleibt. Das patentierte \"Double Triangle Twin Tube\" von Ahooga verbessert das Fahrgef\u00fchl, da sich der Rahmen beim Treten nicht mehr durchbiegt. Und es sorgt daf\u00fcr, dass er nicht an den Scharnieren bricht, wie es normalerweise bei Klapprahmen der Fall ist. Qualit\u00e4t und Leistung des Ahooga Analog 0V wurden 2018 und 2021 mit dem Red Dot Design Award ausgezeichnet.<\/p>\n<p><strong>Superleicht. <\/strong>Das muskelbetriebene Ahooga Active 24V ist unisex, stabil und komfortabel und dabei extrem leicht. Das faltbare Citybike wiegt nur 12 kg, viel weniger als Ihr Urlaubskoffer!<\/p>\n<p><strong>Zwei Stufen der Faltung.<\/strong> In 2 Sekunden ist er in der H\u00e4lfte zusammengeklappt und kann auf R\u00e4dern wie ein Trolley transportiert werden. In 10 Sekunden ist er komplett zusammengeklappt und misst nur noch 85 x 36 x 70 cm. Sie k\u00f6nnen ihn leicht von der U-Bahn in die Bar, vom B\u00fcro in den Bus, vom Zug in Ihr Wohnzimmer mitnehmen.<\/p>\n<\/div>\n<p><strong>Drei Varianten<\/strong>. Beide Modelle bieten 3 Ausstattungsvarianten f\u00fcr unterschiedliche Komfortstufen und pers\u00f6nlichen Geschmack. Essential verf\u00fcgt \u00fcber einen Ledersattel mit Cro-Mo-Noppen, Griffe aus Kork und schwarzem Gummi sowie Pedale aus schwarzem Gummi. Comfort Plus ist ganz in Schwarz gehalten und verf\u00fcgt \u00fcber einen schwarzen Ledersattel mit Cro-Mo-Noppen, ergonomische Griffe und schwarze Gummipedale. Style Plus zeichnet sich durch die Verwendung von hochwertigen Komponenten wie einem Ledersattel mit Cro-Mo-Schienen und anatomischem Sitz, ergonomischen Korkgriffen und klappbaren Metallpedalen aus.<\/p>\n<\/div>","protected":false},"excerpt":{"rendered":"<p>Ohne Motor (muskul\u00f6s) - Farbe White Sunrise - Griffe aus Kork und schwarzem Gummi - Ledersattel mit Cro-Mo-Spikes und Federn<\/p>","protected":false},"featured_media":92892,"comment_status":"open","ping_status":"closed","template":"","meta":[],"product_brand":[],"product_cat":[73,33,592,594,618],"product_tag":[69,36,65,76],"class_list":{"0":"post-93649","1":"product","2":"type-product","3":"status-publish","4":"has-post-thumbnail","6":"product_cat-ahooga","7":"product_cat-biciclette","8":"product_cat-biciclette-muscolari","9":"product_cat-catalogo","10":"product_cat-black-friday","11":"product_tag-city-bike","12":"product_tag-e-bike","13":"product_tag-muscolare","14":"product_tag-pieghevole","15":"product_shipping_class-bicicletta","17":"first","18":"instock","19":"shipping-taxable","20":"purchasable","21":"product-type-variable","22":"has-default-attributes"},"gallery_images":[92899,92898,92896,92894,92897,92895],"meta_box":{"short_name":"","marketing_name":"AHOOGA ANALOG 0V","motore_for_biciclette":[],"biciclette_id":"93664","consegna":"","configurator":[],"single_page_group":{"video_group":[{"link_video":"https:\/\/www.youtube.com\/watch?v=33ytiZCZL48","title":"Eine einzigartige Kombination von Merkmalen","preheader":"Vivi la citt\u00e0 a 360\u00b0 con una bici pieghevole ibrida!","preview":"93624"},{"link_video":"https:\/\/www.youtube.com\/watch?v=LuY5tFZWRTI","title":"Alles, was man von einem Faltrad verlangen kann","preheader":"Puoi portarla ovunque. Ti trasporta ovunque.","preview":"93626"},{"link_video":"https:\/\/www.youtube.com\/watch?v=O_keK6x07GQ","title":"T\u00e4glicher Lebensstil","preheader":"Una bici pieghevole che rivoluzione la mobilit\u00e0 urbana","preview":"93627"},{"link_video":"https:\/\/www.youtube.com\/watch?v=QulW34GeHO8","title":"Aus unserem Workshop","preheader":"Come si piega e si rimonta Ahooga Folding","preview":"93628"}],"galleria_fotografica":{"image":["93666","93667","93668","93669","93670","93671"],"galleria_banner":["92627","92628","93672","92630"]},"versatilita":{"title":"AHOOGA ANALOG 0V. NEUE GENERATION U-TILITY BIKE.","desc":"Ahooga Analog 0V \u00e8 la city bike ideale per single e pendolari. Ma non solo. Consente di andare al lavoro anche su lunghe distanze, con una combinazione di mezzi pubblici e corsa in bici. Ideale anche per affrontare qualunque improvviso cambio di clima. Ma questa city bike pieghevole offre soluzioni sorprendenti grazie al suo portapacchi e agli accessori da manubrio. Se pensavi che con una bicicletta pieghevole non fosse possibile trasportare piccoli carichi, Ahooga Analog 0V cambier\u00e0 il tuo modo di guardare il mondo delle city bike.","versatilita_group":[{"image":"93674","desc":"Senza accessori \u00e8 una pieghevole ultraleggera, che si differenzia per la resistenza del suo telaio grazie all'assenza di cerniere e per la sua velocit\u00e0 di piegatura."},{"image":"93679","desc":"Portapacchi posteriore con portata fino a 20kg per agganciare cestini e assicurare pesi, consente di trasportare carichi quotidiani. Un accessorio sorprendente per una pieghevole."},{"image":"93673","desc":"Compatible con Yepp, Qibbel e la maggior parte dei seggiolini disponibili sul mercato. Puoi portare un bambino in sicurezza entro i 20kg incluso il peso del seggiolino."},{"image":"93680","desc":"Porta una sacca, un pallone, un pacchetto e altri carichi. Con il supporto VarioRack pu\u00f2 trasportare fino a 7kg. Le sue cinghie assicurano il carico."},{"image":"93676","desc":"Porta 2 borse fino a 25 litri agganciate al portapacchi. In combinazione con una borsa sul supporto VarioRack trasporta tutto quello che serve."},{"image":"93675","desc":"Trasporta capienti borse laterali e uno zaino da agganciare al manubrio, da portare in spalla quando la corsa \u00e8 terminata. Ideale per studenti e pendolari."},{"image":"93677","desc":"Porta in sicurezza un animale domestico di piccola taglia con il trasportino agganciabile al manubrio o al portapacchi, per andare al parco o dal veterinario."},{"image":"93678","desc":"Raddoppia con un animale di piccola taglia nel trasportino e un bambino nel seggiolino. L'unico limite \u00e8 la portata massima di 105kg incluso il ciclista."},{"image":"89498"}]},"edition":"0"},"catalog_group":{"quote":"3 COLORI \/ 3 VARIANTI","text":"La city bike pieghevole muscolare pi\u00f9 leggera sul mercato e dal telaio indistruttibile! ","vuoi":"Una bicicletta pieghevole che sia un piacere guidare e sia tua alleata nel fitness, che puoi portare ovunque come un trolley o leggerissima da trasportare a mano. Una city bike che puoi personalizzare nei dettagli del comfort e faccia girare le teste quando passi per la strada!"}},"_links":{"self":[{"href":"https:\/\/donnobikes.com\/de\/wp-json\/wp\/v2\/product\/93649","targetHints":{"allow":["GET"]}}],"collection":[{"href":"https:\/\/donnobikes.com\/de\/wp-json\/wp\/v2\/product"}],"about":[{"href":"https:\/\/donnobikes.com\/de\/wp-json\/wp\/v2\/types\/product"}],"replies":[{"embeddable":true,"href":"https:\/\/donnobikes.com\/de\/wp-json\/wp\/v2\/comments?post=93649"}],"wp:featuredmedia":[{"embeddable":true,"href":"https:\/\/donnobikes.com\/de\/wp-json\/wp\/v2\/media\/92892"}],"wp:attachment":[{"href":"https:\/\/donnobikes.com\/de\/wp-json\/wp\/v2\/media?parent=93649"}],"wp:term":[{"taxonomy":"product_brand","embeddable":true,"href":"https:\/\/donnobikes.com\/de\/wp-json\/wp\/v2\/product_brand?post=93649"},{"taxonomy":"product_cat","embeddable":true,"href":"https:\/\/donnobikes.com\/de\/wp-json\/wp\/v2\/product_cat?post=93649"},{"taxonomy":"product_tag","embeddable":true,"href":"https:\/\/donnobikes.com\/de\/wp-json\/wp\/v2\/product_tag?post=93649"}],"curies":[{"name":"wp","href":"https:\/\/api.w.org\/{rel}","templated":true}]}}