{"id":93914,"date":"2023-08-31T14:07:28","date_gmt":"2023-08-31T12:07:28","guid":{"rendered":"https:\/\/donnobikes.com\/?post_type=product&#038;p=93914"},"modified":"2025-02-27T16:44:09","modified_gmt":"2025-02-27T15:44:09","slug":"ego-bewegung-skarabaus-2","status":"publish","type":"product","link":"https:\/\/donnobikes.com\/de\/produkt\/ego-bewegung-skarabaus-2\/","title":{"rendered":"Ego-Bewegung Skarab\u00e4us"},"content":{"rendered":"<h2>Das Elektrofahrrad der neuen Generation<\/h2>\n<p>Das Scarabeo, ist ein Elektrofahrrad der neuen Generation. Die neueste Kreation von EGO Movement. Sein Design ist jung und dynamisch und mit einem Gewicht von nur 18,5 kg ist das Scarabeo besonders leicht und in jeder Situation einfach zu handhaben. Daf\u00fcr sorgen Schweizer Pr\u00e4zision und durchdachte Details wie reflektierende Oberfl\u00e4chen, die bei Tageslicht unsichtbar sind, bei Nacht leuchten und Sicherheit garantieren, ein leistungsstarker 250-W-Heckmotor und eine 350-Wh-Lithium-Batterie mit einer Reichweite von bis zu 50-60 km.<\/p>\n<p>Das saubere Finish der dunkelgrauen Farbe und das gl\u00e4nzende Mitternachtsblau mit seiner mystischen Reflexion, die an den Panzer des Skarab\u00e4us erinnert, sind ein echter Blickfang. Zum ersten Mal ist die EGO-App serienm\u00e4\u00dfig integriert und dank der praktischen Halterung kann das Telefon einfach am Fahrrad befestigt werden, um das Scarabeo mit Leichtigkeit durch die Stadt zu f\u00fchren. Ihr Telefon wird zum Echtzeit-Dashboard, das Sie w\u00e4hrend der Fahrt nutzen k\u00f6nnen, um den \u00dcberblick und die Perspektive zu behalten.<\/p>","protected":false},"excerpt":{"rendered":"<p>Blau<\/p>","protected":false},"featured_media":96117,"comment_status":"open","ping_status":"closed","template":"","meta":[],"product_brand":[],"product_cat":[33,526,591],"product_tag":[],"class_list":{"0":"post-93914","1":"product","2":"type-product","3":"status-publish","4":"has-post-thumbnail","6":"product_cat-biciclette","7":"product_cat-city-bike","8":"product_cat-e-bike","9":"product_shipping_class-bicicletta","11":"first","12":"instock","13":"sold-individually","14":"shipping-taxable","15":"purchasable","16":"product-type-simple"},"gallery_images":[96118,96119,96120],"meta_box":{"short_name":"","marketing_name":"EGO MOVEMENT SCARABEO","motore_for_biciclette":[],"biciclette_id":"93952","consegna":"","configurator":[],"single_page_group":{"galleria_fotografica":{"galleria_banner":["93926"]},"fotogallery_sync":"94082"},"catalog_group":{"quote":"2 colori","text":"La Scarabeo, \u00e8 una bicicletta elettrica di nuova generazione. Il suo design \u00e8 giovane e dinamico e con un peso di soli 18,5 kg"}},"_links":{"self":[{"href":"https:\/\/donnobikes.com\/de\/wp-json\/wp\/v2\/product\/93914","targetHints":{"allow":["GET"]}}],"collection":[{"href":"https:\/\/donnobikes.com\/de\/wp-json\/wp\/v2\/product"}],"about":[{"href":"https:\/\/donnobikes.com\/de\/wp-json\/wp\/v2\/types\/product"}],"replies":[{"embeddable":true,"href":"https:\/\/donnobikes.com\/de\/wp-json\/wp\/v2\/comments?post=93914"}],"wp:featuredmedia":[{"embeddable":true,"href":"https:\/\/donnobikes.com\/de\/wp-json\/wp\/v2\/media\/96117"}],"wp:attachment":[{"href":"https:\/\/donnobikes.com\/de\/wp-json\/wp\/v2\/media?parent=93914"}],"wp:term":[{"taxonomy":"product_brand","embeddable":true,"href":"https:\/\/donnobikes.com\/de\/wp-json\/wp\/v2\/product_brand?post=93914"},{"taxonomy":"product_cat","embeddable":true,"href":"https:\/\/donnobikes.com\/de\/wp-json\/wp\/v2\/product_cat?post=93914"},{"taxonomy":"product_tag","embeddable":true,"href":"https:\/\/donnobikes.com\/de\/wp-json\/wp\/v2\/product_tag?post=93914"}],"curies":[{"name":"wp","href":"https:\/\/api.w.org\/{rel}","templated":true}]}}