{"id":93928,"date":"2023-08-31T14:50:17","date_gmt":"2023-08-31T12:50:17","guid":{"rendered":"https:\/\/donnobikes.com\/?post_type=product&#038;p=93928"},"modified":"2025-02-27T16:44:09","modified_gmt":"2025-02-27T15:44:09","slug":"ego-bewegung-jane","status":"publish","type":"product","link":"https:\/\/donnobikes.com\/de\/produkt\/ego-bewegung-jane\/","title":{"rendered":"Ego-Bewegung Jane"},"content":{"rendered":"<h2>der ideale Begleiter f\u00fcr die Entdeckung neuer Horizonte<\/h2>\n<p>Unsere abenteuerlustige Jane mit ihrem schlichten Aluminium-Trapezrahmen und der bequemen Sitzposition ist der ideale Begleiter, um regelm\u00e4\u00dfig und problemlos sowohl das Land als auch die Stadt zu erkunden und neue Horizonte zu entdecken.<\/p>\n<p>Dank der elektrischen Unterst\u00fctzung bis zu 25 km\/h, dem neuen ultrastarken Bafang MTB-Mittelmotor mit 95 Nm Drehmoment und unserem bisher gr\u00f6\u00dften 672-Wh-Akku nimmt Jane wirklich jede Herausforderung mit einem strahlenden L\u00e4cheln im Gesicht an. Steile Waldwege, der Gro\u00dfstadtdschungel und Strecken von bis zu 110-120 km werden mit Jane zum t\u00e4glichen Vergn\u00fcgen.<\/p>\n<p>Jane ist mit LED-Lichtern, die sich bei D\u00e4mmerung automatisch einschalten, vorne und hinten sowie einem Bremslicht ausgestattet. Neben weiteren hochwertigen Komponenten wie dem Kettenumwerfer verf\u00fcgt es \u00fcber hydraulische Scheibenbremsen mit 180 mm Durchmesser und eine Federgabel mit 80 mm Federweg.<\/p>\n<p>Neben den Gel\u00e4ndereifen, mit denen Jane serienm\u00e4\u00dfig ausgestattet ist, sind auch Stra\u00dfenreifen oder andere Optionen wie eine sto\u00dfd\u00e4mpfende Sattelst\u00fctze oder verschiedene Arten von K\u00f6rben erh\u00e4ltlich.<\/p>","protected":false},"excerpt":{"rendered":"<p>Schwarz<\/p>","protected":false},"featured_media":93966,"comment_status":"open","ping_status":"closed","template":"","meta":[],"product_brand":[],"product_cat":[33,526,591],"product_tag":[],"class_list":{"0":"post-93928","1":"product","2":"type-product","3":"status-publish","4":"has-post-thumbnail","6":"product_cat-biciclette","7":"product_cat-city-bike","8":"product_cat-e-bike","9":"product_shipping_class-bicicletta","10":"pa_canna-low-step","11":"pa_canna-unisex","13":"first","14":"outofstock","15":"shipping-taxable","16":"purchasable","17":"product-type-variable","18":"has-default-attributes"},"gallery_images":[93970,93971,93967],"meta_box":{"short_name":"","marketing_name":"EGO MOVEMENT JANE","motore_for_biciclette":[],"biciclette_id":"93953","consegna":"","configurator":[],"single_page_group":{"video_group":[{"link_video":"https:\/\/www.youtube.com\/watch?v=dZml-w3IovQ&ab_channel=DonnoBikes","title":"EGO-BEWEGUNG JANE | MERKMALE","preview":"94243"}],"galleria_fotografica":{"image":["93984","93980","93981","93983","95378","95379"],"galleria_banner":["93926"]},"fotogallery_sync":"94008"},"catalog_group":{"quote":"2 colori","text":"Una bicicletta \u00e8 l'ideale compagna per esplorare regolarmente e senza problemi sia la campagna che la citt\u00e0, scoprendo cos\u00ec nuovi orizzonti."}},"_links":{"self":[{"href":"https:\/\/donnobikes.com\/de\/wp-json\/wp\/v2\/product\/93928","targetHints":{"allow":["GET"]}}],"collection":[{"href":"https:\/\/donnobikes.com\/de\/wp-json\/wp\/v2\/product"}],"about":[{"href":"https:\/\/donnobikes.com\/de\/wp-json\/wp\/v2\/types\/product"}],"replies":[{"embeddable":true,"href":"https:\/\/donnobikes.com\/de\/wp-json\/wp\/v2\/comments?post=93928"}],"wp:featuredmedia":[{"embeddable":true,"href":"https:\/\/donnobikes.com\/de\/wp-json\/wp\/v2\/media\/93966"}],"wp:attachment":[{"href":"https:\/\/donnobikes.com\/de\/wp-json\/wp\/v2\/media?parent=93928"}],"wp:term":[{"taxonomy":"product_brand","embeddable":true,"href":"https:\/\/donnobikes.com\/de\/wp-json\/wp\/v2\/product_brand?post=93928"},{"taxonomy":"product_cat","embeddable":true,"href":"https:\/\/donnobikes.com\/de\/wp-json\/wp\/v2\/product_cat?post=93928"},{"taxonomy":"product_tag","embeddable":true,"href":"https:\/\/donnobikes.com\/de\/wp-json\/wp\/v2\/product_tag?post=93928"}],"curies":[{"name":"wp","href":"https:\/\/api.w.org\/{rel}","templated":true}]}}