{"id":93929,"date":"2023-08-31T14:50:37","date_gmt":"2023-08-31T12:50:37","guid":{"rendered":"https:\/\/donnobikes.com\/?post_type=product&#038;p=93929"},"modified":"2025-02-27T16:44:09","modified_gmt":"2025-02-27T15:44:09","slug":"ego-bewegung-julia-2","status":"publish","type":"product","link":"https:\/\/donnobikes.com\/de\/produkt\/ego-bewegung-julia-2\/","title":{"rendered":"Ego-Bewegung Julia"},"content":{"rendered":"<h2>der ideale Begleiter f\u00fcr die Entdeckung neuer Horizonte<\/h2>\n<p>Mit dem markanten und praktischen Alu-Flachprofilrahmen und der bequemen aufrechten Sitzposition ist unsere Julia die ideale Begleiterin, um schnell und cool zur Arbeit zu kommen, durch die Natur zu fahren oder abends bequem und ohne Parkplatzsuche das Restaurant zu erreichen. Dank der elektrischen Unterst\u00fctzung von bis zu 25 km\/h und dem leistungsstarken 250 W Bafang-Mittelmotor mit Drehmomentsensor meistert Julia auch steile Anstiege ohne Probleme. Mit dem gro\u00dfen 504-Wh-Akku k\u00f6nnen Autonomien von bis zu 80 km erreicht werden, was die Freiheit bietet, auch l\u00e4ngere Strecken problemlos zur\u00fcckzulegen.<\/p>\n<p>Neben einem Bremslicht ist Julia mit LED-Leuchten ausgestattet, die sich bei D\u00e4mmerung vorne und hinten automatisch einschalten, sowie mit weiteren hochwertigen Komponenten wie einer einfach zu bedienenden mechanischen Nabenschaltung, effektiven Scheibenbremsen und breiten Reifen. Dar\u00fcber hinaus sind Optionen wie eine sto\u00dfd\u00e4mpfende Gabel f\u00fcr Fahrten im Gel\u00e4nde, ein vorderer Korb mit Holzboden, ein hinterer Korb in der Farbe des Rahmens oder Vorh\u00e4ngeschl\u00f6sser in unseren Gesch\u00e4ften erh\u00e4ltlich.<\/p>","protected":false},"excerpt":{"rendered":"<p>Schwarz<\/p>","protected":false},"featured_media":93959,"comment_status":"open","ping_status":"closed","template":"","meta":[],"product_brand":[],"product_cat":[591,33,526],"product_tag":[],"class_list":{"0":"post-93929","1":"product","2":"type-product","3":"status-publish","4":"has-post-thumbnail","6":"product_cat-e-bike","7":"product_cat-biciclette","8":"product_cat-city-bike","9":"product_shipping_class-bicicletta","11":"first","12":"outofstock","13":"shipping-taxable","14":"purchasable","15":"product-type-variable","16":"has-default-attributes"},"gallery_images":[93960,93961,93962],"meta_box":{"short_name":"","marketing_name":"EGO MOVEMENT JULIA","motore_for_biciclette":[],"biciclette_id":"93954","consegna":"","configurator":[],"single_page_group":{"video_group":[{"link_video":"https:\/\/www.youtube.com\/watch?v=vJZR3jnaatU&ab_channel=DonnoBikes","title":"Ego Movement Julia \/\/ Das perfekte E-Bike f\u00fcr die Stadt","preview":"94108"}],"galleria_fotografica":{"galleria_banner":["93926"]},"fotogallery_sync":"94044"},"catalog_group":{"quote":"2 colori","text":"Una bicicletta \u00e8 l'ideale compagna per esplorare regolarmente e senza problemi sia la campagna che la citt\u00e0, scoprendo cos\u00ec nuovi orizzonti."}},"_links":{"self":[{"href":"https:\/\/donnobikes.com\/de\/wp-json\/wp\/v2\/product\/93929","targetHints":{"allow":["GET"]}}],"collection":[{"href":"https:\/\/donnobikes.com\/de\/wp-json\/wp\/v2\/product"}],"about":[{"href":"https:\/\/donnobikes.com\/de\/wp-json\/wp\/v2\/types\/product"}],"replies":[{"embeddable":true,"href":"https:\/\/donnobikes.com\/de\/wp-json\/wp\/v2\/comments?post=93929"}],"wp:featuredmedia":[{"embeddable":true,"href":"https:\/\/donnobikes.com\/de\/wp-json\/wp\/v2\/media\/93959"}],"wp:attachment":[{"href":"https:\/\/donnobikes.com\/de\/wp-json\/wp\/v2\/media?parent=93929"}],"wp:term":[{"taxonomy":"product_brand","embeddable":true,"href":"https:\/\/donnobikes.com\/de\/wp-json\/wp\/v2\/product_brand?post=93929"},{"taxonomy":"product_cat","embeddable":true,"href":"https:\/\/donnobikes.com\/de\/wp-json\/wp\/v2\/product_cat?post=93929"},{"taxonomy":"product_tag","embeddable":true,"href":"https:\/\/donnobikes.com\/de\/wp-json\/wp\/v2\/product_tag?post=93929"}],"curies":[{"name":"wp","href":"https:\/\/api.w.org\/{rel}","templated":true}]}}