{"id":94245,"date":"2023-10-24T10:49:54","date_gmt":"2023-10-24T08:49:54","guid":{"rendered":"https:\/\/donnobikes.com\/?post_type=product&#038;p=94245"},"modified":"2026-02-07T16:04:04","modified_gmt":"2026-02-07T15:04:04","slug":"rechteckiger-beifahrergriff","status":"publish","type":"product","link":"https:\/\/donnobikes.com\/de\/produkt\/rechteckiger-beifahrergriff\/","title":{"rendered":"Rechteckiger Beifahrergriff"},"content":{"rendered":"<h3>Kompatibel mit InBicy, Kombi, Mundo und Ahooga Modular<\/h3>\n<p>Sind Sie auf der Suche nach einem unverzichtbaren Accessoire, das jede Fahrradtour f\u00fcr Sie und Ihre Mitfahrer komfortabler und sicherer macht und dabei qualitativ hochwertig und erschwinglich ist? Das ist der rechteckige Griff!<\/p>\n<p><strong>Warum der rechteckige Griff?<\/strong><\/p>\n<ul>\n<li><strong>Wirtschaftlich:<\/strong> Es bietet ein hervorragendes Preis-Leistungs-Verh\u00e4ltnis und ist somit f\u00fcr jedermann erschwinglich.<\/li>\n<li><strong>Abmessungen:<\/strong> 23 cm x 20 cm, die ausreichend Platz f\u00fcr einen bequemen und sicheren Griff bieten.<\/li>\n<li><strong>Hochwertiges Material:<\/strong> Er ist aus hochwertigem, verschlei\u00dffestem Aluminium gefertigt und garantiert eine lange Lebensdauer.<\/li>\n<li><strong>Einfach zu installieren:<\/strong> Er wird in Sekundenschnelle mit Schrauben und Bolzen \u00fcber dem Gep\u00e4cktr\u00e4ger befestigt, ohne Komplikationen.<\/li>\n<\/ul>\n<p>Mit dem rechteckigen Beifahrergriff verleihen Sie Ihrem Lastenfahrrad eine besondere Note und bieten Ihren Passagieren Sicherheit und Komfort, ohne Ihr Budget zu belasten!<\/p>","protected":false},"excerpt":{"rendered":"<p>Compatibile con InBicy, Kombi, Mundo e Ahooga Modulare Cerchi l&#8217;accessorio essenziale che renda\u00a0 ogni viaggio in bicicletta pi\u00f9 comodo e sicuro per te e i tuoi passeggeri con una scelta di qualit\u00e0 ma economica? Ti presento la maniglia rettangolare! Perch\u00e9 scegliere la Maniglia Rettangolare? Economica: Offre un ottimo rapporto qualit\u00e0-prezzo, rendendo l&#8217;accessorio accessibile a tutti. [&hellip;]<\/p>\n","protected":false},"featured_media":94246,"comment_status":"open","ping_status":"closed","template":"","meta":[],"product_brand":[],"product_cat":[522,641,640,639,23],"product_tag":[],"class_list":{"0":"post-94245","1":"product","2":"type-product","3":"status-publish","4":"has-post-thumbnail","6":"product_cat-accessori","7":"product_cat-inbicy-flashswitch-seduta-e-carico-posteriore-2","8":"product_cat-inbicy-supernova-seduta-e-carico-posteriore-2","9":"product_cat-seduta-e-carico-posteriore-2","10":"product_cat-accessori-vari","11":"product_shipping_class-accessori","13":"first","14":"instock","15":"shipping-taxable","16":"purchasable","17":"product-type-simple"},"gallery_images":[],"meta_box":{"short_name":"","marketing_name":"","motore_for_biciclette":[],"biciclette_id":"","consegna":"","configurator":[],"single_page_group":[],"catalog_group":[]},"_links":{"self":[{"href":"https:\/\/donnobikes.com\/de\/wp-json\/wp\/v2\/product\/94245","targetHints":{"allow":["GET"]}}],"collection":[{"href":"https:\/\/donnobikes.com\/de\/wp-json\/wp\/v2\/product"}],"about":[{"href":"https:\/\/donnobikes.com\/de\/wp-json\/wp\/v2\/types\/product"}],"replies":[{"embeddable":true,"href":"https:\/\/donnobikes.com\/de\/wp-json\/wp\/v2\/comments?post=94245"}],"wp:featuredmedia":[{"embeddable":true,"href":"https:\/\/donnobikes.com\/de\/wp-json\/wp\/v2\/media\/94246"}],"wp:attachment":[{"href":"https:\/\/donnobikes.com\/de\/wp-json\/wp\/v2\/media?parent=94245"}],"wp:term":[{"taxonomy":"product_brand","embeddable":true,"href":"https:\/\/donnobikes.com\/de\/wp-json\/wp\/v2\/product_brand?post=94245"},{"taxonomy":"product_cat","embeddable":true,"href":"https:\/\/donnobikes.com\/de\/wp-json\/wp\/v2\/product_cat?post=94245"},{"taxonomy":"product_tag","embeddable":true,"href":"https:\/\/donnobikes.com\/de\/wp-json\/wp\/v2\/product_tag?post=94245"}],"curies":[{"name":"wp","href":"https:\/\/api.w.org\/{rel}","templated":true}]}}