{"id":94318,"date":"2023-11-14T10:55:46","date_gmt":"2023-11-14T09:55:46","guid":{"rendered":"https:\/\/donnobikes.com\/?post_type=product&#038;p=94318"},"modified":"2026-03-16T14:11:46","modified_gmt":"2026-03-16T13:11:46","slug":"yuba-boda-boda","status":"publish","type":"product","link":"https:\/\/donnobikes.com\/de\/produkt\/yuba-boda-boda\/","title":{"rendered":"Yuba Boda Boda"},"content":{"rendered":"<h2>Boda Boda hat sowohl K\u00f6pfchen als auch Kraft<\/h2>\n<p>Yuba Boda Boda ist das gro\u00dfe und robuste Lastenrad mit Tretunterst\u00fctzung von Yuba, das unschlagbare Elektromodell, das von den Kunden bevorzugt wird.<\/p>\n<p><strong>Das intelligente und leistungsstarke System<\/strong> der Tretunterst\u00fctzung bietet genau das richtige Ma\u00df an Unterst\u00fctzung f\u00fcr ein nat\u00fcrliches Gef\u00fchl unter Ihren F\u00fc\u00dfen. Sie werden es genie\u00dfen, all die l\u00e4stigen Aufgaben zu erledigen und nach den H\u00fcgeln zu suchen, die Sie bisher vermieden haben. Beladen Sie ihn sicher: Der Elektro-Boda Boda ist so konzipiert, dass er alles mitnimmt, was das Leben so hergibt, und dabei leicht und wendig bleibt, damit die Fahrt immer reibungslos verl\u00e4uft. Transportieren Sie Ihre Kinder, Lebensmittel oder einen Stapel Holz m\u00fchelos.<\/p>\n<p><strong>Fracht in jeder Hinsicht.<\/strong> Es hat alle positiven Eigenschaften, die ein Lastenrad haben muss, nur ist es stabiler, leichter zu fahren und robuster. Es ist relativ lang im Vergleich zu einem Longtail, und in seinen 64 Zentimetern Gep\u00e4cktr\u00e4ger gibt es eine unglaubliche Anzahl von M\u00f6glichkeiten.<\/p>\n<p>&nbsp;<\/p>","protected":false},"excerpt":{"rendered":"<p>Boda Boda ha sia cervello che forza Yuba Boda Boda \u00e8 la cargo bike a pedalata assistita Yuba grande e robusta, l&#8217;imbattibile modello elettrico preferito dai clienti. Il sistema intelligente e potente di assistenza alla pedalata offre magistralmente la giusta quantit\u00e0 di supporto per una sensazione naturale sotto i tuoi piedi. Ti divertirai effettivamente a [&hellip;]<\/p>\n","protected":false},"featured_media":94319,"comment_status":"open","ping_status":"closed","template":"","meta":[],"product_brand":[],"product_cat":[591,621,622,623,33,624,626,523,21],"product_tag":[],"class_list":{"0":"post-94318","1":"product","2":"type-product","3":"status-publish","4":"has-post-thumbnail","6":"product_cat-e-bike","7":"product_cat-bici-da-carico","8":"product_cat-bici-da-trasporto","9":"product_cat-bici-per-trasporto-bambini","10":"product_cat-biciclette","11":"product_cat-cargo-bike","12":"product_cat-cargo-bike-elettrica","13":"product_cat-compact-cargo","14":"product_cat-yuba","15":"product_shipping_class-bicicletta","17":"first","18":"instock","19":"shipping-taxable","20":"purchasable","21":"product-type-simple"},"gallery_images":[],"meta_box":{"short_name":"","marketing_name":"YUBA BODA BODA","motore_for_biciclette":[],"biciclette_id":"94317","consegna":"","configurator":[],"single_page_group":{"edition":"0"},"catalog_group":{"text":"La cargo e-bike compatta best-seller in America arriva in Italia! Prendi le tue cose e salta in sella.","vuoi":"Una cargo bike elettrica sempre pronta all\u2019azione, divertente da guidare e facile da manovrare.  Bella e molto versatile grazie ai tanti accessori con cui equipaggiarla. Una e-bike che tutti in casa vorranno guidare, in grado di trasportare tutto quello che serve!"}},"_links":{"self":[{"href":"https:\/\/donnobikes.com\/de\/wp-json\/wp\/v2\/product\/94318","targetHints":{"allow":["GET"]}}],"collection":[{"href":"https:\/\/donnobikes.com\/de\/wp-json\/wp\/v2\/product"}],"about":[{"href":"https:\/\/donnobikes.com\/de\/wp-json\/wp\/v2\/types\/product"}],"replies":[{"embeddable":true,"href":"https:\/\/donnobikes.com\/de\/wp-json\/wp\/v2\/comments?post=94318"}],"wp:featuredmedia":[{"embeddable":true,"href":"https:\/\/donnobikes.com\/de\/wp-json\/wp\/v2\/media\/94319"}],"wp:attachment":[{"href":"https:\/\/donnobikes.com\/de\/wp-json\/wp\/v2\/media?parent=94318"}],"wp:term":[{"taxonomy":"product_brand","embeddable":true,"href":"https:\/\/donnobikes.com\/de\/wp-json\/wp\/v2\/product_brand?post=94318"},{"taxonomy":"product_cat","embeddable":true,"href":"https:\/\/donnobikes.com\/de\/wp-json\/wp\/v2\/product_cat?post=94318"},{"taxonomy":"product_tag","embeddable":true,"href":"https:\/\/donnobikes.com\/de\/wp-json\/wp\/v2\/product_tag?post=94318"}],"curies":[{"name":"wp","href":"https:\/\/api.w.org\/{rel}","templated":true}]}}