{"id":94359,"date":"2023-11-16T13:02:58","date_gmt":"2023-11-16T12:02:58","guid":{"rendered":"https:\/\/donnobikes.com\/?post_type=product&#038;p=94359"},"modified":"2024-09-02T10:58:02","modified_gmt":"2024-09-02T08:58:02","slug":"gepacktrager-am-sitzrohr","status":"publish","type":"product","link":"https:\/\/donnobikes.com\/de\/produkt\/gepacktrager-am-sitzrohr\/","title":{"rendered":"Sitzrohrtr\u00e4ger"},"content":{"rendered":"<h3>Capacit\u00e0 di Carico Eccezionale!<\/h3>\n<div class=\"flex-1 overflow-hidden\">\n<div class=\"react-scroll-to-bottom--css-oqwqr-79elbk h-full\">\n<div class=\"react-scroll-to-bottom--css-oqwqr-1n7m0yu\">\n<div class=\"flex flex-col pb-9 text-sm\">\n<div class=\"w-full text-token-text-primary\" data-testid=\"conversation-turn-25\">\n<div class=\"px-4 py-2 justify-center text-base md:gap-6 m-auto\">\n<div class=\"flex flex-1 text-base mx-auto gap-3 md:px-5 lg:px-1 xl:px-5 md:max-w-3xl lg:max-w-[40rem] xl:max-w-[48rem] group final-completion\">\n<div class=\"relative flex w-full flex-col agent-turn\">\n<div class=\"flex-col gap-1 md:gap-3\">\n<div class=\"flex flex-grow flex-col max-w-full\">\n<div class=\"min-h-[20px] text-message flex flex-col items-start gap-3 whitespace-pre-wrap break-words [.text-message+&amp;]:mt-5 overflow-x-auto\" data-message-author-role=\"assistant\" data-message-id=\"221fe237-010b-412c-a066-96e47d14a216\">\n<div class=\"markdown prose w-full break-words dark:prose-invert light\">\n<p>Hai bisogno di un portapacchi che arricchisca la tua e-bike e trasporti carichi?<\/p>\n<p>Il portapacchi al tubo sella \u00e8 la scelta perfetta per te!<\/p>\n<p>Progettato in alluminio di altissima qualit\u00e0, questo portapacchi, ha una capacit\u00e0 di carico davvero eccezionale e che si distingue sul mercato!<\/p>\n<p>Vediamo le sue caratteristiche:<\/p>\n<ul>\n<li><strong>Facile Installazione:<\/strong> Montaggio rapido al tubo sella grazie all&#8217;adattatore che in pochi secondi trasforma la tua e-bike!<\/li>\n<li><strong>Capacit\u00e0 di Carico:<\/strong> Fino a 10 kg per avere una maggior possibilit\u00e0 per trasportare ci\u00f2 di cui hai bisogno, una capacit\u00e0 davvero eccezionale<\/li>\n<li><strong>Dimensioni Ottimali: <\/strong>Non solo ha una capacit\u00e0 di carico eccezionale ma ha anche delle dimensioni ottimali! Con i suoi<strong> 39 x 16 cm<\/strong>, avrai un&#8217;ampia scelta di cose da portare con te! Dalla borsa d&#8217;ufficio alla spesa, non avrai pi\u00f9 bisogno di portarti le tue cose a tracolla, e sarai libero di goderti la pedalata senza pensieri!<\/li>\n<\/ul>\n<p>Questo portapacchi offre, oltre a queste fantastiche possibilit\u00e0, anche un extra di design formidabile, che far\u00e0 apparire la tua e-bike ancora pi\u00f9 bella! Non perderti questa occasione e arricchisci la tua fantastica e bike con questo accessorio!<\/p>\n<\/div>\n<\/div>\n<\/div>\n<\/div>\n<\/div>\n<\/div>\n<\/div>\n<\/div>\n<\/div>\n<\/div>\n<\/div>\n<\/div>\n<div class=\"w-full pt-2 md:pt-0 dark:border-white\/20 md:border-transparent md:dark:border-transparent md:w-[calc(100%-.5rem)]\">\n<div class=\"relative flex h-full flex-1 items-stretch md:flex-col\">\n<div class=\"flex w-full items-center\"><\/div>\n<\/div>\n<\/div>\n","protected":false},"excerpt":{"rendered":"<p>Capacit\u00e0 di Carico Eccezionale! Hai bisogno di un portapacchi che arricchisca la tua e-bike e trasporti carichi? Il portapacchi al tubo sella \u00e8 la scelta perfetta per te! Progettato in alluminio di altissima qualit\u00e0, questo portapacchi, ha una capacit\u00e0 di carico davvero eccezionale e che si distingue sul mercato! Vediamo le sue caratteristiche: Facile Installazione: [&hellip;]<\/p>\n","protected":false},"featured_media":94360,"comment_status":"open","ping_status":"closed","template":"","meta":[],"product_brand":[],"product_cat":[522,78],"product_tag":[],"class_list":{"0":"post-94359","1":"product","2":"type-product","3":"status-publish","4":"has-post-thumbnail","6":"product_cat-accessori","7":"product_cat-ahooga-accessori","8":"product_shipping_class-accessori","10":"first","11":"outofstock","12":"shipping-taxable","13":"purchasable","14":"product-type-simple"},"gallery_images":[],"meta_box":{"short_name":"","marketing_name":"","motore_for_biciclette":[],"biciclette_id":"","consegna":"","configurator":[],"single_page_group":[],"catalog_group":[]},"_links":{"self":[{"href":"https:\/\/donnobikes.com\/de\/wp-json\/wp\/v2\/product\/94359","targetHints":{"allow":["GET"]}}],"collection":[{"href":"https:\/\/donnobikes.com\/de\/wp-json\/wp\/v2\/product"}],"about":[{"href":"https:\/\/donnobikes.com\/de\/wp-json\/wp\/v2\/types\/product"}],"replies":[{"embeddable":true,"href":"https:\/\/donnobikes.com\/de\/wp-json\/wp\/v2\/comments?post=94359"}],"wp:featuredmedia":[{"embeddable":true,"href":"https:\/\/donnobikes.com\/de\/wp-json\/wp\/v2\/media\/94360"}],"wp:attachment":[{"href":"https:\/\/donnobikes.com\/de\/wp-json\/wp\/v2\/media?parent=94359"}],"wp:term":[{"taxonomy":"product_brand","embeddable":true,"href":"https:\/\/donnobikes.com\/de\/wp-json\/wp\/v2\/product_brand?post=94359"},{"taxonomy":"product_cat","embeddable":true,"href":"https:\/\/donnobikes.com\/de\/wp-json\/wp\/v2\/product_cat?post=94359"},{"taxonomy":"product_tag","embeddable":true,"href":"https:\/\/donnobikes.com\/de\/wp-json\/wp\/v2\/product_tag?post=94359"}],"curies":[{"name":"wp","href":"https:\/\/api.w.org\/{rel}","templated":true}]}}