{"id":94952,"date":"2024-02-06T10:47:36","date_gmt":"2024-02-06T09:47:36","guid":{"rendered":"https:\/\/donnobikes.com\/?post_type=product&#038;p=94952"},"modified":"2025-07-01T11:30:41","modified_gmt":"2025-07-01T09:30:41","slug":"i-inbicy-analog-bi-damped-2","status":"publish","type":"product","link":"https:\/\/donnobikes.com\/de\/produkt\/i-inbicy-analog-bi-damped-2\/","title":{"rendered":"iO InBicy Analog Bi-drive"},"content":{"rendered":"<h3>Vereinfachen Sie jedes Abenteuer<\/h3>\n<p>Das iO InBicy Analog mit Doppelantrieb macht jede Fahrt zu einem einzigartigen Erlebnis. Kompakt, aber mit doppelter Federung, \u00fcbertrifft es die Leistung und Vielseitigkeit jedes herk\u00f6mmlichen Fahrrads und macht jede Fahrt zu einem Vergn\u00fcgen.<\/p>\n<p><strong>Vielseitigkeit steht im Vordergrund<\/strong> mit dem einzigartigen patentierten Flash Switch\u00ae-System: Gep\u00e4cktr\u00e4ger und Korb lassen sich blitzschnell und ohne Werkzeug montieren und demontieren. Sie k\u00f6nnen die Gep\u00e4cktr\u00e4ger mit Sitzen, Kindersitzen und Gep\u00e4cktaschen ausstatten, um das Fahrrad an jeden Bedarf anzupassen, vom Transport von Lebensmitteln bis hin zum Transport der Kinder zur Schule oder zur Arbeit. Der Wechsel der Ausr\u00fcstung mit iO InBicy Analog dauert nur Sekunden.<\/p>\n<p><strong>Ausgezeichnetes Design<\/strong>vollst\u00e4ndig in Italien hergestellt, erhielt den prestigetr\u00e4chtigen Red Dot Design Award 2023, der dem Fahrrad einen Platz im Designmuseum in Essen, Deutschland, garantiert. Eine Anerkennung f\u00fcr die Qualit\u00e4t und Innovation des Rahmens und der Details des Fahrrads.<\/p>","protected":false},"excerpt":{"rendered":"<p>Muskul\u00f6s - Farbe Italienische Sonne<\/p>","protected":false},"featured_media":94955,"comment_status":"open","ping_status":"closed","template":"","meta":[],"product_brand":[],"product_cat":[621,622,623,33,592,624,594,608,136],"product_tag":[18],"class_list":{"0":"post-94952","1":"product","2":"type-product","3":"status-publish","4":"has-post-thumbnail","6":"product_cat-bici-da-carico","7":"product_cat-bici-da-trasporto","8":"product_cat-bici-per-trasporto-bambini","9":"product_cat-biciclette","10":"product_cat-biciclette-muscolari","11":"product_cat-cargo-bike","12":"product_cat-catalogo","13":"product_cat-catalogo-inbicy","14":"product_cat-inbicy","15":"product_tag-cargo-bike","16":"product_shipping_class-bicicletta","18":"first","19":"onbackorder","20":"shipping-taxable","21":"purchasable","22":"product-type-variable","23":"has-default-attributes"},"gallery_images":[94956],"meta_box":{"short_name":"","marketing_name":"iO INBICY ANALOG Bi-ammortizzata","motore_for_biciclette":[],"biciclette_id":"90266","consegna":"","configurator":[],"single_page_group":{"video_group":[{"link_video":"https:\/\/www.youtube.com\/watch?v=0r-hapSFOP0","title":"iO InBicy, Gewinner des Red Dot Design Award 2023","preheader":"La e-bike cargo pi\u00f9 potente e versatile del 2023 premiata per il suo design","preview":"90564"},{"link_video":"https:\/\/www.youtube.com\/watch?v=qCziv25mKGQ&list=PLy81_ZTJG-sA6ptaBFdj8A_BNJqMsEkJu&index=3","title":"Lebensstil mit iO InBicy","preheader":"Presentazione della pi\u00f9 innovativa cargo e-bike italiana","preview":"90565"},{"link_video":"https:\/\/www.youtube.com\/watch?v=a2tYwVSFKrI&list=PLy81_ZTJG-sA6ptaBFdj8A_BNJqMsEkJu&index=2","title":"Einf\u00fchrung in die Funktionalit\u00e4t","preheader":"Dettagli e accessori con sistema brevettato Flash Switch","preview":"90566"},{"link_video":"https:\/\/www.youtube.com\/watch?v=_f0XE8P0GEM&list=PLy81_ZTJG-sA6ptaBFdj8A_BNJqMsEkJu&index=3","title":"Pr\u00e4sentation von Prototypen","preheader":"Panoramica della bici cargo nata per la famiglia","preview":"90567"}],"galleria_fotografica":{"image":["94959","94960","94961","94962","94963","94964","90768","90764","90765"],"galleria_banner":["90758","90755","90756","90757"]},"versatilita":{"title":"iO INBICY ANALOG BI-AMMORTIZIERT. NEUE GENERATION U-TILITY-FAHRRAD.","desc":"iO InBicy Analog Bi-ammortizzata \u00e8 l'epitome della multifunzionalit\u00e0: una bici che unisce versatilit\u00e0, comfort e prestazioni eccellenti. Con la sua doppia ammortizzazione, offre manovrabilit\u00e0 e capacit\u00e0 di carico superiori, adattandosi perfettamente a citt\u00e0, periferia e campagna. Compatibile con numerosi accessori, triplica la capacit\u00e0 di carico di una bici normale.","versatilita_group":[{"image":"90771","title":"iO Essenziale","desc":"Senza accessori \u00e8 una cargo bike che nasconde una ultraleggera, perfetta anche off road e su terreni accidentati. La pedalata muscolare \u00e8 un piacere."},{"image":"90772","title":"iO Cargo Urbano","desc":"Portapacchi da 70cm a cui agganciare grandi borse laterali e il maxi cesto anteriore rendono la bici perfetta per tutti i giorni."},{"image":"90773","title":"iO Famiglia Light","desc":"Compatible con Yepp, Qibbel e la maggior parte dei seggiolini disponibili sul mercato. Le aste di sicurezza sono facoltative ma altamente raccomandate."},{"image":"90774","title":"iO Passeggero","desc":"Trasporta un passeggero adulto (90kg max) con il portapacchi posteriore da 56cm. I poggiapiedi garantiscono comfort durante la corsa."},{"image":"90775","title":"iO Duo Bimbi","desc":"Porta un bambino su un seggiolino e un secondo pi\u00f9 piccolo sul retro. A differenza delle normali bici, \u00e8 disegnata per portare il carico in sicurezza."},{"image":"90776","title":"iO Duo Sicuro","desc":"Raddoppia con due bambini piccoli nei seggiolini. Le aste di sicurezza riducono il rischio di caduta e di impatto sui bambini, fornendo appoggio."},{"image":"90777","title":"iO Junior","desc":"Porta in sicurezza due bambini pi\u00f9 grandi. Le barre del portapacchi sono disegnate per proteggere le gambe e gli abiti dei passeggeri dai raggi della ruota."},{"image":"90778","title":"iO Carico Sicuro","desc":"Alloggia pacchi fino a 60x40cm tra le aste, in alternativa alle cinghie di fissaggio. Il grande cesto anteriore porta altri pacchi fino a 38x38cm."},{"image":"89498"}]},"edition":"0"},"catalog_group":{"quote":"2 COLORI \/ 2 VARIANTI","text":"Scopri la cargo bike che rivoluzioner\u00e0 il concetto di trasporto merci! Un'autentica regina della flessibilit\u00e0.","vuoi":"Una cargo bike dalle dimensioni standard che semplifica la tua vita con innovativo sistema brevettato per cambiare configurazione istantaneamente. Offre una capacit\u00e0 di carico equiparabile a bici molto pi\u00f9 grandi, assicurando un'esperienza di guida piacevole e senza sforzo, sia con che senza carico, e con un design incredibilmente accattivante."}},"_links":{"self":[{"href":"https:\/\/donnobikes.com\/de\/wp-json\/wp\/v2\/product\/94952","targetHints":{"allow":["GET"]}}],"collection":[{"href":"https:\/\/donnobikes.com\/de\/wp-json\/wp\/v2\/product"}],"about":[{"href":"https:\/\/donnobikes.com\/de\/wp-json\/wp\/v2\/types\/product"}],"replies":[{"embeddable":true,"href":"https:\/\/donnobikes.com\/de\/wp-json\/wp\/v2\/comments?post=94952"}],"wp:featuredmedia":[{"embeddable":true,"href":"https:\/\/donnobikes.com\/de\/wp-json\/wp\/v2\/media\/94955"}],"wp:attachment":[{"href":"https:\/\/donnobikes.com\/de\/wp-json\/wp\/v2\/media?parent=94952"}],"wp:term":[{"taxonomy":"product_brand","embeddable":true,"href":"https:\/\/donnobikes.com\/de\/wp-json\/wp\/v2\/product_brand?post=94952"},{"taxonomy":"product_cat","embeddable":true,"href":"https:\/\/donnobikes.com\/de\/wp-json\/wp\/v2\/product_cat?post=94952"},{"taxonomy":"product_tag","embeddable":true,"href":"https:\/\/donnobikes.com\/de\/wp-json\/wp\/v2\/product_tag?post=94952"}],"curies":[{"name":"wp","href":"https:\/\/api.w.org\/{rel}","templated":true}]}}