{"id":96114,"date":"2024-09-11T15:40:08","date_gmt":"2024-09-11T13:40:08","guid":{"rendered":"https:\/\/donnobikes.com\/?post_type=product&#038;p=96114"},"modified":"2026-03-19T22:48:15","modified_gmt":"2026-03-19T21:48:15","slug":"frontgepacktrager-yuba-bikes","status":"publish","type":"product","link":"https:\/\/donnobikes.com\/de\/produkt\/frontgepacktrager-yuba-bikes\/","title":{"rendered":"Frontgep\u00e4cktr\u00e4ger Yuba Bikes"},"content":{"rendered":"<p>Der Yuba-Frontgep\u00e4cktr\u00e4ger ist das perfekte Zubeh\u00f6r f\u00fcr alle, die Funktionalit\u00e4t und Stil f\u00fcr ihr Lastenrad suchen. Er ist aus robustem Aluminium gefertigt und garantiert ein geringes Gewicht und eine lange Lebensdauer, was ihn ideal f\u00fcr den Transport von Alltagslasten wie Einkaufstaschen macht.<\/p>\n<p>Erh\u00e4ltlich in drei markanten Farben - Pflaume, S\u00e4uregr\u00fcn und Grau. Es ist kompatibel mit allen <strong>Yuba Fahrr\u00e4der<\/strong>die eine einfache Installation und perfekte Integration in Ihr Fahrzeug gew\u00e4hrleisten.<\/p>\n<p>Scegli il portapacchi anteriore Yuba per migliorare la tua esperienza di trasporto in bici, senza rinunciare a praticit\u00e0 e design, scopri di pi\u00f9 anche il <a href=\"https:\/\/donnobikes.com\/de\/produkt\/brotkorb-yuba\/\">cesto anteriore Yuba.<\/a><\/p>","protected":false},"excerpt":{"rendered":"<p>Il portapacchi anteriore Yuba \u00e8 l&#8217;accessorio perfetto per chi cerca funzionalit\u00e0 e stile sulla cargobike. Realizzato in alluminio resistente, garantisce leggerezza e durata, rendendolo ideale per il trasporto di carichi quotidiani, come ad esemio borse della spesa. Disponibile in tre colori distintivi \u2013 prugna, verde acido e grigio. \u00c8 compatibile con tutti i modelli di [&hellip;]<\/p>\n","protected":false},"featured_media":96115,"comment_status":"open","ping_status":"closed","template":"","meta":[],"product_brand":[],"product_cat":[522,16,635,649],"product_tag":[],"class_list":{"0":"post-96114","1":"product","2":"type-product","3":"status-publish","4":"has-post-thumbnail","6":"product_cat-accessori","7":"product_cat-yuba-accessori","8":"product_cat-carico-anteriore","9":"product_cat-yuba-kombi-db","11":"first","12":"instock","13":"shipping-taxable","14":"purchasable","15":"product-type-simple"},"gallery_images":[],"meta_box":{"short_name":"","marketing_name":"","motore_for_biciclette":[],"biciclette_id":"","consegna":"","configurator":[],"single_page_group":{"edition":"0"},"catalog_group":[]},"_links":{"self":[{"href":"https:\/\/donnobikes.com\/de\/wp-json\/wp\/v2\/product\/96114","targetHints":{"allow":["GET"]}}],"collection":[{"href":"https:\/\/donnobikes.com\/de\/wp-json\/wp\/v2\/product"}],"about":[{"href":"https:\/\/donnobikes.com\/de\/wp-json\/wp\/v2\/types\/product"}],"replies":[{"embeddable":true,"href":"https:\/\/donnobikes.com\/de\/wp-json\/wp\/v2\/comments?post=96114"}],"wp:featuredmedia":[{"embeddable":true,"href":"https:\/\/donnobikes.com\/de\/wp-json\/wp\/v2\/media\/96115"}],"wp:attachment":[{"href":"https:\/\/donnobikes.com\/de\/wp-json\/wp\/v2\/media?parent=96114"}],"wp:term":[{"taxonomy":"product_brand","embeddable":true,"href":"https:\/\/donnobikes.com\/de\/wp-json\/wp\/v2\/product_brand?post=96114"},{"taxonomy":"product_cat","embeddable":true,"href":"https:\/\/donnobikes.com\/de\/wp-json\/wp\/v2\/product_cat?post=96114"},{"taxonomy":"product_tag","embeddable":true,"href":"https:\/\/donnobikes.com\/de\/wp-json\/wp\/v2\/product_tag?post=96114"}],"curies":[{"name":"wp","href":"https:\/\/api.w.org\/{rel}","templated":true}]}}