{"id":96130,"date":"2024-09-30T13:36:24","date_gmt":"2024-09-30T11:36:24","guid":{"rendered":"https:\/\/donnobikes.com\/?post_type=product&#038;p=96130"},"modified":"2026-03-16T14:12:35","modified_gmt":"2026-03-16T13:12:35","slug":"yuba-wurziges-curry","status":"publish","type":"product","link":"https:\/\/donnobikes.com\/de\/produkt\/yuba-wurziges-curry\/","title":{"rendered":"Yuba W\u00fcrziges Curry"},"content":{"rendered":"<h3>Der ultrastabile K\u00f6nig der Kurven<\/h3>\n<p>Das Geheimnis des Yuba Spicy Curry liegt in seinem kleinen Hinterrad - und nat\u00fcrlich in dem extrem starken Motor. Dank des kleineren Hinterrads liegt der Schwerpunkt dieses Longtails so tief, dass man sich auf der Stra\u00dfe viel sicherer und stabiler f\u00fchlt als auf allen anderen Modellen. Selbst mit zwei quirligen Kindern, einem Erwachsenen oder einer Skiausr\u00fcstung auf dem Gep\u00e4cktr\u00e4ger: der Spicy Curry ist unglaublich leicht zu fahren! Au\u00dferdem gibt Ihnen das kleine Hinterrad einen zus\u00e4tzlichen Schub, wenn es bergauf geht, aber der Bosch CargoLine-Motor, einer der besten auf dem Markt, sorgt f\u00fcr die n\u00f6tige Unterst\u00fctzung.<\/p>\n<p><strong>Au\u00dfergew\u00f6hnlich bergauf und in der Ebene<\/strong><\/p>\n<p>Es gibt nur sehr wenige E-Lastenr\u00e4der, die f\u00fcr Steigungen ausgelegt sind. Das Spicy Curry ist definitiv eines davon. Dank des leistungsstarken Bosch Cargo Line Motors und des kleinen Hinterrads hat es eine beeindruckende Beschleunigung. Mit einem maximalen Drehmoment von 85 Nm erh\u00f6ht der Elektromotor Ihre Tretkraft um 400%. Das bedeutet, dass Sie die gew\u00fcnschte Geschwindigkeit schon nach wenigen Pedaltritten erreichen, auch bergauf, wo das Treten normalerweise schwieriger ist. Auch in der Ebene werden Sie das merken: alles geht noch schneller.<\/p>","protected":false},"excerpt":{"rendered":"<p>Bosch Cargo Line 250W Motor - Farbe True Blue<\/p>","protected":false},"featured_media":96134,"comment_status":"open","ping_status":"closed","template":"","meta":[],"product_brand":[],"product_cat":[621,622,623,33,624,626,594,524,21],"product_tag":[18,36],"class_list":{"0":"post-96130","1":"product","2":"type-product","3":"status-publish","4":"has-post-thumbnail","6":"product_cat-bici-da-carico","7":"product_cat-bici-da-trasporto","8":"product_cat-bici-per-trasporto-bambini","9":"product_cat-biciclette","10":"product_cat-cargo-bike","11":"product_cat-cargo-bike-elettrica","12":"product_cat-catalogo","13":"product_cat-full-size-cargo","14":"product_cat-yuba","15":"product_tag-cargo-bike","16":"product_tag-e-bike","17":"product_shipping_class-bicicletta","19":"first","20":"instock","21":"shipping-taxable","22":"purchasable","23":"product-type-variable","24":"has-default-attributes"},"gallery_images":[96135,96136],"meta_box":{"short_name":"","marketing_name":"YUBA SPICY CURRY","motore_for_biciclette":["89128"],"biciclette_id":"96148","consegna":"","configurator":[],"single_page_group":{"video_group":[{"link_video":"https:\/\/www.youtube.com\/watch?v=2pmt1f8BtV0","title":"Zeit f\u00fcr die Familie","preheader":"Esaudire i desideri dei tuoi figli in sella a una cargo bike? Si pu\u00f2!","preview":"93594"},{"link_video":"https:\/\/www.youtube.com\/watch?v=WmIqg9JVTvw","title":"Restyling mit voller Leistung","preheader":"Nuovi dettagli migliorano il look e le prestazioni","preview":"93589"},{"link_video":"https:\/\/www.youtube.com\/watch?v=EHQbc2f4yZc","title":"OWL, Eine italienische Familie in Island mit dem Lastenfahrrad","preheader":"Un viaggio in terre isolate e lontane in sella a due Spicy Curry","preview":"93592"},{"link_video":"https:\/\/www.youtube.com\/watch?v=-tMzaWqLZrs&t=32s","title":"Ein einzigartiges Cargo-E-Bike","preheader":"Caratteristiche e funzionalit\u00e0 di una bici da carico speciale","preview":"93593"}],"galleria_fotografica":{"image":["96174","96175","96176","96177","96178","96179","96180","96181","96182"],"galleria_banner":["96166","96162","96168","96171","96153"]},"versatilita":{"title":"YUBA W\u00dcRZIGES CURRY. NEUE GENERATION U-TILITY E-BIKE.","desc":"Yuba Spicy Curry combina grandi prestazioni di carico a eccezionale manovrabilit\u00e0, resa pi\u00f9 semplice per ciclisti di altezza inferiore a 180cm. La potenza del motore Bosch, la versatilit\u00e0 e la pi\u00f9 ampia gamma di accessori Yuba progettati in esclusiva per questo modello, rendono questa full cargo e-bike una straordinaria sostituta dell'auto per ambienti cittadini ed extra-urbani, anche in particolari condizioni climatiche e di fondo stradale come neve, ghiaccio, sabbia o pioggia.","versatilita_group":[{"image":"93312","desc":"Senza accessori sembra una e-bike pi\u00f9 lunga del normale ma sono il baricentro basso e l'incredibile capacit\u00e0 di carico che la rendono unica."},{"image":"93311","desc":"Portapacchi da 95cm a cui agganciare grandi borse laterali e una borsa spesa nel cesto anteriore ne fanno una perfetta sostituta dell'automobile."},{"image":"93314","desc":"L'accessorio Carry-On crea una notevole estensione del piano di carico per trasportare carichi larghi e ingombranti su piano orizzontale."},{"image":"93313","desc":"Con l'estensione del piano e Sideboard rialzati, protegge i carichi. Agganciando la doppia borsa 2-Go Cargo con le estensioni clip, trasporta grandi carichi."},{"image":"93317","desc":"Compatible con Yepp, Qibbel e la maggior parte dei seggiolini disponibili sul mercato. La cargo bike \u00e8 progettata per portare due bambini in sicurezza."},{"image":"93318","desc":"Porta un bambino su un seggiolino e un secondo pi\u00f9 grande sul retro. Le aste di sicurezza sono facoltative ma assolutamente raccomandate."},{"image":"93315","desc":"Trasporta bambini pi\u00f9 grandi e passeggeri adulti. Le sponde laterali e le maniglie tra cui scegliere garantiscono comfort durante la corsa."},{"image":"93316","desc":"Usa la cargo bike in qualunque condizione atmosferica, proteggendo il tuo carico. I tuoi passeggeri avranno sempre una vista panoramica."},{"image":"89498"}]},"edition":"0"},"catalog_group":{"quote":"3 COLORI","text":"Una cargo bike elettrica dal design unico, perfetta per trasportare grandi carichi e accompagnare famiglie attive!","vuoi":"Un telaio innovativo a baricentro basso che rende la guida estremamente facile, anche con bambini, adulti o attrezzature a bordo. Una delle cargo bike pi\u00f9 stabili e divertenti da guidare, con una vasta gamma di accessori per tutte le stagioni!"}},"_links":{"self":[{"href":"https:\/\/donnobikes.com\/de\/wp-json\/wp\/v2\/product\/96130","targetHints":{"allow":["GET"]}}],"collection":[{"href":"https:\/\/donnobikes.com\/de\/wp-json\/wp\/v2\/product"}],"about":[{"href":"https:\/\/donnobikes.com\/de\/wp-json\/wp\/v2\/types\/product"}],"replies":[{"embeddable":true,"href":"https:\/\/donnobikes.com\/de\/wp-json\/wp\/v2\/comments?post=96130"}],"wp:featuredmedia":[{"embeddable":true,"href":"https:\/\/donnobikes.com\/de\/wp-json\/wp\/v2\/media\/96134"}],"wp:attachment":[{"href":"https:\/\/donnobikes.com\/de\/wp-json\/wp\/v2\/media?parent=96130"}],"wp:term":[{"taxonomy":"product_brand","embeddable":true,"href":"https:\/\/donnobikes.com\/de\/wp-json\/wp\/v2\/product_brand?post=96130"},{"taxonomy":"product_cat","embeddable":true,"href":"https:\/\/donnobikes.com\/de\/wp-json\/wp\/v2\/product_cat?post=96130"},{"taxonomy":"product_tag","embeddable":true,"href":"https:\/\/donnobikes.com\/de\/wp-json\/wp\/v2\/product_tag?post=96130"}],"curies":[{"name":"wp","href":"https:\/\/api.w.org\/{rel}","templated":true}]}}