{"id":96319,"date":"2024-11-08T22:52:05","date_gmt":"2024-11-08T21:52:05","guid":{"rendered":"https:\/\/donnobikes.com\/?post_type=product&#038;p=96319"},"modified":"2025-08-04T09:30:04","modified_gmt":"2025-08-04T07:30:04","slug":"yuba-kombi-donno-bikes-edition-und-comfort-duo-tiny","status":"publish","type":"product","link":"https:\/\/donnobikes.com\/de\/produkt\/yuba-kombi-donno-bikes-edition-und-comfort-duo-tiny\/","title":{"rendered":"Yuba Kombi Donno Bikes Edition e-Comfort Duo Tiny"},"content":{"rendered":"<h3>Der elektrische Zweirad-Kombi zum Minipreis!<\/h3>\n<p>Das Yuba Kombi Bafang ist der g\u00fcnstigste Einstieg in die fantastische Welt der pedalunterst\u00fctzten Lastenr\u00e4der. Es ist klein, einfach zu fahren, nimmt den Platz eines normalen Fahrrads ein und mit seinem leistungsstarken Motor k\u00f6nnen Sie selbst bestimmen, wann und wie stark Sie in die Pedale treten, um den Fitness-Effekt zu erzielen! Aber es kann noch so viel mehr!<\/p>\n<p><strong>Bringen Sie alles mit, was Sie brauchen.<\/strong> Dank der 60 Zentimeter Sitzfl\u00e4che auf dem Gep\u00e4cktr\u00e4ger kann der Yuba Kombi Bafang alles transportieren, was Sie brauchen. Es ist dieser nicht so kleine Unterschied, der Ihrer Familie gro\u00dfartige M\u00f6glichkeiten bietet: Wandern, Einkaufen, der Weg zur und von der Schule kann im Freien ohne Auto erledigt werden!<\/p>\n<p>Sie k\u00f6nnen problemlos zwei Kindersitze auf dem Gep\u00e4cktr\u00e4ger montieren, und nicht nur das: Wenn die Kinder nicht mehr so klein sind, k\u00f6nnen Sie sie durch einfaches Wechseln des Zubeh\u00f6rs mitnehmen. Und in der Zwischenzeit k\u00f6nnen Sie Ihren Wocheneinkauf transportieren.<\/p>\n<p><strong>Sparen Sie Platz.<\/strong> Der Yuba Kombi Bafang ist f\u00fcr das vertikale Selbstparken konzipiert, ohne Haken oder Wandhalterungen. Sie k\u00f6nnen ihn in einen Aufzug tragen, entlang von Fluren und in einer Wohnung parken, w\u00e4hrend er sehr wenig Platz einnimmt!<\/p>","protected":false},"excerpt":{"rendered":"<p>Bafang 250W Motor - Farbe Matt Blau<\/p>\n<p>&nbsp;<\/p>","protected":false},"featured_media":96312,"comment_status":"open","ping_status":"closed","template":"","meta":[],"product_brand":[],"product_cat":[621,622,623,33,624,626,21,619],"product_tag":[18,36],"class_list":{"0":"post-96319","1":"product","2":"type-product","3":"status-publish","4":"has-post-thumbnail","6":"product_cat-bici-da-carico","7":"product_cat-bici-da-trasporto","8":"product_cat-bici-per-trasporto-bambini","9":"product_cat-biciclette","10":"product_cat-cargo-bike","11":"product_cat-cargo-bike-elettrica","12":"product_cat-yuba","13":"product_cat-yuba-kombi","14":"product_tag-cargo-bike","15":"product_tag-e-bike","16":"product_shipping_class-bicicletta","18":"first","19":"instock","20":"sale","21":"shipping-taxable","22":"purchasable","23":"product-type-simple"},"gallery_images":[],"meta_box":{"short_name":"","marketing_name":"YUBA KOMBI BAFANG","motore_for_biciclette":["89115","89374","89377"],"biciclette_id":"90415","consegna":"","configurator":[],"single_page_group":{"video_group":[{"link_video":"https:\/\/www.youtube.com\/watch?v=1k5mXP5ylc8&ab_channel=DonnoBikes","title":"Der elektrische Zweirad-Kombi zum Minipreis!","preview":"93974"},{"link_video":"https:\/\/www.youtube.com\/watch?v=hQRKYZl5WZE&ab_channel=DonnoBikes","title":"Yuba Kombi das sparsame E-Bike f\u00fcr den Transport von Kindern","preview":"93975"},{"link_video":"https:\/\/www.youtube.com\/watch?v=UuivzUbARFI","title":"Viele M\u00f6glichkeiten der Nutzung von Kombi","preview":"90935"},{"link_video":"https:\/\/www.youtube.com\/watch?v=lB2XQQ1PsFU","title":"Das billige Lastenfahrrad ist ein echter zweir\u00e4driger Kombi!","preview":"90933"},{"link_video":"https:\/\/www.youtube.com\/watch?v=HCOoC-LVNeU&t=2s","title":"Kombi zusammenbauen","preview":"90934"},{"link_video":"https:\/\/www.youtube.com\/watch?v=gg2c2QvVQN4&t=5s","title":"Null Emission f\u00fcr die Umwelt","preview":"90936"}],"galleria_fotografica":{"image":["90937","90938","90939","90940","90941","90942","90943","90944","90945"],"galleria_banner":["96696","94674","91365","91366","91367","91368","95015","94825","90948","90949","91000"]},"versatilita":{"title":"YUBA KOMBI BAFANG. NEUE GENERATION U-TILITY E-BIKE.","desc":"Yuba Kombi Bafang combina qualit\u00e0 e un prezzo conveniente, a versatilit\u00e0 e comfort con ottime prestazioni. Yuba ha racchiuso in questa cargo bike le caratteristiche pi\u00f9 importanti dei modelli cargo pi\u00f9 grandi, trovando un equilibrio tra robustezza, potenza, stabilit\u00e0 e facilit\u00e0 di guida. La sua vastissima gamma di accessori la rende perfetta per la vita in citt\u00e0, permettendo di equipaggiarla secondo le personali necessit\u00e0.","versatilita_group":[{"image":"91370","title":"Kombi Agile","desc":"Senza accessori sembra una normale e-bike ma si differenzia per grande agilit\u00e0 di guida, potenzialit\u00e0 di carico e la possibilit\u00e0 di parcheggio verticale."},{"image":"91369","title":"Kombi Shopper","desc":"Portapacchi da 70cm a cui agganciare enormi borse laterali e una borsa spesa nel cesto anteriore la rendono una sostituta ideale all'automobile."},{"image":"91376","title":"Kombi Kids","desc":"Compatible con Yepp, Qibbel e la maggior parte dei seggiolini disponibili sul mercato. La cargo bike \u00e8 progettata per portare due bambini in sicurezza."},{"image":"91373","title":"Kombi Junior+","desc":"Porta un bambino su un seggiolino e un secondo pi\u00f9 grande sul retro. Le aste di sicurezza sono facoltative ma assolutamente raccomandate."},{"image":"91375","title":"Kombi Daytrip","desc":"Porta un bambino sul seggiolino e due borse laterali. Con l'aggiunta del cesto anteriore, la capacit\u00e0 di carico \u00e8 molto considerevole."},{"image":"91372","title":"Kombi Funride","desc":"Porta in sicurezza due bambini pi\u00f9 grandi. Le barre delle aste di sicurezza sono disegnate per sostenere, proteggere ma anche far divertire i tuoi figli."},{"image":"91371","title":"Kombi Duo","desc":"Trasporta uno o due passeggeri adulti. Le sponde laterali e le maniglie tra cui scegliere garantiscono comfort e appiglio sicuro durante la corsa."},{"image":"91374","title":"Kombi All Weather","desc":"Usa la cargo bike in qualunque condizione atmosferica, proteggendo il tuo carico. I tuoi passeggeri avranno sempre una vista panoramica."}]},"edition":"2","charakteristicks":{"list":[{"text1":"Yuba Kombi ha","text2":"5,0x","text3":"di durata","text4":"rispetto a una bici tradizionale"},{"text1":"Yuba Kombi \u00e8 fino a","text2":"1,5x","text3":"pi\u00f9 leggera","text4":"rispetto al 90% delle cargo bike"},{"text1":"Yuba Kombi \u00e8","text2":"2,0x","text3":"pi\u00f9 potente","text4":"rispetto alle altre cargo bike"}]},"vantaggi":[{"title":"Gro\u00dfe Ladekapazit\u00e4t","desc":"Trasporta bambini, spesa o carichi pesanti fino a 200 kg.","icon":"96774"},{"title":"Kompakte Abmessungen","desc":"Lunga solo 1,90 m, si parcheggia anche in verticale.","icon":"96771"},{"title":"Zuverl\u00e4ssiger Mittelmotor","desc":"Bafang silenzioso e potente, perfetto per l\u2019uso quotidiano.","icon":"96773"},{"title":"Robuster und stabiler Rahmen","desc":"Struttura in acciaio CrMo: resistente, confortevole e fatta per durare.","icon":"96772"}],"configuration":{"title":"F\u00fcr Ihre Bequemlichkeit. Vorgefertigte Konfigurationen","post":["94993","96434","96411","96328","96327","96326","96259","96257","96255","91362"]}},"catalog_group":{"quote":"2 COLORI \/ 2 VARIANTI","text":"La cargo e-bike pi\u00f9 economica e accessoriata, un best-seller che ha conquistato America ed Europa!","vuoi":"Una cargo e-bike che amerai per il prezzo e perch\u00e8 \u00e8 l\u2019unica economica che combina il meglio delle cargo bike di grandi dimensioni senza rinunciare a nulla. Potente, con grande capacit\u00e0 di carico, e molto versatile grazie ai tanti accessori tra cui scegliere."}},"_links":{"self":[{"href":"https:\/\/donnobikes.com\/de\/wp-json\/wp\/v2\/product\/96319","targetHints":{"allow":["GET"]}}],"collection":[{"href":"https:\/\/donnobikes.com\/de\/wp-json\/wp\/v2\/product"}],"about":[{"href":"https:\/\/donnobikes.com\/de\/wp-json\/wp\/v2\/types\/product"}],"replies":[{"embeddable":true,"href":"https:\/\/donnobikes.com\/de\/wp-json\/wp\/v2\/comments?post=96319"}],"wp:featuredmedia":[{"embeddable":true,"href":"https:\/\/donnobikes.com\/de\/wp-json\/wp\/v2\/media\/96312"}],"wp:attachment":[{"href":"https:\/\/donnobikes.com\/de\/wp-json\/wp\/v2\/media?parent=96319"}],"wp:term":[{"taxonomy":"product_brand","embeddable":true,"href":"https:\/\/donnobikes.com\/de\/wp-json\/wp\/v2\/product_brand?post=96319"},{"taxonomy":"product_cat","embeddable":true,"href":"https:\/\/donnobikes.com\/de\/wp-json\/wp\/v2\/product_cat?post=96319"},{"taxonomy":"product_tag","embeddable":true,"href":"https:\/\/donnobikes.com\/de\/wp-json\/wp\/v2\/product_tag?post=96319"}],"curies":[{"name":"wp","href":"https:\/\/api.w.org\/{rel}","templated":true}]}}