{"id":96470,"date":"2025-01-09T11:57:31","date_gmt":"2025-01-09T10:57:31","guid":{"rendered":"https:\/\/donnobikes.com\/?post_type=product&#038;p=96470"},"modified":"2026-02-09T11:57:16","modified_gmt":"2026-02-09T10:57:16","slug":"sattelstutze-zu-sitzrohr","status":"publish","type":"product","link":"https:\/\/donnobikes.com\/de\/produkt\/sattelstutze-zu-sitzrohr\/","title":{"rendered":"Sattelst\u00fctze zu Sitzrohr"},"content":{"rendered":"<p>Mit dem Sitzrohrsitz k\u00f6nnen Sie Ihr Kind \u00fcberall hin mitnehmen.<br \/>\nDie R\u00fcckenlehne ist aus Mesh, einem haltbaren und atmungsaktiven Material, gefertigt. Dieses Material wird auch bei Rucks\u00e4cken und B\u00fcrost\u00fchlen verwendet. Der Sitz ist ergonomisch und mit einem Gewicht von nur 2,5 kg extrem leicht.<br \/>\nAu\u00dferdem entspricht er den europ\u00e4ischen Sicherheitsnormen, hat eine ergonomische Sitzposition und ist leicht zu montieren.<\/p>\n<p>TECHNISCHE MERKMALE<br \/>\n- 5-Punkt-Gurt und verstellbare Fu\u00dfst\u00fctzen<br \/>\n- Schnell trocknender Netzr\u00fccken<br \/>\n- Komplett mit Befestigungselementen<br \/>\n- Bereit f\u00fcr Air Lock-Vorh\u00e4ngeschloss<br \/>\n- Rahmenbefestigung mit einem Durchmesser von 22 bis 40 mm<br \/>\n- Tragf\u00e4higkeit bis zu 25 kg<br \/>\n- Zugelassen nach EN14344<\/p>","protected":false},"excerpt":{"rendered":"<p>Con il seggiolino al tubo sella potete portare il vostro bambino ovunque con voi. Lo schienale \u00e8 realizzato in maglia, un materiale resistente e traspirante. Questo materiale \u00e8 utilizzato anche negli zaini e nelle sedie da ufficio. Il seggiolino \u00e8 ergonomico e leggerissimo, con un peso di soli 2,5 kg. Da ultimo, \u00e8 conforme agli [&hellip;]<\/p>\n","protected":false},"featured_media":96471,"comment_status":"open","ping_status":"closed","template":"","meta":[],"product_brand":[],"product_cat":[522,653,641,640,639,601,651],"product_tag":[],"class_list":{"0":"post-96470","1":"product","2":"type-product","3":"status-publish","4":"has-post-thumbnail","6":"product_cat-accessori","7":"product_cat-carico-anteriore-e-sedute-taga","8":"product_cat-inbicy-flashswitch-seduta-e-carico-posteriore-2","9":"product_cat-inbicy-supernova-seduta-e-carico-posteriore-2","10":"product_cat-seduta-e-carico-posteriore-2","11":"product_cat-seggiolini-e-sedute","12":"product_cat-yuba-kombi-db-seduta-e-carico-posteriore-2","14":"first","15":"instock","16":"shipping-taxable","17":"purchasable","18":"product-type-simple"},"gallery_images":[],"meta_box":{"short_name":"","marketing_name":"","motore_for_biciclette":[],"biciclette_id":"","consegna":"","configurator":[],"single_page_group":[],"catalog_group":[]},"_links":{"self":[{"href":"https:\/\/donnobikes.com\/de\/wp-json\/wp\/v2\/product\/96470","targetHints":{"allow":["GET"]}}],"collection":[{"href":"https:\/\/donnobikes.com\/de\/wp-json\/wp\/v2\/product"}],"about":[{"href":"https:\/\/donnobikes.com\/de\/wp-json\/wp\/v2\/types\/product"}],"replies":[{"embeddable":true,"href":"https:\/\/donnobikes.com\/de\/wp-json\/wp\/v2\/comments?post=96470"}],"wp:featuredmedia":[{"embeddable":true,"href":"https:\/\/donnobikes.com\/de\/wp-json\/wp\/v2\/media\/96471"}],"wp:attachment":[{"href":"https:\/\/donnobikes.com\/de\/wp-json\/wp\/v2\/media?parent=96470"}],"wp:term":[{"taxonomy":"product_brand","embeddable":true,"href":"https:\/\/donnobikes.com\/de\/wp-json\/wp\/v2\/product_brand?post=96470"},{"taxonomy":"product_cat","embeddable":true,"href":"https:\/\/donnobikes.com\/de\/wp-json\/wp\/v2\/product_cat?post=96470"},{"taxonomy":"product_tag","embeddable":true,"href":"https:\/\/donnobikes.com\/de\/wp-json\/wp\/v2\/product_tag?post=96470"}],"curies":[{"name":"wp","href":"https:\/\/api.w.org\/{rel}","templated":true}]}}