{"id":96512,"date":"2025-01-29T10:26:29","date_gmt":"2025-01-29T09:26:29","guid":{"rendered":"https:\/\/donnobikes.com\/?post_type=product&#038;p=96512"},"modified":"2025-07-22T13:20:34","modified_gmt":"2025-07-22T11:20:34","slug":"taga-familie-macht-zwei-kinder-3","status":"publish","type":"product","link":"https:\/\/donnobikes.com\/de\/produkt\/taga-familie-macht-zwei-kinder-3\/","title":{"rendered":"Taga Familie 2 Kinder Muskeln"},"content":{"rendered":"<h2>Das perfekte Cargo-Bike f\u00fcr Familien mit zwei Kindern<\/h2>\n<p>TAGA Family 2 Kids ist das ideale Fahrrad f\u00fcr Familien, die ihre Abenteuer mit zwei Kindern teilen m\u00f6chten. Im Gegensatz zu herk\u00f6mmlichen Lastenr\u00e4dern, die zun\u00e4chst f\u00fcr den Transport von Gegenst\u00e4nden konzipiert und dann f\u00fcr Kinder angepasst wurden, wurde TAGA von Anfang an f\u00fcr die Bed\u00fcrfnisse von Familien konzipiert. Es wurde \u00fcber drei Jahre hinweg entwickelt und bietet ultimativen Komfort, Sicherheit, Zweckm\u00e4\u00dfigkeit und Stil.<\/p>\n<p>Mit dem TAGA Family 2 Kids sitzen Ihre Kinder direkt vor Ihnen und Sie k\u00f6nnen gemeinsam die Welt auf eine einzigartige und spannende Weise erkunden. Dieses Modell bietet eine Vielzahl von anpassbarem Zubeh\u00f6r, das sich perfekt an Ihre spezifischen Bed\u00fcrfnisse anpasst. TAGA Family 2 Kids ist nicht nur ein Transportmittel, sondern steht f\u00fcr eine neue Art des aktiven Lebens und f\u00f6rdert einen nachhaltigen und gesunden Lebensstil f\u00fcr die ganze Familie.<\/p>","protected":false},"excerpt":{"rendered":"<p>La Cargo Bike Perfetta per Famiglie con Due Bambini TAGA Family 2 Kids \u00e8 la bicicletta ideale per le famiglie che desiderano condividere avventure con due bambini. A differenza delle biciclette da carico tradizionali, pensate prima per il trasporto di oggetti e poi adattate per i bambini, TAGA \u00e8 stata concepita fin dall&#8217;inizio per le [&hellip;]<\/p>\n","protected":false},"featured_media":96510,"comment_status":"open","ping_status":"closed","template":"","meta":[],"product_brand":[],"product_cat":[594,621,622,623,33,592,624,48],"product_tag":[],"class_list":{"0":"post-96512","1":"product","2":"type-product","3":"status-publish","4":"has-post-thumbnail","6":"product_cat-catalogo","7":"product_cat-bici-da-carico","8":"product_cat-bici-da-trasporto","9":"product_cat-bici-per-trasporto-bambini","10":"product_cat-biciclette","11":"product_cat-biciclette-muscolari","12":"product_cat-cargo-bike","13":"product_cat-taga","14":"product_shipping_class-bicicletta","16":"first","17":"instock","18":"shipping-taxable","19":"purchasable","20":"product-type-simple"},"gallery_images":[],"meta_box":{"short_name":"","marketing_name":"TAGA FAMILY 2 KID","motore_for_biciclette":[],"biciclette_id":"96513","consegna":"","configurator":[],"single_page_group":{"video_group":[{"link_video":"https:\/\/www.youtube.com\/watch?v=497lu5kcXhM&ab_channel=TagaBikes","title":"Radfahren mit Kindern auf dem Taga-Bike","preview":"94323"},{"link_video":"https:\/\/www.youtube.com\/watch?v=rRqE55jgaL8&ab_channel=TagaBikes","title":"Das beste elektrische Klapp-Lastenrad f\u00fcr den Transport von Kindern und Eink\u00e4ufen","preview":"94324"}],"galleria_fotografica":{"galleria_banner":["94341","94333","94332"]},"edition":"0","vantaggi":[{"title":"Au\u00dfergew\u00f6hnliche Stabilit\u00e4t","desc":"Con tre ruote mantiene l\u2019equilibrio in tutte le fasi di uso: in movimento, in curva e da fermo","icon":"96862"},{"title":"Perfekt f\u00fcr S\u00e4uglinge","desc":"Supporta l\u2019installazione di ovetti compatibili e sedili reclinabili, offrendo comfort e sicurezza","icon":"96861"},{"title":"Robuster und langlebiger Rahmen","desc":"Realizzata in acciaio cromato, offre resistenza e solidit\u00e0, confortevole e fatta per durare.","icon":"96860"},{"title":"Kinder im Vordergrund","desc":"Il cassone anteriore permette ai bambini di sedere di fronte al genitore.","icon":"96863"}]},"catalog_group":{"text":"Pensata per portare con facilit\u00e0 due bambini, unisce sicurezza, comfort e stile","vuoi":"Una bicicletta muscolare progettata per le famiglie. Offre un comfort impareggiabile, sicurezza garantita e una guida intuitiva. \u00c8 la soluzione ideale per le famiglie che cercano una bici pratica, sicura e incredibilmente cool.\""}},"_links":{"self":[{"href":"https:\/\/donnobikes.com\/de\/wp-json\/wp\/v2\/product\/96512","targetHints":{"allow":["GET"]}}],"collection":[{"href":"https:\/\/donnobikes.com\/de\/wp-json\/wp\/v2\/product"}],"about":[{"href":"https:\/\/donnobikes.com\/de\/wp-json\/wp\/v2\/types\/product"}],"replies":[{"embeddable":true,"href":"https:\/\/donnobikes.com\/de\/wp-json\/wp\/v2\/comments?post=96512"}],"wp:featuredmedia":[{"embeddable":true,"href":"https:\/\/donnobikes.com\/de\/wp-json\/wp\/v2\/media\/96510"}],"wp:attachment":[{"href":"https:\/\/donnobikes.com\/de\/wp-json\/wp\/v2\/media?parent=96512"}],"wp:term":[{"taxonomy":"product_brand","embeddable":true,"href":"https:\/\/donnobikes.com\/de\/wp-json\/wp\/v2\/product_brand?post=96512"},{"taxonomy":"product_cat","embeddable":true,"href":"https:\/\/donnobikes.com\/de\/wp-json\/wp\/v2\/product_cat?post=96512"},{"taxonomy":"product_tag","embeddable":true,"href":"https:\/\/donnobikes.com\/de\/wp-json\/wp\/v2\/product_tag?post=96512"}],"curies":[{"name":"wp","href":"https:\/\/api.w.org\/{rel}","templated":true}]}}