{"id":96657,"date":"2025-03-17T16:08:33","date_gmt":"2025-03-17T15:08:33","guid":{"rendered":"https:\/\/donnobikes.com\/?post_type=product&#038;p=96657"},"modified":"2025-03-17T16:09:07","modified_gmt":"2025-03-17T15:09:07","slug":"anhanger-fur-den-transport-von-kindern","status":"publish","type":"product","link":"https:\/\/donnobikes.com\/de\/produkt\/anhanger-fur-den-transport-von-kindern\/","title":{"rendered":"Kindertransportanh\u00e4nger"},"content":{"rendered":"<p><strong>Kindertransportanh\u00e4nger<\/strong><\/p>\n<p>Der vielseitige, sichere und komfortable Kindertransportanh\u00e4nger ist die ideale L\u00f6sung f\u00fcr alle, die sich gerne frei bewegen. Er ist f\u00fcr ein Kind konzipiert und zeichnet sich durch sein modernes Design und seine vielf\u00e4ltigen Funktionen aus: Er kann als Fahrradanh\u00e4nger, Kinderwagen oder Jogger verwendet werden.<\/p>\n<p>Dank des praktischen Schnellverschlusssystems l\u00e4sst er sich in Sekundenschnelle zusammenklappen, w\u00e4hrend der gro\u00dfe Stauraum den bequemen Transport von Taschen und Zubeh\u00f6r erm\u00f6glicht. Der h\u00f6henverstellbare Griff sorgt f\u00fcr eine ergonomische Fahrt, w\u00e4hrend das Federungssystem auch auf unebenem Untergrund eine sanfte Fahrt erm\u00f6glicht.<\/p>\n<p>Maximale Sicherheit und Sichtbarkeit auf der Stra\u00dfe dank des 5-Punkt-Gurtes, der LED-R\u00fccklichter und der Warnflagge. Perfekt f\u00fcr das t\u00e4gliche Pendeln, sportliche Aktivit\u00e4ten und Familienausfl\u00fcge.<\/p>","protected":false},"excerpt":{"rendered":"<p>Rimorchio per il trasporto bambini Versatile, sicuro e confortevole, il rimorchio per il trasporto bambini \u00e8 la soluzione ideale per chi ama muoversi in libert\u00e0. Progettato per un solo bambino, si distingue per il design moderno e le sue molteplici funzioni: pu\u00f2 essere utilizzato come rimorchio per bicicletta, passeggino o jogger. Grazie al pratico sistema [&hellip;]<\/p>\n","protected":false},"featured_media":96658,"comment_status":"closed","ping_status":"closed","template":"","meta":[],"product_brand":[],"product_cat":[522,601,23],"product_tag":[],"class_list":{"0":"post-96657","1":"product","2":"type-product","3":"status-publish","4":"has-post-thumbnail","6":"product_cat-accessori","7":"product_cat-seggiolini-e-sedute","8":"product_cat-accessori-vari","10":"first","11":"instock","12":"shipping-taxable","13":"purchasable","14":"product-type-simple"},"gallery_images":[],"meta_box":{"short_name":"","marketing_name":"","motore_for_biciclette":[],"biciclette_id":"","consegna":"","configurator":[],"single_page_group":[],"catalog_group":[]},"_links":{"self":[{"href":"https:\/\/donnobikes.com\/de\/wp-json\/wp\/v2\/product\/96657","targetHints":{"allow":["GET"]}}],"collection":[{"href":"https:\/\/donnobikes.com\/de\/wp-json\/wp\/v2\/product"}],"about":[{"href":"https:\/\/donnobikes.com\/de\/wp-json\/wp\/v2\/types\/product"}],"replies":[{"embeddable":true,"href":"https:\/\/donnobikes.com\/de\/wp-json\/wp\/v2\/comments?post=96657"}],"wp:featuredmedia":[{"embeddable":true,"href":"https:\/\/donnobikes.com\/de\/wp-json\/wp\/v2\/media\/96658"}],"wp:attachment":[{"href":"https:\/\/donnobikes.com\/de\/wp-json\/wp\/v2\/media?parent=96657"}],"wp:term":[{"taxonomy":"product_brand","embeddable":true,"href":"https:\/\/donnobikes.com\/de\/wp-json\/wp\/v2\/product_brand?post=96657"},{"taxonomy":"product_cat","embeddable":true,"href":"https:\/\/donnobikes.com\/de\/wp-json\/wp\/v2\/product_cat?post=96657"},{"taxonomy":"product_tag","embeddable":true,"href":"https:\/\/donnobikes.com\/de\/wp-json\/wp\/v2\/product_tag?post=96657"}],"curies":[{"name":"wp","href":"https:\/\/api.w.org\/{rel}","templated":true}]}}