{"id":96741,"date":"2025-05-19T15:57:20","date_gmt":"2025-05-19T13:57:20","guid":{"rendered":"https:\/\/donnobikes.com\/?post_type=product&#038;p=96741"},"modified":"2026-02-09T09:59:24","modified_gmt":"2026-02-09T08:59:24","slug":"yuba-monkey-bars-tote-netztasche","status":"publish","type":"product","link":"https:\/\/donnobikes.com\/de\/produkt\/yuba-monkey-bars-tote-netztasche\/","title":{"rendered":"Yuba Monkey Bars Tote - Netztasche"},"content":{"rendered":"<h3>Aufbewahrungsnetz, um Monkey Bars in einen gro\u00dfen Korb zu verwandeln<\/h3>\n<p>Die Monkey Bars Tote ist das perfekte Zubeh\u00f6r f\u00fcr alle, die den Platz ihres Yuba-Lastenrads maximieren m\u00f6chten, wenn sie ohne Passagiere unterwegs sind. Dank dieses robusten Netzes l\u00e4sst sich das Monkey Bars in Sekundenschnelle in einen gro\u00dfz\u00fcgigen 60-Liter-Korb f\u00fcr Taschen, Lebensmittel oder jede Art von Ladung verwandeln.<\/p>\n<p><strong>Technische Daten<\/strong><br \/>\n- Material: robustes Netz<br \/>\n- Fassungsverm\u00f6gen: 60 l<br \/>\n- Kompatibilit\u00e4t: ausschlie\u00dflich mit Yuba Monkey Bars, die an Longtail-Modellen (Kombi E5\/E6 Donno Bikes Edition, Bafang, FastRack, Spicy Curry, Mundo, usw.) montiert sind.<\/p>","protected":false},"excerpt":{"rendered":"<p>Rete porta\u202foggetti per trasformare le Monkey Bars in un grande cesto Il Monkey Bars Tote \u00e8 l\u2019accessorio perfetto per chi, quando viaggia senza passeggeri, vuole sfruttare al massimo lo spazio della propria cargo bike Yuba. Grazie a questa robusta rete in mesh, in pochi secondi puoi convertire le barre posteriori (Monkey Bars) in un generoso [&hellip;]<\/p>\n","protected":false},"featured_media":96742,"comment_status":"closed","ping_status":"closed","template":"","meta":[],"product_brand":[],"product_cat":[522,16,639,651],"product_tag":[],"class_list":{"0":"post-96741","1":"product","2":"type-product","3":"status-publish","4":"has-post-thumbnail","6":"product_cat-accessori","7":"product_cat-yuba-accessori","8":"product_cat-seduta-e-carico-posteriore-2","9":"product_cat-yuba-kombi-db-seduta-e-carico-posteriore-2","11":"first","12":"instock","13":"shipping-taxable","14":"purchasable","15":"product-type-simple"},"gallery_images":[96743,96744,96745],"meta_box":{"short_name":"","marketing_name":"","motore_for_biciclette":[],"biciclette_id":"","consegna":"","configurator":[],"single_page_group":[],"catalog_group":[]},"_links":{"self":[{"href":"https:\/\/donnobikes.com\/de\/wp-json\/wp\/v2\/product\/96741","targetHints":{"allow":["GET"]}}],"collection":[{"href":"https:\/\/donnobikes.com\/de\/wp-json\/wp\/v2\/product"}],"about":[{"href":"https:\/\/donnobikes.com\/de\/wp-json\/wp\/v2\/types\/product"}],"replies":[{"embeddable":true,"href":"https:\/\/donnobikes.com\/de\/wp-json\/wp\/v2\/comments?post=96741"}],"wp:featuredmedia":[{"embeddable":true,"href":"https:\/\/donnobikes.com\/de\/wp-json\/wp\/v2\/media\/96742"}],"wp:attachment":[{"href":"https:\/\/donnobikes.com\/de\/wp-json\/wp\/v2\/media?parent=96741"}],"wp:term":[{"taxonomy":"product_brand","embeddable":true,"href":"https:\/\/donnobikes.com\/de\/wp-json\/wp\/v2\/product_brand?post=96741"},{"taxonomy":"product_cat","embeddable":true,"href":"https:\/\/donnobikes.com\/de\/wp-json\/wp\/v2\/product_cat?post=96741"},{"taxonomy":"product_tag","embeddable":true,"href":"https:\/\/donnobikes.com\/de\/wp-json\/wp\/v2\/product_tag?post=96741"}],"curies":[{"name":"wp","href":"https:\/\/api.w.org\/{rel}","templated":true}]}}