{"id":96805,"date":"2025-06-16T12:26:22","date_gmt":"2025-06-16T10:26:22","guid":{"rendered":"https:\/\/donnobikes.com\/?post_type=product&#038;p=96805"},"modified":"2025-12-24T08:55:51","modified_gmt":"2025-12-24T07:55:51","slug":"i-inbicy-comfort-duo-tiny-vorbestellung","status":"publish","type":"product","link":"https:\/\/donnobikes.com\/de\/produkt\/i-inbicy-comfort-duo-tiny-vorbestellung\/","title":{"rendered":"iO InBicy Comfort Duo Tiny Vorbestellung"},"content":{"rendered":"<p><strong>Das elektrische Lastenrad f\u00fcr die t\u00e4gliche Fahrt mit Kindern | Auslieferung: Winter 2025<\/strong><\/p>\n<p>Das iO InBicy Comfort Duo Tiny ist ein elektrisches Lastenrad, das Sie auf Schritt und Tritt begleitet. Es wurde f\u00fcr diejenigen entwickelt, die eine komfortable, sichere und nachhaltige L\u00f6sung f\u00fcr ihren t\u00e4glichen Weg suchen und bietet mehr Leistung und Stabilit\u00e4t als ein herk\u00f6mmliches E-Bike.<\/p>\n<p>Die Comfort Duo Tiny-Konfiguration ist ideal f\u00fcr den Transport von zwei Kindern unterschiedlichen Alters: Sie umfasst einen Sitz f\u00fcr Kinder bis zu 6 Jahren, einen zweiten Sitz f\u00fcr \u00e4ltere Kinder, Sicherheitsb\u00fcgel, hintere Fu\u00dfst\u00fctzen und einen Maxi-Frontkorb f\u00fcr Eink\u00e4ufe oder den Transport sperriger Gegenst\u00e4nde.<\/p>\n<p>Das patentierte Flash Switch\u00ae-System erm\u00f6glicht es Ihnen, die Konfiguration Ihres Fahrrads in Sekundenschnelle und ohne Werkzeug zu \u00e4ndern. Gep\u00e4cktr\u00e4ger, Sitze und Zubeh\u00f6r lassen sich im Handumdrehen befestigen und abnehmen, um es an jeden Bedarf anzupassen: Schule, Besorgungen, Arbeit oder Freizeit.<\/p>\n<p>Das vollst\u00e4ndig in Italien entworfene und produzierte iO InBicy wurde mit dem Red Dot Design Award 2023 ausgezeichnet, einer der renommiertesten internationalen Auszeichnungen im Bereich Design.<\/p>\n<p>Comfort Duo Tiny ist mehr als ein Fahrrad: Es ist eine neue Art, urbane Mobilit\u00e4t mit Ihrer Familie zu erleben. Auf intelligente, sichere und stets flexible Weise.<\/p>","protected":false},"excerpt":{"rendered":"<p>Bafang 250W Motor - Farbe Italienische Sonne<\/p>","protected":false},"featured_media":96808,"comment_status":"open","ping_status":"closed","template":"","meta":[],"product_brand":[],"product_cat":[621,622,623,33,624,626,594,136,628],"product_tag":[36],"class_list":{"0":"post-96805","1":"product","2":"type-product","3":"status-publish","4":"has-post-thumbnail","6":"product_cat-bici-da-carico","7":"product_cat-bici-da-trasporto","8":"product_cat-bici-per-trasporto-bambini","9":"product_cat-biciclette","10":"product_cat-cargo-bike","11":"product_cat-cargo-bike-elettrica","12":"product_cat-catalogo","13":"product_cat-inbicy","14":"product_cat-pre-ordine","15":"product_tag-e-bike","16":"product_shipping_class-bicicletta","18":"first","19":"instock","20":"sale","21":"shipping-taxable","22":"purchasable","23":"product-type-simple"},"gallery_images":[],"meta_box":{"short_name":"","marketing_name":"iO InBicy","motore_for_biciclette":[],"biciclette_id":"96781","consegna":"Febbraio 2026","configurator":[],"single_page_group":{"video_group":[{"link_video":"https:\/\/www.youtube.com\/watch?v=0r-hapSFOP0","title":"iO InBicy, Gewinner des Red Dot Design Award 2023","preheader":"La e-bike cargo pi\u00f9 potente e versatile del 2023 premiata per il suo design","preview":"90564"},{"link_video":"https:\/\/www.youtube.com\/watch?v=qCziv25mKGQ&list=PLy81_ZTJG-sA6ptaBFdj8A_BNJqMsEkJu&index=3","title":"Lebensstil mit iO InBicy","preheader":"Presentazione della pi\u00f9 innovativa cargo e-bike italiana","preview":"90565"},{"link_video":"https:\/\/www.youtube.com\/watch?v=a2tYwVSFKrI&list=PLy81_ZTJG-sA6ptaBFdj8A_BNJqMsEkJu&index=2","title":"Einf\u00fchrung in die Funktionalit\u00e4t","preheader":"Dettagli e accessori con sistema brevettato Flash Switch","preview":"90566"},{"link_video":"https:\/\/www.youtube.com\/watch?v=XPRk6UG6v20","title":"Zur\u00fcck zur Schule mit IO InBicy","preview":"94112"},{"link_video":"https:\/\/www.youtube.com\/watch?v=TwtrpMbiF2U&ab_channel=DonnoBikes","title":"Entdecken Sie die spannende Welt der multifunktionalen E-Bikes mit IO InBicy!","preview":"94113"}],"galleria_fotografica":{"image":["90544","90545","90546","90547","90548","90549","90550","90551","90552"],"galleria_banner":["90522","90538","94910","94696","90539","90540","94787","94729","94724","94694","95698","94913","94706"]},"versatilita":{"title":"iO INBICY POWER. NEUE GENERATION U-TILITY-BIKE.","desc":"iO InBicy Power \u00e8 molte bici in una. Combina versatilit\u00e0 e comfort con prestazioni straordinarie. Ha eccellenti capacit\u00e0 di carico con una manovrabilit\u00e0 sorprendente. La sua facilit\u00e0 d\u2019uso ti sorprender\u00e0. L'equilibrio perfetto tra estetica, stabilit\u00e0 e agilit\u00e0 di guida a pieno carico la rende l\u2019unica bici che serve in citt\u00e0, in periferia e in contesti pi\u00f9 rurali.  \u00c8 compatibile con un'ampia gamma di accessori ed \u00e8 in grado di trasportare un carico triplo rispetto ad una normale bicicletta. ","versatilita_group":[{"image":"90568","title":"iO Essenziale","desc":"Senza accessori \u00e8 una e-bike che nasconde una ultraleggera, perfetta anche off road e su terreni accidentati. Affrontare le salite \u00e8 un gioco da ragazzi."},{"image":"90569","title":"iO Cargo Urbano","desc":"Portapacchi da 70cm a cui agganciare grandi borse laterali e il maxi cesto anteriore rendono la bici perfetta per tutti i giorni."},{"image":"90570","title":"iO Famiglia Light","desc":"Compatible con Yepp, Qibbel e la maggior parte dei seggiolini disponibili sul mercato. Le aste di sicurezza sono facoltative ma altamente raccomandate."},{"image":"90571","title":"iO Passeggero","desc":"Trasporta un passeggero adulto (90kg max) con il portapacchi posteriore da 56cm. I poggiapiedi garantiscono comfort durante la corsa."},{"image":"90572","title":"iO Duo Bimbi","desc":"Porta un bambino su un seggiolino e un secondo pi\u00f9 piccolo sul retro. A differenza delle normali bici, \u00e8 disegnata per portare il carico in sicurezza."},{"image":"90573","title":"iO Duo Sicuro","desc":"Raddoppia con due bambini piccoli nei seggiolini. Le aste di sicurezza riducono il rischio di caduta e di impatto sui bambini, fornendo appoggio."},{"image":"90575","title":"iO Junior","desc":"Porta in sicurezza due bambini pi\u00f9 grandi. Le barre del portapacchi sono disegnate per proteggere le gambe e gli abiti dei passeggeri dai raggi della ruota."},{"image":"90576","title":"iO Carico Sicuro","desc":"Alloggia pacchi fino a 60x40cm tra le aste, in alternativa alle cinghie di fissaggio. Il grande cesto anteriore porta altri pacchi fino a 38x38cm."}]},"edition":"2","video_single":["96102"],"prevideo":{"title":"Innovation auf zwei R\u00e4dern","logo":"96767"},"charakteristicks":{"list":[{"text1":"iO InBicy Power ha","text2":"5,0x","text3":"di durata","text4":"rispetto a una bici tradizionale"},{"text1":"iO InBicy Power \u00e8 fino a","text2":"1,5x","text3":"pi\u00f9 leggera","text4":"rispetto al 90% delle cargo bike"},{"text1":"iO InBicy Power \u00e8 fino a","text2":"2,0x","text3":"pi\u00f9 potente","text4":"rispetto alle altre cargo bike"}]},"vantaggi":[{"title":"Erstklassige Qualit\u00e4t","desc":"Prodotta in Italia con componenti di alta gamma, fatta per durare nel tempo.","icon":"96771"},{"title":"Ideal f\u00fcr Familien","desc":"Trasporta fino a 3 bambini in modo comodo e sicuro.","icon":"96774"},{"title":"Leistungsstarker Motor","desc":"Assistenza elettrica fino a 120 Nm, perfetta per la citt\u00e0 e le salite.","icon":"96773"},{"title":"Diebstahlsicherung mit GPS","desc":"Massima sicurezza della tua cargo bike, con localizzazione GPS.","icon":"96772"}],"banner_think":"96775","configuration":{"title":"F\u00fcr Ihre Bequemlichkeit. Vorgefertigte Konfigurationen","post":["96782","96798","96801","96805","96809","96813"]}},"catalog_group":{"quote":"2 COLORI \/ 2 VARIANTI","text":"La cargo bike elettrica che ti far\u00e0 cambiare idea sulle cargo bike! Una vera regina della versatilit\u00e0.","vuoi":"Una e-bike cargo dalle dimensioni di una normale bicicletta che ti semplifichi la vita quotidiana. Con un sistema brevettato per il cambio immediato di configurazione. Potente senza sacrificare la straordinaria portata. Facile e divertente da guidare, con o senza carico. E bella da morire!"}},"_links":{"self":[{"href":"https:\/\/donnobikes.com\/de\/wp-json\/wp\/v2\/product\/96805","targetHints":{"allow":["GET"]}}],"collection":[{"href":"https:\/\/donnobikes.com\/de\/wp-json\/wp\/v2\/product"}],"about":[{"href":"https:\/\/donnobikes.com\/de\/wp-json\/wp\/v2\/types\/product"}],"replies":[{"embeddable":true,"href":"https:\/\/donnobikes.com\/de\/wp-json\/wp\/v2\/comments?post=96805"}],"wp:featuredmedia":[{"embeddable":true,"href":"https:\/\/donnobikes.com\/de\/wp-json\/wp\/v2\/media\/96808"}],"wp:attachment":[{"href":"https:\/\/donnobikes.com\/de\/wp-json\/wp\/v2\/media?parent=96805"}],"wp:term":[{"taxonomy":"product_brand","embeddable":true,"href":"https:\/\/donnobikes.com\/de\/wp-json\/wp\/v2\/product_brand?post=96805"},{"taxonomy":"product_cat","embeddable":true,"href":"https:\/\/donnobikes.com\/de\/wp-json\/wp\/v2\/product_cat?post=96805"},{"taxonomy":"product_tag","embeddable":true,"href":"https:\/\/donnobikes.com\/de\/wp-json\/wp\/v2\/product_tag?post=96805"}],"curies":[{"name":"wp","href":"https:\/\/api.w.org\/{rel}","templated":true}]}}