{"id":97559,"date":"2026-02-09T10:41:18","date_gmt":"2026-02-09T09:41:18","guid":{"rendered":"https:\/\/donnobikes.com\/?post_type=product&#038;p=97559"},"modified":"2026-02-09T10:41:18","modified_gmt":"2026-02-09T09:41:18","slug":"contenitore-per-portapacchi-posteriore","status":"publish","type":"product","link":"https:\/\/donnobikes.com\/de\/produkt\/contenitore-per-portapacchi-posteriore\/","title":{"rendered":"Contenitore per portapacchi posteriore"},"content":{"rendered":"<p data-path-to-node=\"3\">Cassa rigida rinforzata per il trasporto di carichi pesanti o spesa sulla tua cargo bike. Progettata per resistere all&#8217;uso quotidiano intenso.<\/p>\n<ul data-path-to-node=\"4\">\n<li>\n<p data-path-to-node=\"4,0,0\"><b data-path-to-node=\"4,0,0\" data-index-in-node=\"0\">Capacit\u00e0:<\/b> 30 litri.<\/p>\n<\/li>\n<li>\n<p data-path-to-node=\"4,1,0\"><b data-path-to-node=\"4,1,0\" data-index-in-node=\"0\">Abmessungen:<\/b> 40 x 30 x 32 cm.<\/p>\n<\/li>\n<li>\n<p data-path-to-node=\"4,2,0\"><b data-path-to-node=\"4,2,0\" data-index-in-node=\"0\">Caratteristiche:<\/b> Struttura impilabile e bordi rinforzati per la massima stabilit\u00e0.<\/p>\n<\/li>\n<li>\n<p data-path-to-node=\"4,3,0\"><b data-path-to-node=\"4,3,0\" data-index-in-node=\"0\">Praticit\u00e0:<\/b> Facile da pulire e resistente agli urti.<\/p>\n<\/li>\n<\/ul>\n<p data-path-to-node=\"5\">La soluzione pi\u00f9 semplice ed efficace per caricare la bici senza preoccupazioni.<\/p>","protected":false},"excerpt":{"rendered":"<p>Cassa rigida rinforzata per il trasporto di carichi pesanti o spesa sulla tua cargo bike. Progettata per resistere all&#8217;uso quotidiano intenso. Capacit\u00e0: 30 litri. Dimensioni: 40 x 30 x 32 cm. Caratteristiche: Struttura impilabile e bordi rinforzati per la massima stabilit\u00e0. Praticit\u00e0: Facile da pulire e resistente agli urti. La soluzione pi\u00f9 semplice ed efficace [&hellip;]<\/p>\n","protected":false},"featured_media":97560,"comment_status":"closed","ping_status":"closed","template":"","meta":[],"product_brand":[],"product_cat":[639,522,641,640,23,651],"product_tag":[],"class_list":{"0":"post-97559","1":"product","2":"type-product","3":"status-publish","4":"has-post-thumbnail","6":"product_cat-seduta-e-carico-posteriore-2","7":"product_cat-accessori","8":"product_cat-inbicy-flashswitch-seduta-e-carico-posteriore-2","9":"product_cat-inbicy-supernova-seduta-e-carico-posteriore-2","10":"product_cat-accessori-vari","11":"product_cat-yuba-kombi-db-seduta-e-carico-posteriore-2","13":"first","14":"instock","15":"shipping-taxable","16":"purchasable","17":"product-type-simple"},"gallery_images":[],"meta_box":{"short_name":"","marketing_name":"","motore_for_biciclette":[],"biciclette_id":"","consegna":"","configurator":[],"single_page_group":[],"catalog_group":[]},"_links":{"self":[{"href":"https:\/\/donnobikes.com\/de\/wp-json\/wp\/v2\/product\/97559","targetHints":{"allow":["GET"]}}],"collection":[{"href":"https:\/\/donnobikes.com\/de\/wp-json\/wp\/v2\/product"}],"about":[{"href":"https:\/\/donnobikes.com\/de\/wp-json\/wp\/v2\/types\/product"}],"replies":[{"embeddable":true,"href":"https:\/\/donnobikes.com\/de\/wp-json\/wp\/v2\/comments?post=97559"}],"wp:featuredmedia":[{"embeddable":true,"href":"https:\/\/donnobikes.com\/de\/wp-json\/wp\/v2\/media\/97560"}],"wp:attachment":[{"href":"https:\/\/donnobikes.com\/de\/wp-json\/wp\/v2\/media?parent=97559"}],"wp:term":[{"taxonomy":"product_brand","embeddable":true,"href":"https:\/\/donnobikes.com\/de\/wp-json\/wp\/v2\/product_brand?post=97559"},{"taxonomy":"product_cat","embeddable":true,"href":"https:\/\/donnobikes.com\/de\/wp-json\/wp\/v2\/product_cat?post=97559"},{"taxonomy":"product_tag","embeddable":true,"href":"https:\/\/donnobikes.com\/de\/wp-json\/wp\/v2\/product_tag?post=97559"}],"curies":[{"name":"wp","href":"https:\/\/api.w.org\/{rel}","templated":true}]}}