{"id":95735,"date":"2024-04-23T13:41:50","date_gmt":"2024-04-23T11:41:50","guid":{"rendered":"https:\/\/donnobikes.com\/?page_id=95735"},"modified":"2024-04-24T10:20:09","modified_gmt":"2024-04-24T08:20:09","slug":"about-us-donnobikes","status":"publish","type":"page","link":"https:\/\/donnobikes.com\/en\/about-us-donnobikes\/","title":{"rendered":"About Us"},"content":{"rendered":"","protected":false},"excerpt":{"rendered":"","protected":false},"author":1,"featured_media":0,"parent":0,"menu_order":0,"comment_status":"closed","ping_status":"closed","template":"tempates\/about-us.php","meta":{"footnotes":""},"class_list":["post-95735","page","type-page","status-publish","hentry"],"meta_box":{"data":{"intro":{"pretitle":"Biciclette multifunzionali","title":"Innovation, Passion, Freedom:<br> Discover the World of Donnobikes","desc":"Benvenuto nel mondo delle biciclette senza confini, dove <strong>l'innovazione<\/strong> si unisce alla passione per la <strong>libert\u00e0<\/strong>. Da oltre un decennio, Donnobikes ha guidato la rivoluzione delle due ruote, offrendo soluzioni su misura per ogni esploratore urbano.\r\n<strong>Pronti a trasformare il tuo viaggio in un'avventura senza limiti?<\/strong>","button":{"title":"Find out more"},"button_alt":{"title":"Watching videos"},"image":"95757"},"vantaggi":{"title":"We only offer it","desc":"Servizi premium","list":[{"image":"95753","title":"DonnoLive - Esperienza in Tempo Reale","descrizione":"Con DonnoLive, hai la possibilit\u00e0 di visionare la tua bicicletta online e ricevere consigli dal nostro esperto meccanico con oltre 10 anni di esperienza"},{"image":"95755","title":"DonnoSafe - Sicurezza Assoluta","descrizione":"DonnoSafe offre un sistema antifurto unico per le nostre biciclette, garantendo la massima protezione ovunque tu vada."},{"image":"95754","title":"DonnoDelivery - Consegna Veloce","descrizione":"DonnoDelivery garantisce una consegna rapida in tutta Italia entro 72 ore. La tua bicicletta arriva gi\u00e0 assemblata, pronta per essere utilizzata immediatamente."},{"image":"95756","title":"DonnoService - Assistenza Completa","descrizione":"Con DonnoService, hai accesso a oltre 60 officine in tutta Italia e pi\u00f9 di 19 punti di controllo durante il montaggio."}]},"info":{"title":"Precisely created to meet individual needs and exceed expectations","desc":"Noi crediamo che le biciclette non siano semplicemente mezzi di trasporto, ma piuttosto <strong>compagne di vita<\/strong>. Sono le alleate silenziose che ci portano lontano dalle preoccupazioni quotidiane, che ci fanno sentire liberi e in sintonia con il mondo che ci circonda.\r\n\r\nEcco perch\u00e9 ogni bicicletta che produciamo \u00e8 stata plasmata con dedizione e passione, per offrirti <strong>un'esperienza di guida senza paragoni<\/strong>\r\n\r\nIn Donnobikes, ci impegniamo a portare avanti questa visione, creando biciclette che non solo rispondono alle tue esigenze, ma che ti <strong>ispirano a vivere<\/strong> ogni pedalata al massimo.","list":[{"title":"10,000+ ","descrizione":"Clienti soddisfatti in tutto il mondo hanno scelto Donnobikes per le loro avventure"},{"title":"Premio RedDot 2023\/24 ","descrizione":"La nostra bicicletta innovativa iO InBicy ha vinto il prestigioso Red Dot Design Award 2023\/24"},{"title":"Sicurezza al 1* posto","descrizione":"La sicurezza \u00e8 la nostra massima priorit\u00e0. Trasporto sicuro dei bambini, garantendo protezione durante ogni pedalata"},{"title":"Eccellenza Personalizzata","descrizione":"Vai oltre il convenzionale.  Scegli solo il meglio.  Da Donno Bikes, hai una bici premium e supporto personalizzato.."}],"image":"95741","link":"https:\/\/www.youtube.com\/watch?v=UJt_l622SMw"},"cta":{"title":"Do you want to find out which bike best suits your needs?","desc":"Vorresti ricevere consigli personalizzati da uno dei nostri esperti qualificati?\r\nLascia la tua richiesta e uno dei nostri esperti ti contatter\u00e0 presto per aiutarti nella scelta.","button":"Scopri di pi\u00f9","background":"95739"},"brand":{"pretitle":"The u-tility bikes","title":"Our bicycle brands","list":[{"image":"95746","logo":"89507","title":"InBicy","desc":"Una cargo bike di design non \u00e8 solo bella, garantisce anche di sentirsi bene e divertirsi guidando, con e senza carico. Quando include agilit\u00e0, capienza, sicurezza e stile, \u00e8 perfetta."},{"image":"95743","logo":"89505","title":"Yuba","desc":"Trasportare carichi quando vuoi senza sudare, scegliendo tra cargo bike compatte o di grandi dimensioni senza mai rinunciare alla sicurezza, alla manovrabilit\u00e0 e al divertimento\r\n"},{"image":"95744","logo":"89509","title":"Ahooga","desc":"Una bella pedalata \u00e8 l\u2019ingrediente pi\u00f9 essenziale. Ma in citt\u00e0 \u00e8 anche indispensabile che una bici agile e sicura occupi poco spazio. Le city bike pieghevoli sono la soluzione.\r\n"},{"image":"95745","logo":"89508","title":"Taga","desc":"Le cargo bike a tre ruote sono progettate per quando sicurezza di guida, stabilit\u00e0, capacit\u00e0 di carico e facilit\u00e0 d\u2019uso diventano essenziali per famiglie con bambini e non solo\r\n"}],"button":"Scopri di pi\u00f9"},"recensioni":{"pretitle":"Recensioni su Google","title":"What do they say about us?","link":"Vedi tutti i recensioni","list":[{"title":"- Sara Silvestri","desc":"Ho avuto un'esperienza molto positiva per l'acquisto di una cargo bike con DonnoBikes! Non essendo un tipo di bicicleta molto comune da trovare in persona nei negozi, ..... "},{"title":"- Alberto Falezza","desc":"Felici possessori di Yuba Kombi motorizzata Bafang, da settembre 2023. \u00c8 una svolta! Bici rustica ma affidabile stabile e velocissima anche a pieno carico, ...."},{"title":"- Marco Terra","desc":"Mi sono avvicinato al mondo delle Cargo Family Bike circa un anno fa quando i modelli della Yuba visti sul web hanno catturato la mia attenzione. ...."},{"title":"- TheFamily Gaming","desc":"Ho avuto un'esperienza molto positiva per l'acquisto di una cargo bike con DonnoBikes! Non essendo un tipo di bicicleta molto comune da trovare in persona nei negozi, ..... "}]}},"servizi_page":[],"front_page_group":[],"pagamento":[],"spedizione":[],"group_mnnetnjnlpc":[],"group_sudinoi":[],"group_lavora-con-noi":[]},"_links":{"self":[{"href":"https:\/\/donnobikes.com\/en\/wp-json\/wp\/v2\/pages\/95735","targetHints":{"allow":["GET"]}}],"collection":[{"href":"https:\/\/donnobikes.com\/en\/wp-json\/wp\/v2\/pages"}],"about":[{"href":"https:\/\/donnobikes.com\/en\/wp-json\/wp\/v2\/types\/page"}],"author":[{"embeddable":true,"href":"https:\/\/donnobikes.com\/en\/wp-json\/wp\/v2\/users\/1"}],"replies":[{"embeddable":true,"href":"https:\/\/donnobikes.com\/en\/wp-json\/wp\/v2\/comments?post=95735"}],"version-history":[{"count":0,"href":"https:\/\/donnobikes.com\/en\/wp-json\/wp\/v2\/pages\/95735\/revisions"}],"wp:attachment":[{"href":"https:\/\/donnobikes.com\/en\/wp-json\/wp\/v2\/media?parent=95735"}],"curies":[{"name":"wp","href":"https:\/\/api.w.org\/{rel}","templated":true}]}}