{"id":95912,"date":"2024-05-20T23:50:37","date_gmt":"2024-05-20T21:50:37","guid":{"rendered":"https:\/\/donnobikes.com\/?page_id=95912"},"modified":"2024-05-24T15:45:56","modified_gmt":"2024-05-24T13:45:56","slug":"weasels","status":"publish","type":"page","link":"https:\/\/donnobikes.com\/en\/weasels\/","title":{"rendered":"DonnoLive"},"content":{"rendered":"","protected":false},"excerpt":{"rendered":"","protected":false},"author":11,"featured_media":0,"parent":0,"menu_order":0,"comment_status":"closed","ping_status":"closed","template":"tempates\/donnodelivery.php","meta":{"footnotes":""},"class_list":["post-95912","page","type-page","status-publish","hentry"],"meta_box":{"data":{"intro":{"pretitle":"Scegliere la bicicletta ideale?","title":"Yes! With Donnolive it's easy!","desc":"Scopri la Tua Bicicletta Senza Doverla Vedere dal Vivo, e sii sicuro che il nostro esperto \u00e8 veramento esperto","button":{"title":"Yes, make an appointment \ud83d\ude80","link":"modal_donnolive"},"image":"95914"},"info":{"image":"95855","list":[{"image":"95860","desc":"<b>Esperienza e Competenza: <\/b>I nostri esperti hanno anni di esperienza nel settore e conoscono a fondo ogni bicicletta."},{"image":"95859","desc":"<b>Tempo per Capire:<\/b> Nessuna fretta! Potrai prenderti tutto il tempo necessario per fare domande e ottenere risposte dettagliate."},{"image":"95861","desc":"<b>Comodit\u00e0:<\/b> Potrai conoscere la bici direttamente da casa tua, senza doverti spostare."}]},"cta":{"pretitle":"Come funziona","title":"DonnoLive","desc":"Donnolive \u00e8 il servizio ideale per chi desidera scegliere una bicicletta con sicurezza e consapevolezza. Con il nostro supporto, potrai evitare le insidie di una consulenza frettolosa o incompetente e conoscere a fondo la tua futura bicicletta.","image":"95853","list":[{"title":"Prenota una chiamata:","desc":"Scegli l'orario che preferisci per una chiamata con uno dei nostri esperti","nomero":"1"},{"title":"Conosci la bici: ","desc":"Durante la chiamata, l'esperto ti mostrer\u00e0 la bici, risponder\u00e0 alle tue domande e ti guider\u00e0 nella scelta","nomero":"2"},{"title":"Decidi con sicurezza:","desc":"Al termine della chiamata, avrai tutte le informazioni necessarie per prendere una decisione consapevole.","nomero":"3"}],"image_cta":"95854","button":{"title":"Want Free Shipping? Click Here!","link":"modal_donnolive"}},"video":{"title":"Want to see how it's done","pretitle":"DonnoDelivery ?","list":[{"title":"Yuba Kombi Bafang","desc":"Bicicletta elettrica configurata per la famiglia ","link":"https:\/\/www.youtube.com\/watch?v=oN_8xiw6epk&ab_channel=DonnoBikes","image":"95918"},{"title":"Yuba Kombi Bafang","desc":"Bicicletta elettrica configurata per la famiglia ","link":"https:\/\/www.youtube.com\/watch?v=-5F4BTZpGB0&ab_channel=DonnoBikes","image":"95919"},{"title":"Yuba Kombi Bafang","desc":"Bicicletta elettrica configurata per la famiglia ","link":"https:\/\/www.youtube.com\/watch?v=FzDjIi-94XM&ab_channel=DonnoBikes","image":"95920"}]},"id":"23"},"servizi_page":[],"front_page_group":[],"pagamento":[],"spedizione":[],"group_mnnetnjnlpc":[],"group_sudinoi":[],"group_lavora-con-noi":[]},"_links":{"self":[{"href":"https:\/\/donnobikes.com\/en\/wp-json\/wp\/v2\/pages\/95912","targetHints":{"allow":["GET"]}}],"collection":[{"href":"https:\/\/donnobikes.com\/en\/wp-json\/wp\/v2\/pages"}],"about":[{"href":"https:\/\/donnobikes.com\/en\/wp-json\/wp\/v2\/types\/page"}],"author":[{"embeddable":true,"href":"https:\/\/donnobikes.com\/en\/wp-json\/wp\/v2\/users\/11"}],"replies":[{"embeddable":true,"href":"https:\/\/donnobikes.com\/en\/wp-json\/wp\/v2\/comments?post=95912"}],"version-history":[{"count":0,"href":"https:\/\/donnobikes.com\/en\/wp-json\/wp\/v2\/pages\/95912\/revisions"}],"wp:attachment":[{"href":"https:\/\/donnobikes.com\/en\/wp-json\/wp\/v2\/media?parent=95912"}],"curies":[{"name":"wp","href":"https:\/\/api.w.org\/{rel}","templated":true}]}}