{"id":14620,"date":"2020-07-18T00:31:43","date_gmt":"2020-07-17T22:31:43","guid":{"rendered":"https:\/\/donnobikes.com\/?post_type=product&#038;p=14620"},"modified":"2025-05-02T13:36:28","modified_gmt":"2025-05-02T11:36:28","slug":"yuba-kombi-e5-donno-bikes-mod","status":"publish","type":"product","link":"https:\/\/donnobikes.com\/en\/product\/yuba-kombi-e5-donno-bikes-mod\/","title":{"rendered":"Yuba Kombi E5 DonnoBikes Mod"},"content":{"rendered":"<h3>Leave the car keys at home and get in the saddle with the family!<\/h3>\n<p>The Yuba Kombi E5 is a compact pedal-assisted cargo longtail bicycle, Yuba's most popular electric model. Ideal for city dwellers who want to try the cargo adventure, choosing to use a bicycle to replace their car, but with a smooth ride! The Yuba Kombi E5 boasts a number of unique features.<\/p>\n<p><strong>High-quality components.<\/strong> Shimano components give it high performance at a competitive price. Powered by a Shimano STePS E5000 mid-drive motor and a 418 Wh battery, it can easily accompany you on any city route. It will surprise you with its robustness and manoeuvrability. It rides with style and its hydraulic disc brakes help instil confidence when you stop under load. The 9-speed system allows you to choose from a wide range of gears according to the terrain and load on board.<\/p>\n<p><strong>Adapts to your needs<\/strong>. The chassis of the Yuba Kombi E5 can easily be customised for you. Children, adults, side bags... endless possibilities await you! You can put 2 child seats for the little ones, protective poles for the big ones and a cover for rainy days. Everything is possible with the Kombi E5! You will probably drive it more than you use your car!<\/p>\n<p class=\"textgame\"><strong>La <\/strong>The Yuba Kombi e5 embodies our vision of advanced cycling, combining power and versatility in a design that adapts to urban needs, just like a bicycle with a structure <i>foldable<\/i> e <i>power<\/i>-bike.<\/p>","protected":false},"excerpt":{"rendered":"<p>Shimano STePS E5000 motor - Colour Silver<\/p>","protected":false},"featured_media":93111,"comment_status":"open","ping_status":"closed","template":"","meta":[],"product_brand":[],"product_cat":[621,622,623,33,624,626,594,523,21],"product_tag":[18,36],"class_list":{"0":"post-14620","1":"product","2":"type-product","3":"status-publish","4":"has-post-thumbnail","6":"product_cat-bici-da-carico","7":"product_cat-bici-da-trasporto","8":"product_cat-bici-per-trasporto-bambini","9":"product_cat-biciclette","10":"product_cat-cargo-bike","11":"product_cat-cargo-bike-elettrica","12":"product_cat-catalogo","13":"product_cat-compact-cargo","14":"product_cat-yuba","15":"product_tag-cargo-bike","16":"product_tag-e-bike","17":"product_shipping_class-bicicletta","19":"first","20":"instock","21":"sale","22":"shipping-taxable","23":"purchasable","24":"product-type-variable","25":"has-default-attributes"},"gallery_images":[93112,93110,93109],"meta_box":{"short_name":"","marketing_name":"YUBA KOMBI E5 DonnoBikes Mod","motore_for_biciclette":["90449"],"biciclette_id":"90437","consegna":"","configurator":[],"single_page_group":{"video_group":[{"link_video":"https:\/\/www.youtube.com\/watch?v=vSNIrQ30HHY&t=20s","title":"Lifestyle with Kombi E5","preheader":"Scopri come questa cargo e-bike pu\u00f2 cambiare il tuo quotidiano","preview":"91400"},{"link_video":"https:\/\/www.youtube.com\/watch?v=OHk7DA5ESGs&t=7s","title":"Presentation of Kombi E5","preheader":"Una visione a 360* del nuovo modello cargo elettrico di Yuba","preview":"91401"},{"link_video":"https:\/\/www.youtube.com\/watch?v=CTBLp3q3oqg","title":"Introduction to the characteristics","preheader":"Presentazione delle principali funzioni tecniche e di design","preview":"91402"},{"link_video":"https:\/\/www.youtube.com\/watch?v=e3BaDevwNv4&t=107s","title":"Kombi E5 from the Donno Bikes workshop","preheader":"Scopri display, freni, cambio, motore Shimano e le fasi di assestamento","preview":"91422"},{"link_video":"https:\/\/www.youtube.com\/watch?v=D0kxIVarJdE&ab_channel=DonnoBikes","title":"Yuba E5 an e-bike to carry up to 200kg","preview":"94110"}],"galleria_fotografica":{"image":["91407","91404","91408","91405","91406","91410","91409","91411","91412"],"galleria_banner":["91413","91414","91416","91415"]},"versatilita":{"title":"YUBA KOMBI E5. NEW GENERATION U-TILITY E-BIKE.","desc":"Yuba Kombi E5 combina la qualit\u00e0 Shimano ad un prezzo vantaggioso, senza rinunciare alla versatilit\u00e0. Il suo aspetto chic, la compattezza e la resistenza, hanno reso particolarmente popolare questa cargo e-bike. Il divertimento alla guida si unisce alla manovrabilit\u00e0, potrai superare tutti i ciclisti, anche con bambini e borse della spesa a bordo. La sua ampia gamma di accessori la rende perfettamente attrezzata per la vita familiare quotidiana in citt\u00e0 in qualunque circostanza.","versatilita_group":[{"image":"91649","desc":"Senza accessori sembra una normale e-bike ma la sua agilit\u00e0, la potenzialit\u00e0 di carico e la possibilit\u00e0 di parcheggio verticale la rendono unica."},{"image":"91648","desc":"Portapacchi da 70cm a cui agganciare grandi borse laterali e una borsa spesa nel cesto anteriore ne fanno la sostituta ideale all'automobile."},{"image":"91655","desc":"Compatible con Yepp, Qibbel e la maggior parte dei seggiolini disponibili sul mercato. La cargo bike \u00e8 progettata per portare due bambini in sicurezza."},{"image":"91652","desc":"Porta un bambino su un seggiolino e un secondo pi\u00f9 grande sul retro. Le aste di sicurezza sono facoltative ma assolutamente raccomandate."},{"image":"91654","desc":"Porta un bambino sul seggiolino e due borse laterali. Anche senza cesto anteriore, la capacit\u00e0 di carico \u00e8 considerevole."},{"image":"91651","desc":"Porta in sicurezza due bambini pi\u00f9 grandi. Le barre delle aste di sicurezza sono disegnate per sostenere, proteggere e far divertire i tuoi figli."},{"image":"91650","desc":"Trasporta uno o due passeggeri adulti. Le sponde laterali e le maniglie tra cui scegliere garantiscono comfort e appiglio sicuro durante la corsa."},{"image":"91653","desc":"Usa la cargo bike in qualunque condizione atmosferica, proteggendo il tuo carico. I tuoi passeggeri avranno sempre una vista panoramica."},{"image":"89498"}]},"fotogallery_sync":"91418","edition":"1"},"catalog_group":{"quote":"2 COLORI","text":"La cargo e-bike compatta best-seller in America arriva in Italia! Prendi le tue cose e salta in sella.","vuoi":"Una cargo bike elettrica sempre pronta all\u2019azione, divertente da guidare e facile da manovrare.  Bella e molto versatile grazie ai tanti accessori con cui equipaggiarla. Una e-bike che tutti in casa vorranno guidare, in grado di trasportare tutto quello che serve!"}},"_links":{"self":[{"href":"https:\/\/donnobikes.com\/en\/wp-json\/wp\/v2\/product\/14620","targetHints":{"allow":["GET"]}}],"collection":[{"href":"https:\/\/donnobikes.com\/en\/wp-json\/wp\/v2\/product"}],"about":[{"href":"https:\/\/donnobikes.com\/en\/wp-json\/wp\/v2\/types\/product"}],"replies":[{"embeddable":true,"href":"https:\/\/donnobikes.com\/en\/wp-json\/wp\/v2\/comments?post=14620"}],"wp:featuredmedia":[{"embeddable":true,"href":"https:\/\/donnobikes.com\/en\/wp-json\/wp\/v2\/media\/93111"}],"wp:attachment":[{"href":"https:\/\/donnobikes.com\/en\/wp-json\/wp\/v2\/media?parent=14620"}],"wp:term":[{"taxonomy":"product_brand","embeddable":true,"href":"https:\/\/donnobikes.com\/en\/wp-json\/wp\/v2\/product_brand?post=14620"},{"taxonomy":"product_cat","embeddable":true,"href":"https:\/\/donnobikes.com\/en\/wp-json\/wp\/v2\/product_cat?post=14620"},{"taxonomy":"product_tag","embeddable":true,"href":"https:\/\/donnobikes.com\/en\/wp-json\/wp\/v2\/product_tag?post=14620"}],"curies":[{"name":"wp","href":"https:\/\/api.w.org\/{rel}","templated":true}]}}