{"id":18319,"date":"2020-10-30T00:42:58","date_gmt":"2020-10-29T23:42:58","guid":{"rendered":"https:\/\/donnobikes.com\/?post_type=product&#038;p=18319"},"modified":"2026-02-09T10:05:49","modified_gmt":"2026-02-09T09:05:49","slug":"bread-basket-yuba","status":"publish","type":"product","link":"https:\/\/donnobikes.com\/en\/product\/bread-basket-yuba\/","title":{"rendered":"Yuba Bread Basket"},"content":{"rendered":"<h3>Compatible with all models Kombi, Mundo, Spicy Curry<\/h3>\n<p>The Yuba Bread Basket is a maxi basket that can carry up to 22kg of cargo on the front of Yuba cargo bikes. Made of aluminium, which makes it stronger while remaining lightweight (less than 3kg), it comes complete with a mesh cover and quick release attachments to quickly assemble and disassemble the basket to your liking. Fixing tools are included in the package.<\/p>\n<p>Despite its considerable internal dimensions of 48 x 35 x 15 cm, the Yuba Bread Basket is extremely stable while riding because it does not turn with the handlebars but attaches directly to the cargo bike frame.  To protect the load, the Bread Basket Cover Kit, a mesh cover and a second weatherproof cover, is sold separately.<\/p>\n<p>&nbsp;<\/p>","protected":false},"excerpt":{"rendered":"<p>Compatibile con tutti i modelli Kombi, Mundo, Spicy Curry Il Bread Basket Yuba \u00e8 un maxi cesto che pu\u00f2 trasportare fino a 22kg di carico sulla parte anteriore delle cargo bike Yuba. Realizzato in alluminio, che lo rende pi\u00f9 resistente pur rimanendo leggero (meno di 3kg), viene fornito completo di una fodera in rete e [&hellip;]<\/p>\n","protected":false},"featured_media":91094,"comment_status":"closed","ping_status":"closed","template":"","meta":[],"product_brand":[],"product_cat":[16,635,21,649],"product_tag":[],"class_list":{"0":"post-18319","1":"product","2":"type-product","3":"status-publish","4":"has-post-thumbnail","6":"product_cat-yuba-accessori","7":"product_cat-carico-anteriore","8":"product_cat-yuba","9":"product_cat-yuba-kombi-db","10":"product_shipping_class-accessori","12":"first","13":"instock","14":"shipping-taxable","15":"purchasable","16":"product-type-simple"},"gallery_images":[91094,91086,91087,91088,91089,91090,91091,91092,91093],"meta_box":{"short_name":"Cesto Bread Basket","marketing_name":"","motore_for_biciclette":[],"biciclette_id":"","consegna":"","configurator":[],"single_page_group":[],"catalog_group":[]},"_links":{"self":[{"href":"https:\/\/donnobikes.com\/en\/wp-json\/wp\/v2\/product\/18319","targetHints":{"allow":["GET"]}}],"collection":[{"href":"https:\/\/donnobikes.com\/en\/wp-json\/wp\/v2\/product"}],"about":[{"href":"https:\/\/donnobikes.com\/en\/wp-json\/wp\/v2\/types\/product"}],"replies":[{"embeddable":true,"href":"https:\/\/donnobikes.com\/en\/wp-json\/wp\/v2\/comments?post=18319"}],"wp:featuredmedia":[{"embeddable":true,"href":"https:\/\/donnobikes.com\/en\/wp-json\/wp\/v2\/media\/91094"}],"wp:attachment":[{"href":"https:\/\/donnobikes.com\/en\/wp-json\/wp\/v2\/media?parent=18319"}],"wp:term":[{"taxonomy":"product_brand","embeddable":true,"href":"https:\/\/donnobikes.com\/en\/wp-json\/wp\/v2\/product_brand?post=18319"},{"taxonomy":"product_cat","embeddable":true,"href":"https:\/\/donnobikes.com\/en\/wp-json\/wp\/v2\/product_cat?post=18319"},{"taxonomy":"product_tag","embeddable":true,"href":"https:\/\/donnobikes.com\/en\/wp-json\/wp\/v2\/product_tag?post=18319"}],"curies":[{"name":"wp","href":"https:\/\/api.w.org\/{rel}","templated":true}]}}