{"id":2972,"date":"2019-10-18T05:54:42","date_gmt":"2019-10-18T03:54:42","guid":{"rendered":"https:\/\/donnobikes.com\/product\/bicicletta-elettrica-pieghevole-ahooga\/"},"modified":"2026-05-11T15:39:57","modified_gmt":"2026-05-11T13:39:57","slug":"ahooga-power-2","status":"publish","type":"product","link":"https:\/\/donnobikes.com\/en\/product\/ahooga-power-2\/","title":{"rendered":"Ahooga Power 36V"},"content":{"rendered":"<h2>The lightest folding city bike on the market!<\/h2>\n<p class=\"_04xlpA direction-ltr align-start para-style-body\">The Ahooga Power 36V is a compact and ultra-light folding bike. Like every Ahooga folding city bike, it differs in its folding speed and the high strength of its frame. A triangular frame, without hinges, which remains in one piece throughout the folding process. Ahooga's patented 'Double Triangle Twin Tube' improves the riding experience by eliminating frame flexing during pedalling. And it ensures that it does not break at the hinges as is normally the case with folding frames.<\/p>\n<p><strong>Superior performance.<\/strong> The Ahooga Power 36V differs from the folding bikes in the Active 24V line mainly due to its superior engine performance, longer battery life and the adoption of higher quality components such as wider wheels and a leather saddle with Royal Scientia M2 seat.<\/p>\n<p class=\"textgame\">La <strong>revolution <\/strong>of design is evident in the Ahooga Power Folding, reflecting our vision of a cycling world where functionality and practicality meet, a concept that is echoed in bicycles designed for the <i>mundo<\/i> urban<\/p>\n<p class=\"_04xlpA direction-ltr align-start para-style-body\"><strong>Two folding levels.<\/strong> In 2 seconds it folds in half and can be transported on wheels like a trolley, the folding in use on the 95% oftentimes. In 10 seconds it folds completely, measuring only 85 x 36 x 70 cm. You can take it without any problem from the metro to the bar, from the office to the bus, from the train to your living room.<\/p>\n<p><strong>Award-winning<\/strong>. Quality and performance of the Ahooga Power 36V won the Red Dot Design Award in 2018 and 2021.<\/p>","protected":false},"excerpt":{"rendered":"<p>Aikema Motor 250W - Colour OMG Silver<\/p>","protected":false},"featured_media":98084,"comment_status":"open","ping_status":"closed","template":"","meta":[],"product_brand":[],"product_cat":[73,33,594,526,527],"product_tag":[69,36,76],"class_list":{"0":"post-2972","1":"product","2":"type-product","3":"status-publish","4":"has-post-thumbnail","6":"product_cat-ahooga","7":"product_cat-biciclette","8":"product_cat-catalogo","9":"product_cat-city-bike","10":"product_cat-pieghevoli","11":"product_tag-city-bike","12":"product_tag-e-bike","13":"product_tag-pieghevole","14":"product_shipping_class-bicicletta","16":"first","17":"instock","18":"shipping-taxable","19":"purchasable","20":"product-type-variable","21":"has-default-attributes"},"gallery_images":[98087,98095,98094,98093,98092,98091,98090,98089,98088],"meta_box":{"short_name":"","marketing_name":"AHOOGA POWER 36V","motore_for_biciclette":["92411"],"biciclette_id":"92843","consegna":"","configurator":[],"single_page_group":{"video_group":[{"link_video":"https:\/\/www.youtube.com\/watch?v=WK-dNRU-Dsc","title":"Design Ahooga","preheader":"Una pieghevole dalle prestazioni uniche","preview":"93629"},{"link_video":"https:\/\/www.youtube.com\/watch?v=33ytiZCZL48","title":"A unique combination of features","preheader":"Vivi la citt\u00e0 a 360\u00b0 con una bici pieghevole ibrida!","preview":"93624"}],"galleria_fotografica":{"image":["92787","92788","92789","92790","92791","92792","92793","92794","92795"],"galleria_banner":["92839","92838","92837","92840"]},"versatilita":{"title":"AHOOGA POWER 36V. NEW GENERATION U-TILITY E-BIKE.","desc":"Ahooga Power 36V \u00e8 la city e-bike ideale per single e pendolari. Ma non solo. Consente di andare al lavoro anche su lunghe distanze, con una combinazione di mezzi pubblici e corsa in bici. Ideale anche per affrontare qualunque improvviso cambio di clima. Ma questa city bike pieghevole offre soluzioni sorprendenti grazie al suo portapacchi e agli accessori da manubrio. Se pensavi che con una bicicletta pieghevole non fosse possibile trasportare piccoli carichi, Ahooga Power cambier\u00e0 il tuo modo di guardare le city bike pieghevoli.","versatilita_group":[{"image":"93167","desc":"Senza accessori \u00e8 una pieghevole ultraleggera, che si differenzia per la resistenza del suo telaio grazie all'assenza di cerniere e per la sua velocit\u00e0 di piegatura."},{"image":"93172","desc":"Portapacchi posteriore con portata fino a 20kg per agganciare cestini e assicurare pesi, consente di trasportare carichi quotidiani. Un accessorio sorprendente per una pieghevole."},{"image":"93166","desc":"Compatible con Yepp, Qibbel e la maggior parte dei seggiolini disponibili sul mercato. Puoi portare un bambino in sicurezza entro i 20kg incluso il peso del seggiolino."},{"image":"93173","desc":"Porta una sacca, un pallone, un pacchetto e altri carichi. Con il supporto VarioRack pu\u00f2 trasportare fino a 7kg. Le sue cinghie assicurano il carico."},{"image":"93169","desc":"Porta 2 borse fino a 25 litri agganciate al portapacchi. In combinazione con una borsa sul supporto VarioRack trasporta tutto quello che serve."},{"image":"93168","desc":"Trasporta capienti borse laterali e uno zaino da agganciare al manubrio, da portare in spalla quando la corsa \u00e8 terminata. Ideale per studenti e pendolari."},{"image":"93170","desc":"Porta in sicurezza un animale domestico di piccola taglia con il trasportino che si aggancia al manubrio o al portapacchi, per andare al parco o dal veterinario."},{"image":"93171","desc":"Raddoppia con un animale di piccola taglia nel trasportino e un bambino nel seggiolino. L'unico limite \u00e8 la portata massima di 105kg incluso il ciclista."},{"image":"89498"}]},"edition":"0","banner_think":"98096","banner_think_mobile":"98097","title_hero":"Ahooga Power 36V","pretitle_hero":"La city bike pieghevole","paga":"Tua a partire da 80 \u20ac al mese","tags":["Pieghevole potente","Telaio senza cerniere","Pieghatura facile","City power"],"short_description":"La bici elettrica pieghevole per chi vuole la libert\u00e0 di una folding, ma con pi\u00f9 potenza, pi\u00f9 autonomia e pi\u00f9 sicurezza negli spostamenti quotidiani.","garanzia":"5"},"catalog_group":{"quote":"215 COLORI","text":"La city bike pieghevole pi\u00f9 che elettrica, ibrida! Un gioiellino di tecnologia che fa sudare molte e-bike.","vuoi":"Una city bike che puoi personalizzare come vuoi. Che ti trasporta come una vera bicicletta ma che puoi piegare in pochi secondi e portare ovunque, dal bar ai mezzi pubblici, al tuo mini appartamento. Piccola, leggera, trendy e con un telaio indistruttibile."}},"_links":{"self":[{"href":"https:\/\/donnobikes.com\/en\/wp-json\/wp\/v2\/product\/2972","targetHints":{"allow":["GET"]}}],"collection":[{"href":"https:\/\/donnobikes.com\/en\/wp-json\/wp\/v2\/product"}],"about":[{"href":"https:\/\/donnobikes.com\/en\/wp-json\/wp\/v2\/types\/product"}],"replies":[{"embeddable":true,"href":"https:\/\/donnobikes.com\/en\/wp-json\/wp\/v2\/comments?post=2972"}],"wp:featuredmedia":[{"embeddable":true,"href":"https:\/\/donnobikes.com\/en\/wp-json\/wp\/v2\/media\/98084"}],"wp:attachment":[{"href":"https:\/\/donnobikes.com\/en\/wp-json\/wp\/v2\/media?parent=2972"}],"wp:term":[{"taxonomy":"product_brand","embeddable":true,"href":"https:\/\/donnobikes.com\/en\/wp-json\/wp\/v2\/product_brand?post=2972"},{"taxonomy":"product_cat","embeddable":true,"href":"https:\/\/donnobikes.com\/en\/wp-json\/wp\/v2\/product_cat?post=2972"},{"taxonomy":"product_tag","embeddable":true,"href":"https:\/\/donnobikes.com\/en\/wp-json\/wp\/v2\/product_tag?post=2972"}],"curies":[{"name":"wp","href":"https:\/\/api.w.org\/{rel}","templated":true}]}}