{"id":3029,"date":"2019-10-15T04:25:33","date_gmt":"2019-10-15T02:25:33","guid":{"rendered":"https:\/\/donnobikes.com\/product\/box-in-bambu-per-la-bicicletta-yuba-super-cargo\/"},"modified":"2024-03-06T13:00:04","modified_gmt":"2024-03-06T12:00:04","slug":"bamboo-box-yuba","status":"publish","type":"product","link":"https:\/\/donnobikes.com\/en\/product\/bamboo-box-yuba\/","title":{"rendered":"Bamboo Box Yuba"},"content":{"rendered":"<h3>Compatible with all Supercargo models<\/h3>\n<p>The Yuba Bamboo Box is a front container for the Yuba Supercargo cargo bike. Robust, stable and durable, it has an enormous load capacity! The Supercargo Base Board, sold separately, is required for assembly.<\/p>\n<p>Transport your groceries, tools, pets and children safely and securely. For the convenience and safety of children during transport, the Bamboo Box Seat Kit, sold separately, is a must. To get the most out of your Bamboo Box Yuba Supercargo even on rainy, snowy, windy or other weather days, combine it with the Yuba Canopy.<\/p>\n<p>The Bamboo Box is made of 3-layer bamboo, a weather-resistant and sustainable material. Bamboo cultivation is fast and does not use much water. All our bamboo products comply with REACH guidelines that protect against hazardous and toxic chemicals. Bamboo products are covered by a one-year limited warranty for structural integrity.<\/p>","protected":false},"excerpt":{"rendered":"<p>Compatibile con tutti i modelli Supercargo Il Bamboo Box Yuba \u00e8 un contenitore frontale per la cargo bike Supercargo di Yuba. Robusto, stabile e resistente, ha una enorme capacit\u00e0 di carico! Per il montaggio \u00e8 necessaria la Base Board Supercargo, in vendita a parte. Trasporta la tua spesa, attrezzi, animali domestici e bambini in modo [&hellip;]<\/p>\n","protected":false},"featured_media":91305,"comment_status":"closed","ping_status":"closed","template":"","meta":[],"product_brand":[],"product_cat":[16,21],"product_tag":[],"class_list":{"0":"post-3029","1":"product","2":"type-product","3":"status-publish","4":"has-post-thumbnail","6":"product_cat-yuba-accessori","7":"product_cat-yuba","8":"product_shipping_class-accessori","10":"first","11":"instock","12":"shipping-taxable","13":"purchasable","14":"product-type-simple"},"gallery_images":[91303,91302,91304,91306,91310,91308,91309,91307],"meta_box":{"short_name":"Bamboo Box","marketing_name":"","motore_for_biciclette":[],"biciclette_id":"","consegna":"","configurator":[],"single_page_group":[],"catalog_group":[]},"_links":{"self":[{"href":"https:\/\/donnobikes.com\/en\/wp-json\/wp\/v2\/product\/3029","targetHints":{"allow":["GET"]}}],"collection":[{"href":"https:\/\/donnobikes.com\/en\/wp-json\/wp\/v2\/product"}],"about":[{"href":"https:\/\/donnobikes.com\/en\/wp-json\/wp\/v2\/types\/product"}],"replies":[{"embeddable":true,"href":"https:\/\/donnobikes.com\/en\/wp-json\/wp\/v2\/comments?post=3029"}],"wp:featuredmedia":[{"embeddable":true,"href":"https:\/\/donnobikes.com\/en\/wp-json\/wp\/v2\/media\/91305"}],"wp:attachment":[{"href":"https:\/\/donnobikes.com\/en\/wp-json\/wp\/v2\/media?parent=3029"}],"wp:term":[{"taxonomy":"product_brand","embeddable":true,"href":"https:\/\/donnobikes.com\/en\/wp-json\/wp\/v2\/product_brand?post=3029"},{"taxonomy":"product_cat","embeddable":true,"href":"https:\/\/donnobikes.com\/en\/wp-json\/wp\/v2\/product_cat?post=3029"},{"taxonomy":"product_tag","embeddable":true,"href":"https:\/\/donnobikes.com\/en\/wp-json\/wp\/v2\/product_tag?post=3029"}],"curies":[{"name":"wp","href":"https:\/\/api.w.org\/{rel}","templated":true}]}}