{"id":3069,"date":"2019-10-07T07:03:02","date_gmt":"2019-10-07T05:03:02","guid":{"rendered":"https:\/\/donnobikes.com\/product\/bicicletta-da-carico-yuba-super-cargo\/"},"modified":"2026-03-18T16:52:14","modified_gmt":"2026-03-18T15:52:14","slug":"yuba-supercargo-cl-donno-bikes-mod","status":"publish","type":"product","link":"https:\/\/donnobikes.com\/en\/product\/yuba-supercargo-cl-donno-bikes-mod\/","title":{"rendered":"Yuba Supercargo CL Donno Bikes Mod"},"content":{"rendered":"<h3>Much more than a two-wheeler, much more than a cargo bike!<\/h3>\n<p>Yuba Supercargo CL is the electric version of Yuba Supercargo. A powerful cargo bike long john, i.e. with a front loading area. This extraordinary cargo bike model is ideal for small and large families, and for companies that want to transport bulky loads over short distances in an environmentally friendly and sustainable way.<\/p>\n<p><strong>Space. Power. Performance.<\/strong> Despite its length, it goes fast, is sporty and agile. You will appreciate the responsive steering and powerful motor more and more as you pedal. Because this electric cargo bike transports children - or anything else - through the city and up hills without batting an eyelid. Its secret is the dual-cable steering, which is sensitive and responsive to the slightest steering manoeuvre, and the low centre of gravity guaranteed by the size of the wheels. The mountain bike-style seat and handlebars ensure a sporty riding experience.<\/p>\n<p><strong>Style and fun in everyday life.<\/strong> Riding the Supercargo CL to school or kindergarten will make the kids happy and you are sure to attract attention! Whether it's going shopping or loading everything you need for a barbecue in the park, or a sack, rucksack and tent for a hike, the style of this cargo bike will drive your kids crazy with joy and allow you to keep them under control during the ride.<\/p>\n<p><strong>Bring everything you want.<\/strong> When it comes to transport, the Yuba Supercargo CL is very flexible. Most things fit into the front boxes that you can choose as accessories: children, pets, groceries, equipment. But if there is something really bulky to transport - planks, a cabinet or fruit crates - you can use the load base directly.<\/p>","protected":false},"excerpt":{"rendered":"<p>Colour Black<\/p>","protected":false},"featured_media":93444,"comment_status":"open","ping_status":"closed","template":"","meta":[],"product_brand":[],"product_cat":[621,622,623,33,624,626,594,525,21],"product_tag":[36],"class_list":{"0":"post-3069","1":"product","2":"type-product","3":"status-publish","4":"has-post-thumbnail","6":"product_cat-bici-da-carico","7":"product_cat-bici-da-trasporto","8":"product_cat-bici-per-trasporto-bambini","9":"product_cat-biciclette","10":"product_cat-cargo-bike","11":"product_cat-cargo-bike-elettrica","12":"product_cat-catalogo","13":"product_cat-front-cargo","14":"product_cat-yuba","15":"product_tag-e-bike","16":"product_shipping_class-bicicletta","18":"first","19":"instock","20":"shipping-taxable","21":"purchasable","22":"product-type-variable","23":"has-default-attributes"},"gallery_images":[93443,93442,93445],"meta_box":{"short_name":"","marketing_name":"YUBA SUPERCARGO CL","motore_for_biciclette":["89128"],"biciclette_id":"93127","consegna":"","configurator":[],"single_page_group":{"video_group":[{"link_video":"https:\/\/www.youtube.com\/watch?v=wdDwci1mP3U","title":"Life with a front-loaded electric cargo bike","preheader":"D\u00ec addio alla seconda auto nel vialetto e dai il benvenuto allo stile di vita cargo!","preview":"93607"},{"link_video":"https:\/\/www.youtube.com\/watch?v=By5cDnwcYvM","title":"Discover what a supercargo bike can do for you!","preheader":"Progettata appositamente per genitori attivi e proprietari di piccole imprese","preview":"93608"},{"link_video":"https:\/\/www.youtube.com\/watch?v=bDWYVsMuEus","title":"From our Workshop","preheader":"Scopri come assemblare la cargo bike passo passo!","preview":"93610"},{"link_video":"https:\/\/www.youtube.com\/watch?v=bPkH5VmrBos","title":"All features and functionality","preheader":"Scopri come si adatta a quasi tutti i ciclisti ","preview":"93609"}],"galleria_fotografica":{"image":["93397","93398","93399","93400","93401","93402","93403","93404","93405"],"galleria_banner":["93411","93408","93407","93409"]},"versatilita":{"title":"YUBA SUPERCARGO CL. NEW GENERATION U-TILITY E-BIKE.","desc":"Yuba Supercargo CL combina eccezionali prestazioni di carico con la potenza del motore Bosch progettato appositamente per cargo bike. Nonostante il carico frontale e le dimensioni, questa cargo bike \u00e8 sorprendentemente agile e facile da guidare. La sua gamma di accessori la rende ideale per aziende che hanno esigenze di trasporto locale. La possibilit\u00e0 di scegliere tra sedute posizionate sul fronte o il classico trasporto sul portapacchi la rende perfetta per famiglie.","versatilita_group":[{"image":"93212","desc":"Senza accessori sembra una normale front cargo elettrica ma sono la facilit\u00e0 di guida e l'incredibile capacit\u00e0 di carico che la rendono unica."},{"image":"93216","desc":"Trasporta qualunque di carico con la Base Board. Pu\u00f2 portare cassette, pacchi e tutto quanto richieda una superficie piana e solida."},{"image":"93211","desc":"Trasporta in sicurezza i tuoi carichi all'interno del robusto ed elegante Bamboo Box. Per il montaggio \u00e8 necessaria la Base Board."},{"image":"93210","desc":"Trasporta due bambini in sicurezza dentro al Bamboo Box. Sono necessari il kit seduta e il seggiolino 2b3. "},{"image":"93209","desc":"Compatibile con seggiolino Thule Yepp Maxi Easy Fit. Trasporta un secondo bambino nel Bamboo Box e rimane spazio per tutto il carico che serve."},{"image":"93215","desc":"Trasporta in sicurezza i tuoi carichi all'interno dell'Open Loader in tessuto. Per il montaggio \u00e8 necessaria la Base Board."},{"image":"93214","desc":"Trasporta due bambini aggiungendo il kit seduta e il seggiolino 2b3. Le cinture integrate garantiscono la sicurezza durante la corsa."},{"image":"93213","desc":"Usa la cargo bike in qualunque condizione atmosferica, proteggendo il tuo carico. I tuoi passeggeri avranno sempre una vista panoramica."},{"image":"89498"}]},"edition":"1"},"catalog_group":{"quote":"3 COLORI","text":"La long john dalla spinta turbo che \u00e8 molto pi\u00f9 di una due ruote. E molto pi\u00f9 di una cargo bike!","vuoi":"Una cargo bike elettrica per viaggi giornalieri e micro-avventure con la famiglia. Una grande capacit\u00e0 di carico per uso professionale. Con accessori tra cui scegliere per rendere la corsa confortevole e perfetta in ogni situazione!"}},"_links":{"self":[{"href":"https:\/\/donnobikes.com\/en\/wp-json\/wp\/v2\/product\/3069","targetHints":{"allow":["GET"]}}],"collection":[{"href":"https:\/\/donnobikes.com\/en\/wp-json\/wp\/v2\/product"}],"about":[{"href":"https:\/\/donnobikes.com\/en\/wp-json\/wp\/v2\/types\/product"}],"replies":[{"embeddable":true,"href":"https:\/\/donnobikes.com\/en\/wp-json\/wp\/v2\/comments?post=3069"}],"wp:featuredmedia":[{"embeddable":true,"href":"https:\/\/donnobikes.com\/en\/wp-json\/wp\/v2\/media\/93444"}],"wp:attachment":[{"href":"https:\/\/donnobikes.com\/en\/wp-json\/wp\/v2\/media?parent=3069"}],"wp:term":[{"taxonomy":"product_brand","embeddable":true,"href":"https:\/\/donnobikes.com\/en\/wp-json\/wp\/v2\/product_brand?post=3069"},{"taxonomy":"product_cat","embeddable":true,"href":"https:\/\/donnobikes.com\/en\/wp-json\/wp\/v2\/product_cat?post=3069"},{"taxonomy":"product_tag","embeddable":true,"href":"https:\/\/donnobikes.com\/en\/wp-json\/wp\/v2\/product_tag?post=3069"}],"curies":[{"name":"wp","href":"https:\/\/api.w.org\/{rel}","templated":true}]}}