{"id":36812,"date":"2021-08-23T13:37:30","date_gmt":"2021-08-23T11:37:30","guid":{"rendered":"https:\/\/donnobikes.com\/?post_type=product&#038;p=36812"},"modified":"2024-03-06T13:00:07","modified_gmt":"2024-03-06T12:00:07","slug":"handlebar-shopper-bag","status":"publish","type":"product","link":"https:\/\/donnobikes.com\/en\/product\/handlebar-shopper-bag\/","title":{"rendered":"Handlebar Shopper Bag"},"content":{"rendered":"<h3>Compatible with all Donno Bikes<\/h3>\n<p>The Handlebar Shopper Bag, manufactured by Rixen Kaul, is the smart alternative to the traditional shopping basket. Ideal for groceries, your laptop and much more. The Shopper Bag attaches with a click to the handlebar tube. The hold is stable. When not in use, it can be stored folded in very little space. Its quick attachment and ease of use make it one of the most popular items of bicycle accessories.<\/p>\n<ul>\n<li>Dimensions 38 x 25 x 29 cm.<\/li>\n<li>Weight 950 g.<\/li>\n<li>It can carry up to 7 kg or 24 litres of cargo.<\/li>\n<li>Made of durable, water-repellent nylon.<\/li>\n<li>Reinforced base.<\/li>\n<li>Wide carrying handles.<\/li>\n<li>Chrome-plated steel coupling.<\/li>\n<li>KLICKfix mounting adapter included.<\/li>\n<\/ul>","protected":false},"excerpt":{"rendered":"<p>Compatibile con tutte le biciclette Donno Bikes La Shopper Bag da manubrio, prodotta da Rixen Kaul, \u00e8 l&#8217;alternativa intelligente al tradizionale cestino. Ideale per la spesa, il laptop e molto altro. La Shopper Bag si installa con un click al tubo del manubrio. La tenuta \u00e8 stabile. Quando non \u00e8 in uso, si pu\u00f2 riporre [&hellip;]<\/p>\n","protected":false},"featured_media":92879,"comment_status":"closed","ping_status":"closed","template":"","meta":[],"product_brand":[],"product_cat":[23],"product_tag":[88],"class_list":{"0":"post-36812","1":"product","2":"type-product","3":"status-publish","4":"has-post-thumbnail","6":"product_cat-accessori-vari","7":"product_tag-borsa","8":"product_shipping_class-accessori","10":"first","11":"instock","12":"shipping-taxable","13":"purchasable","14":"product-type-simple"},"gallery_images":[92878,92880,92881,92882,92884,92883],"meta_box":{"short_name":"Shopper Bag da manubrio","marketing_name":"","motore_for_biciclette":[],"biciclette_id":"","consegna":"","configurator":[],"single_page_group":[],"catalog_group":[]},"_links":{"self":[{"href":"https:\/\/donnobikes.com\/en\/wp-json\/wp\/v2\/product\/36812","targetHints":{"allow":["GET"]}}],"collection":[{"href":"https:\/\/donnobikes.com\/en\/wp-json\/wp\/v2\/product"}],"about":[{"href":"https:\/\/donnobikes.com\/en\/wp-json\/wp\/v2\/types\/product"}],"replies":[{"embeddable":true,"href":"https:\/\/donnobikes.com\/en\/wp-json\/wp\/v2\/comments?post=36812"}],"wp:featuredmedia":[{"embeddable":true,"href":"https:\/\/donnobikes.com\/en\/wp-json\/wp\/v2\/media\/92879"}],"wp:attachment":[{"href":"https:\/\/donnobikes.com\/en\/wp-json\/wp\/v2\/media?parent=36812"}],"wp:term":[{"taxonomy":"product_brand","embeddable":true,"href":"https:\/\/donnobikes.com\/en\/wp-json\/wp\/v2\/product_brand?post=36812"},{"taxonomy":"product_cat","embeddable":true,"href":"https:\/\/donnobikes.com\/en\/wp-json\/wp\/v2\/product_cat?post=36812"},{"taxonomy":"product_tag","embeddable":true,"href":"https:\/\/donnobikes.com\/en\/wp-json\/wp\/v2\/product_tag?post=36812"}],"curies":[{"name":"wp","href":"https:\/\/api.w.org\/{rel}","templated":true}]}}