{"id":39054,"date":"2019-10-07T07:28:19","date_gmt":"2019-10-07T05:28:19","guid":{"rendered":"https:\/\/donnobikes.com\/product\/yuba-mundo-lux-3\/"},"modified":"2026-05-07T09:13:11","modified_gmt":"2026-05-07T07:13:11","slug":"yuba-mundo-lux","status":"publish","type":"product","link":"https:\/\/donnobikes.com\/en\/product\/yuba-mundo-lux\/","title":{"rendered":"Yuba Mundo Lux"},"content":{"rendered":"<h2>Designed like a two-wheeled SUV!<\/h2>\n<p>Yuba Mundo Lux is Yuba's largest and strongest longtail cargo bike, the unbeatable original model and a customer favourite.<\/p>\n<p><strong>Designed for the family.<\/strong> Having children means having to carry many things, especially when on the move. No wonder many parents think they have to buy an SUV. Yuba has developed an alternative to pollution, a two-wheeler that is sustainable and pleasant to drive. In terms of technology, load capacity and seating, the Yuba Mundo Lux perfectly suits the needs of a family of four. It has enough space for two children and two adults, it can carry gigantic saddle bags, and your kids can enjoy the ride in a completely different way instead of behind the windows of a car.<\/p>\n<p><strong>Cargo for all intents and purposes.<\/strong> It has all the positive characteristics that a cargo bike must have, only it is more solid, easier to ride and more robust. It is relatively long compared to a longtail, and in its 97 centimetres of luggage rack there are an incredible number of possibilities: Picking up two kids from kindergarten with the weekly shopping on the rack? Mum, dad and baby walking on one bike? You don't need a bulky family car for that. No matter what you use the cargo bike for, the Yuba Mundo Lux will change your life!<\/p>\n<p>&nbsp;<\/p>","protected":false},"excerpt":{"rendered":"<p>Muscular<\/p>","protected":false},"featured_media":97885,"comment_status":"open","ping_status":"closed","template":"","meta":[],"product_brand":[],"product_cat":[621,622,623,33,592,624,594,21],"product_tag":[65],"class_list":{"0":"post-39054","1":"product","2":"type-product","3":"status-publish","4":"has-post-thumbnail","6":"product_cat-bici-da-carico","7":"product_cat-bici-da-trasporto","8":"product_cat-bici-per-trasporto-bambini","9":"product_cat-biciclette","10":"product_cat-biciclette-muscolari","11":"product_cat-cargo-bike","12":"product_cat-catalogo","13":"product_cat-yuba","14":"product_tag-muscolare","15":"product_shipping_class-bicicletta","17":"first","18":"custom-in-arrivo","19":"shipping-taxable","20":"purchasable","21":"product-type-simple"},"gallery_images":[97886,97887,97888,97889,97890,97891,97892,97893],"meta_box":{"short_name":"","marketing_name":"YUBA MUNDO LUX","motore_for_biciclette":[],"biciclette_id":"93693","consegna":"","configurator":[],"single_page_group":{"video_group":[{"link_video":"https:\/\/www.youtube.com\/watch?v=fFoG4UaLBlg","title":"Riding the biggest muscle cargo bike","preheader":"Scopri la manovrabilit\u00e0 e la facilit\u00e0 di guida","preview":"93617"},{"link_video":"https:\/\/www.youtube.com\/watch?v=maPyg0FaVeg","title":"How should a cargo bike 'sound'?","preheader":"Scopri la colonna sonora dei componenti di Mundo Lux!","preview":"93616"},{"link_video":"https:\/\/www.youtube.com\/watch?v=Wwl_eLSkIZA","title":"From our Workshop","preheader":"Segui il tutorial step by step per montare la cargo bike","preview":"93615"}],"galleria_fotografica":{"image":["91743","91744","91745","91746","91747","91748"],"galleria_banner":["91749","91750","91751","91752"]},"versatilita":{"title":"YUBA MUNDO LUX. NEW GENERATION U-TILITY BIKE.","desc":"Yuba Mundo Lux combina versatilit\u00e0 a prestazioni di carico eccezionali. La robustezza e la capacit\u00e0 di trasporto rendono questa full cargo bike uno straordinario sostituto dell'auto per le famiglie. Sebbene pi\u00f9 lunga di una normale bicicletta, \u00e8 divertente e facile da guidare. La sua ampia gamma di accessori la rende perfettamente equipaggiata per la vita familiare in qualunque situazione quotidiana.","versatilita_group":[{"image":"93189","desc":"Senza accessori sembra una bicicletta pi\u00f9 lunga del normale ma sono la facilit\u00e0 di guida e l'incredibile capacit\u00e0 di carico che la rendono unica."},{"image":"93190","desc":"Portapacchi da 97cm a cui agganciare grandi borse laterali e una borsa spesa nel cesto anteriore ne fanno una perfetta sostituta dell'automobile."},{"image":"93197","desc":"Compatible con Yepp, Qibbel e la maggior parte dei seggiolini disponibili sul mercato. La cargo bike \u00e8 progettata per portare due bambini in sicurezza."},{"image":"93194","desc":"Porta un bambino su un seggiolino e un secondo pi\u00f9 grande sul retro. Le aste di sicurezza sono facoltative ma assolutamente raccomandate."},{"image":"93192","desc":"Porta in sicurezza due bambini pi\u00f9 grandi. Le barre delle aste di sicurezza sono disegnate per sostenere, proteggere e far divertire i tuoi figli."},{"image":"93193","desc":"Trasporta uno o due passeggeri adulti. Le sponde laterali e le maniglie tra cui scegliere garantiscono comfort e appiglio sicuro durante la corsa."},{"image":"93195","desc":"Usa la cargo bike in qualunque condizione atmosferica, proteggendo il tuo carico. I tuoi passeggeri avranno sempre una vista panoramica."},{"image":"93196","desc":"Trasporta valigie fissandole con cinghie, fissa grandi borse laterali al portapacchi, e abbina una borsa a tracolla nel cesto. Fino a 250kg incluso il ciclista."},{"image":"89498"}]},"edition":"0","tags":["SUV a pedali","Portata 250kg","Trasporta tre bambini"],"short_description":"Il SUV a pedali definitivo per la tua famiglia: telaio in acciaio premium e un'incredibile portata di 250 kg per trasportare fino a 3 bambini sfruttando solo la tua energia"},"catalog_group":{"quote":"1 COLORE","text":"Lascia le chiavi dell\u2019auto a casa e sali su un minivan a due ruote! La cargo bike intramontabile.","vuoi":"La cargo bike pi\u00f9 capiente, dotata di un telaio comodo e affidabile per lunghe pedalate in citt\u00e0 e non solo. Il modello pi\u00f9 classico, pensato come un SUV per la famiglia, utile per tenersi in forma, un vero best seller che ha conquistato il mondo!"}},"_links":{"self":[{"href":"https:\/\/donnobikes.com\/en\/wp-json\/wp\/v2\/product\/39054","targetHints":{"allow":["GET"]}}],"collection":[{"href":"https:\/\/donnobikes.com\/en\/wp-json\/wp\/v2\/product"}],"about":[{"href":"https:\/\/donnobikes.com\/en\/wp-json\/wp\/v2\/types\/product"}],"replies":[{"embeddable":true,"href":"https:\/\/donnobikes.com\/en\/wp-json\/wp\/v2\/comments?post=39054"}],"wp:featuredmedia":[{"embeddable":true,"href":"https:\/\/donnobikes.com\/en\/wp-json\/wp\/v2\/media\/97885"}],"wp:attachment":[{"href":"https:\/\/donnobikes.com\/en\/wp-json\/wp\/v2\/media?parent=39054"}],"wp:term":[{"taxonomy":"product_brand","embeddable":true,"href":"https:\/\/donnobikes.com\/en\/wp-json\/wp\/v2\/product_brand?post=39054"},{"taxonomy":"product_cat","embeddable":true,"href":"https:\/\/donnobikes.com\/en\/wp-json\/wp\/v2\/product_cat?post=39054"},{"taxonomy":"product_tag","embeddable":true,"href":"https:\/\/donnobikes.com\/en\/wp-json\/wp\/v2\/product_tag?post=39054"}],"curies":[{"name":"wp","href":"https:\/\/api.w.org\/{rel}","templated":true}]}}