{"id":53917,"date":"2022-04-11T15:34:03","date_gmt":"2022-04-11T13:34:03","guid":{"rendered":"https:\/\/donnobikes.com\/?post_type=product&#038;p=53917"},"modified":"2025-02-27T16:44:13","modified_gmt":"2025-02-27T15:44:13","slug":"ahooga-urban","status":"publish","type":"product","link":"https:\/\/donnobikes.com\/en\/product\/ahooga-urban\/","title":{"rendered":"Ahooga Urban"},"content":{"rendered":"<h3><span style=\"font-size: 18.72px;\">Powerful, single speed and space-saving urban e-bike!<\/span><\/h3>\n<p><span style=\"font-size: 16px;\">The Ahooga Urban is the essence of an electric city bike, designed for urban routes. Daily rides to work, a fun ride with friends or shopping. A hyper-light and designer e-bike. Without gears, so you don't have to think and just enjoy the ride. With a powerful motor and a long-life battery that you can take with you anywhere to recharge. Responsive and with the safety of hydraulic brakes. Low transmission wear and low maintenance costs. <\/span><\/p>\n<p><span style=\"font-size: 16px;\"><strong>More than electric, hybrid! <\/strong><\/span><span style=\"font-size: 16px;\">A smooth and soft pedal stroke, inviting hybrid use and extending battery life. Because Urban is designed for a unique riding experience even without electric assistance. It is up to you to decide which source of energy to draw from, yours or the engine's. <\/span><\/p>\n<p><strong>Save space with Twistlock. <\/strong>An e-bike designed for city spaces, where space is at a premium. The handlebar's Twistlock system allows you to rotate it 90 degrees, reducing the parking space of the 60%. You can store it practically anywhere: in the corridor of your flat, in the office or in the garage.<\/p>","protected":false},"excerpt":{"rendered":"<p>Aikema 250W motor - Battery 400W\/h - Chain drive<\/p>","protected":false},"featured_media":93271,"comment_status":"open","ping_status":"closed","template":"","meta":[],"product_brand":[],"product_cat":[73,33,594,526],"product_tag":[69,36],"class_list":{"0":"post-53917","1":"product","2":"type-product","3":"status-publish","4":"has-post-thumbnail","6":"product_cat-ahooga","7":"product_cat-biciclette","8":"product_cat-catalogo","9":"product_cat-city-bike","10":"product_tag-city-bike","11":"product_tag-e-bike","12":"product_shipping_class-bicicletta","13":"pa_trasmissione-catena","14":"pa_trasmissione-cinghia","16":"first","17":"instock","18":"shipping-taxable","19":"purchasable","20":"product-type-variable","21":"has-default-attributes"},"gallery_images":[93269,93270],"meta_box":{"short_name":"","marketing_name":"AHOOGA URBAN","motore_for_biciclette":["92521"],"biciclette_id":"92519","consegna":"","configurator":[],"single_page_group":{"video_group":[{"link_video":"https:\/\/www.youtube.com\/watch?v=u-JzExcJNFY","title":"Single speed, powerful and light","preheader":"Unisex e concepita per gli spazi urbani","preview":"93637"},{"link_video":"https:\/\/www.youtube.com\/watch?v=sHZzF8Al9sY","title":"Everything you need in an e-bike!","preheader":"Ideale per grandi citt\u00e0 ma non solo","preview":"93638"},{"link_video":"https:\/\/www.youtube.com\/watch?v=WLI5RM-ed9c","title":"Style details","preheader":"Panoramica live del design","preview":"93636"}],"galleria_fotografica":{"image":["92505","92506","92507","92508","92512","92510","92511","92509","92513"],"galleria_banner":["92514","93276","92515"]},"fotogallery_sync":"89769"},"catalog_group":{"quote":"1 COLORE \/ 4 VARIANTI","text":"Tutto ci\u00f2 di cui hai bisogno in una e-bike per un\u2019esperienza di guida unica in citt\u00e0 e non solo!","vuoi":"Una potente city bike elettrica, elegante e confortevole. La semplicit\u00e0 di una singola velocit\u00e0 con cui ti puoi concentrare sulla strada anzich\u00e9 sulla marcia giusta. Una bicicletta leggera che grazie al peso ridotto puoi pedalare senza sforzo anche senza assistenza elettrica!"}},"_links":{"self":[{"href":"https:\/\/donnobikes.com\/en\/wp-json\/wp\/v2\/product\/53917","targetHints":{"allow":["GET"]}}],"collection":[{"href":"https:\/\/donnobikes.com\/en\/wp-json\/wp\/v2\/product"}],"about":[{"href":"https:\/\/donnobikes.com\/en\/wp-json\/wp\/v2\/types\/product"}],"replies":[{"embeddable":true,"href":"https:\/\/donnobikes.com\/en\/wp-json\/wp\/v2\/comments?post=53917"}],"wp:featuredmedia":[{"embeddable":true,"href":"https:\/\/donnobikes.com\/en\/wp-json\/wp\/v2\/media\/93271"}],"wp:attachment":[{"href":"https:\/\/donnobikes.com\/en\/wp-json\/wp\/v2\/media?parent=53917"}],"wp:term":[{"taxonomy":"product_brand","embeddable":true,"href":"https:\/\/donnobikes.com\/en\/wp-json\/wp\/v2\/product_brand?post=53917"},{"taxonomy":"product_cat","embeddable":true,"href":"https:\/\/donnobikes.com\/en\/wp-json\/wp\/v2\/product_cat?post=53917"},{"taxonomy":"product_tag","embeddable":true,"href":"https:\/\/donnobikes.com\/en\/wp-json\/wp\/v2\/product_tag?post=53917"}],"curies":[{"name":"wp","href":"https:\/\/api.w.org\/{rel}","templated":true}]}}