{"id":67405,"date":"2022-08-11T14:26:17","date_gmt":"2022-08-11T12:26:17","guid":{"rendered":"https:\/\/donnobikes.com\/?post_type=product&#038;p=67405"},"modified":"2026-02-07T16:05:21","modified_gmt":"2026-02-07T15:05:21","slug":"qibbel-air-rear-seat","status":"publish","type":"product","link":"https:\/\/donnobikes.com\/en\/product\/qibbel-air-rear-seat\/","title":{"rendered":"Rear seat for children up to 6 years old"},"content":{"rendered":"<h3>Not compatible with Supercargo and Taga models<\/h3>\n<p>The rear seat is known for its safety despite being the lightest rear seat on the market. Pleasant on hot days and temperate on windy ones. The seat is easily installed on the rear carrier of the bicycle.<\/p>\n<ul>\n<li>Suitable for children up to 6 years of age or a maximum weight of 22 kg.<\/li>\n<li>Made of breathable, strong and durable mesh.<\/li>\n<li>Weight 2.5 kg.<\/li>\n<li>Comfortable high backrest to support the back.<\/li>\n<li>Five-point safety belt that adjusts to fit the size of the child.<\/li>\n<li>Adjustable footrests.<\/li>\n<li>Mounting kit included.<\/li>\n<li>Complies with the EU safety standard EN14344.<\/li>\n<\/ul>","protected":false},"excerpt":{"rendered":"<p>Non compatibile con i modelli Supercargo e Taga Il seggiolino posteriore \u00e8 noto per la sicurezza nonostante sia il sedile posteriore pi\u00f9 leggero sul mercato. Piacevole nelle giornate pi\u00f9 calde e temperato in quelle ventilate. Il seggiolino si installa facilmente sul portapacchi posteriore della bicicletta. Adatto a bambini fino a 6 anni di et\u00e0 o [&hellip;]<\/p>\n","protected":false},"featured_media":92959,"comment_status":"closed","ping_status":"closed","template":"","meta":[],"product_brand":[],"product_cat":[23,641,640,639,601],"product_tag":[],"class_list":{"0":"post-67405","1":"product","2":"type-product","3":"status-publish","4":"has-post-thumbnail","6":"product_cat-accessori-vari","7":"product_cat-inbicy-flashswitch-seduta-e-carico-posteriore-2","8":"product_cat-inbicy-supernova-seduta-e-carico-posteriore-2","9":"product_cat-seduta-e-carico-posteriore-2","10":"product_cat-seggiolini-e-sedute","11":"product_shipping_class-accessori","13":"first","14":"instock","15":"shipping-taxable","16":"purchasable","17":"product-type-simple"},"gallery_images":[92960,92961,92962,92963],"meta_box":{"short_name":"Seggiolino Posteriore per Bambini fino a 6 anni","marketing_name":"","motore_for_biciclette":[],"biciclette_id":"","consegna":"","configurator":[],"single_page_group":[],"catalog_group":[]},"_links":{"self":[{"href":"https:\/\/donnobikes.com\/en\/wp-json\/wp\/v2\/product\/67405","targetHints":{"allow":["GET"]}}],"collection":[{"href":"https:\/\/donnobikes.com\/en\/wp-json\/wp\/v2\/product"}],"about":[{"href":"https:\/\/donnobikes.com\/en\/wp-json\/wp\/v2\/types\/product"}],"replies":[{"embeddable":true,"href":"https:\/\/donnobikes.com\/en\/wp-json\/wp\/v2\/comments?post=67405"}],"wp:featuredmedia":[{"embeddable":true,"href":"https:\/\/donnobikes.com\/en\/wp-json\/wp\/v2\/media\/92959"}],"wp:attachment":[{"href":"https:\/\/donnobikes.com\/en\/wp-json\/wp\/v2\/media?parent=67405"}],"wp:term":[{"taxonomy":"product_brand","embeddable":true,"href":"https:\/\/donnobikes.com\/en\/wp-json\/wp\/v2\/product_brand?post=67405"},{"taxonomy":"product_cat","embeddable":true,"href":"https:\/\/donnobikes.com\/en\/wp-json\/wp\/v2\/product_cat?post=67405"},{"taxonomy":"product_tag","embeddable":true,"href":"https:\/\/donnobikes.com\/en\/wp-json\/wp\/v2\/product_tag?post=67405"}],"curies":[{"name":"wp","href":"https:\/\/api.w.org\/{rel}","templated":true}]}}