{"id":68186,"date":"2022-08-18T12:39:29","date_gmt":"2022-08-18T10:39:29","guid":{"rendered":"https:\/\/donnobikes.com\/?post_type=product&#038;p=68186"},"modified":"2026-03-16T14:09:45","modified_gmt":"2026-03-16T13:09:45","slug":"yuba-mundo-ep8-donno-bikes-mod","status":"publish","type":"product","link":"https:\/\/donnobikes.com\/en\/product\/yuba-mundo-ep8-donno-bikes-mod\/","title":{"rendered":"Yuba Mundo EP8 Donno Bikes Mod"},"content":{"rendered":"<h2>The cargo bike minivan with turbo boost!<\/h2>\n<p>The Yuba Mundo EP8 is the most minivan-like two-wheeler. Having children means having to carry a lot of things, especially when on the move. No wonder many parents think they have to buy a minivan. Yuba has developed an alternative to pollution, a two-wheeler that is sustainable and pleasant to drive. The Mundo EP8 has enough space for two children, gigantic saddle bags and a powerful engine to get you to your destination without stress. And your kids can enjoy the ride in a completely different way instead of behind the windows of a car.<\/p>\n<p>Its careful design will win you over. It has all the positive features a cargo bike should have, only it is more solid, easier to ride and more robust. With the Mundo EP8, you don't need a second car. It is relatively long compared to a longtail, but in its extra 21 centimetres of luggage rack there are an incredible number of possibilities: going to the lake with your son and a little friend? Picking up two kids from kindergarten with the weekly shopping on the rack? Mum, dad and child on one bike? You don't need a bulky family car for that, just the Mundo EP8. Make it your second car, your company car, your school bus, your shopping trolley. No matter what you use your cargo bike for, Mundo will change your life!<\/p>\n<p class=\"textgame\">The Yuba Mundo Shimano model represents the pinnacle <strong>of<\/strong> our commitment to cargo cycling, where each bike is designed for performance of <i>super load<\/i>easily and safely transporting up to 250 kg<\/p>","protected":false},"excerpt":{"rendered":"<p>Shimano STePS EP800 motor - Colour Sandstone<\/p>","protected":false},"featured_media":93118,"comment_status":"open","ping_status":"closed","template":"","meta":[],"product_brand":[],"product_cat":[621,622,623,33,624,626,594,524,21],"product_tag":[36],"class_list":{"0":"post-68186","1":"product","2":"type-product","3":"status-publish","4":"has-post-thumbnail","6":"product_cat-bici-da-carico","7":"product_cat-bici-da-trasporto","8":"product_cat-bici-per-trasporto-bambini","9":"product_cat-biciclette","10":"product_cat-cargo-bike","11":"product_cat-cargo-bike-elettrica","12":"product_cat-catalogo","13":"product_cat-full-size-cargo","14":"product_cat-yuba","15":"product_tag-e-bike","16":"product_shipping_class-bicicletta","18":"first","19":"outofstock","20":"shipping-taxable","21":"purchasable","22":"product-type-variable","23":"has-default-attributes"},"gallery_images":[93117,93116,93119],"meta_box":{"short_name":"","marketing_name":"YUBA MUNDO EP8","motore_for_biciclette":["91715"],"biciclette_id":"91718","consegna":"","configurator":[],"single_page_group":{"video_group":[{"link_video":"https:\/\/www.youtube.com\/watch?v=VS2899SAz_A","title":"A cargo bike that broadens your horizons","preheader":"Supera i limiti di ci\u00f2 che avresti mai pensato una bicicletta potesse fare!","preview":"93611"},{"link_video":"https:\/\/www.youtube.com\/watch?v=O9S5HFqxBZY","title":"Cargo bike in pairs","preheader":"Niente bambini? Mundp EP8 pu\u00f2 portare fino a 3 adulti!","preview":"93614"},{"link_video":"https:\/\/www.youtube.com\/watch?v=kO_QAQGQ1oE","title":"Discover all the features of the largest cargo bike","preheader":"Una visione a 360* di Mundo EP8","preview":"93612"},{"link_video":"https:\/\/www.youtube.com\/watch?v=2F9voaJvCsQ","title":"What is it like to ride a full-size cargo bike?","preheader":"Scopri com'\u00e8 l'esperienza di guida della cargo bike pi\u00f9 grande di Yuba","preview":"93613"}],"galleria_fotografica":{"image":["91725","91726","91727","91728","91729","91730","91731","91732","91733"],"galleria_banner":["91734","91735","91736","91737"]},"versatilita":{"title":"YUBA MUNDO EP8. NEW GENERATION U-TILITY E-BIKE.","desc":"Yuba Mundo EP8 combina la qualit\u00e0 Shimano a prestazioni di carico eccezionali. La versatilit\u00e0, la robustezza e la capacit\u00e0 di trasporto rendono questa full cargo e-bike uno straordinario sostituto dell'auto per le famiglie. Sebbene pi\u00f9 lunga di una normale bicicletta \u00e8 maneggevole, divertente e facile da guidare. La sua ampia gamma di accessori la rende perfettamente equipaggiata per la vita familiare in qualunque situazione quotidiana.","versatilita_group":[{"image":"93181","desc":"Senza accessori sembra una e-bike pi\u00f9 lunga del normale ma sono la facilit\u00e0 di guida e l'incredibile capacit\u00e0 di carico che la rendono unica."},{"image":"93182","desc":"Portapacchi da 97cm a cui agganciare grandi borse laterali e una borsa spesa nel cesto anteriore ne fanno una perfetta sostituta dell'automobile."},{"image":"93188","desc":"Compatible con Yepp, Qibbel e la maggior parte dei seggiolini disponibili sul mercato. La cargo bike \u00e8 progettata per portare due bambini in sicurezza."},{"image":"93185","desc":"Porta un bambino su un seggiolino e un secondo pi\u00f9 grande sul retro. Le aste di sicurezza sono facoltative ma assolutamente raccomandate."},{"image":"93184","desc":"Porta in sicurezza due bambini pi\u00f9 grandi. Le barre delle aste di sicurezza sono disegnate per sostenere, proteggere e far divertire i tuoi figli."},{"image":"93183","desc":"Trasporta uno o due passeggeri adulti. Le sponde laterali e le maniglie tra cui scegliere garantiscono comfort e appiglio sicuro durante la corsa."},{"image":"93186","desc":"Usa la cargo bike in qualunque condizione atmosferica, proteggendo il tuo carico. I tuoi passeggeri avranno sempre una vista panoramica."},{"image":"93187","desc":"Trasporta valigie fissandole con cinghie, fissa grandi borse laterali al portapacchi, e abbina una borsa a tracolla nel cesto. Fino a 250kg incluso il ciclista."},{"image":"89498"}]},"edition":"1"},"catalog_group":{"quote":"2 COLORI","text":"Il restyling dell\u2019intramontabile Mundo, diventa un minivan a due ruote dalla spinta turbo!","vuoi":"Una cargo bike elettrica in grado di unire tecnologia, migliore qualit\u00e0 di guida, pedalata fluida senza flessioni, un esclusivo telaio che assicuri di reggere bene sotto grandi carichi. Bella da guardare. Una cargo bike long tail di lusso!"}},"_links":{"self":[{"href":"https:\/\/donnobikes.com\/en\/wp-json\/wp\/v2\/product\/68186","targetHints":{"allow":["GET"]}}],"collection":[{"href":"https:\/\/donnobikes.com\/en\/wp-json\/wp\/v2\/product"}],"about":[{"href":"https:\/\/donnobikes.com\/en\/wp-json\/wp\/v2\/types\/product"}],"replies":[{"embeddable":true,"href":"https:\/\/donnobikes.com\/en\/wp-json\/wp\/v2\/comments?post=68186"}],"wp:featuredmedia":[{"embeddable":true,"href":"https:\/\/donnobikes.com\/en\/wp-json\/wp\/v2\/media\/93118"}],"wp:attachment":[{"href":"https:\/\/donnobikes.com\/en\/wp-json\/wp\/v2\/media?parent=68186"}],"wp:term":[{"taxonomy":"product_brand","embeddable":true,"href":"https:\/\/donnobikes.com\/en\/wp-json\/wp\/v2\/product_brand?post=68186"},{"taxonomy":"product_cat","embeddable":true,"href":"https:\/\/donnobikes.com\/en\/wp-json\/wp\/v2\/product_cat?post=68186"},{"taxonomy":"product_tag","embeddable":true,"href":"https:\/\/donnobikes.com\/en\/wp-json\/wp\/v2\/product_tag?post=68186"}],"curies":[{"name":"wp","href":"https:\/\/api.w.org\/{rel}","templated":true}]}}