{"id":75932,"date":"2022-10-13T04:58:25","date_gmt":"2022-10-13T02:58:25","guid":{"rendered":"https:\/\/donnobikes.com\/?post_type=product&#038;p=75932"},"modified":"2026-03-16T14:10:28","modified_gmt":"2026-03-16T13:10:28","slug":"yuba-fastrack-donno-bikes-mod","status":"publish","type":"product","link":"https:\/\/donnobikes.com\/en\/product\/yuba-fastrack-donno-bikes-mod\/","title":{"rendered":"Yuba Fastrack Donno Bikes Mod"},"content":{"rendered":"<h3>The cargo e-bike with a transforming rack!<\/h3>\n<p>Yuba Fastrack is not just a compact, it is both an urban e-bike and a city cargo bike. Its integrated folding rack adapts to various transport needs with a single click, opening and closing to transform the Fastrack from a compact e-bike into a mid-tail cargo bike on the fly.<\/p>\n<p><strong>DRS (Dual Rack System) rack. <\/strong>This real transformer on two wheels hides a small cargo giant. It is no problem to transport large and bulky items, and the weekly shopping trip is a breeze! The DRS system offers four integrated transport modes with unprecedented versatility. To work with the roof rack folded down, then to pick up the kids with the roof rack as a footrest or to the supermarket with the roof rack as a loading platform? No problem, the DRS changes position in seconds! The ideal solution for every load is always available and only to be used when needed!<\/p>\n<p><strong>Save space.<\/strong> In cramped city spaces, with the cost of garages and parking spaces skyrocketing, it is priceless to be able to easily carry your vehicle into lifts and hallways, taking up minimal storage space. And parking at home remains the best anti-theft system! Thanks to the small wheels integrated in its frame, Yuba Fastrack can be transported vertically and parked in the space of a Billy Ikea bookcase!<\/p>\n<p class=\"textgame\">The Yuba Fastrack, our <i>finale<\/i> in this chain of innovation, pedal forward to a future in which every bicycle, <strong>as a mosaic of sustainability<\/strong>reveals a larger picture. Pick up the pieces <strong>greens<\/strong> of our cycling story to complete the picture<\/p>","protected":false},"excerpt":{"rendered":"<p>Shimano STePS E7000 motor - Colour Green<\/p>","protected":false},"featured_media":93099,"comment_status":"open","ping_status":"closed","template":"","meta":[],"product_brand":[],"product_cat":[621,622,623,33,624,626,594,523,21],"product_tag":[18,36],"class_list":{"0":"post-75932","1":"product","2":"type-product","3":"status-publish","4":"has-post-thumbnail","6":"product_cat-bici-da-carico","7":"product_cat-bici-da-trasporto","8":"product_cat-bici-per-trasporto-bambini","9":"product_cat-biciclette","10":"product_cat-cargo-bike","11":"product_cat-cargo-bike-elettrica","12":"product_cat-catalogo","13":"product_cat-compact-cargo","14":"product_cat-yuba","15":"product_tag-cargo-bike","16":"product_tag-e-bike","17":"product_shipping_class-bicicletta","19":"first","20":"instock","21":"shipping-taxable","22":"purchasable","23":"product-type-variable","24":"has-default-attributes"},"gallery_images":[93098,93097,93095,93096],"meta_box":{"short_name":"","marketing_name":"YUBA FASTRACK","motore_for_biciclette":["91674"],"biciclette_id":"91665","consegna":"","configurator":[],"single_page_group":{"video_group":[{"link_video":"https:\/\/www.youtube.com\/watch?v=ExeYQaVon2I&list=PLy81_ZTJG-sDiNMZ-qHL6yB49NN2x9yKo&index=20","title":"Discover the best of Yuba's brand new urban cargo e-bike","preheader":"Panoramica delle caratteristiche speciali","preview":"91825"},{"link_video":"https:\/\/www.youtube.com\/watch?v=ztYqJC2uIcU&list=PLy81_ZTJG-sDiNMZ-qHL6yB49NN2x9yKo","title":"Endless possibilities for your loading needs","preheader":"Un portapacchi non basta? Fastrack si fa in quattro!","preview":"91826"},{"link_video":"https:\/\/www.youtube.com\/watch?v=lgTjHjkAVf0&list=PLy81_ZTJG-sDiNMZ-qHL6yB49NN2x9yKo&index=4","title":"Fastrack Family Time","preheader":"Famiglia con uno o due bambini? Semplice con Fastrack","preview":"91827"},{"link_video":"https:\/\/www.youtube.com\/watch?v=alRlpOZ-TIs&list=PLy81_ZTJG-sDiNMZ-qHL6yB49NN2x9yKo&index=3","title":"Yuba Fastrack Lifestyle","preheader":"Una cargo e-bike pensata per la vita quotidiana","preview":"91828"},{"link_video":"https:\/\/www.youtube.com\/watch?v=KK2F6WcKObw&ab_channel=DonnoBikes","title":"Fastrack Family Time","preheader":"Cargo bike Yuba Fastrack e l'Avventura on the Road!","preview":"95900"}],"galleria_fotografica":{"image":["91681","91682","91683","91684","91685","91686","91687","91688","91689"],"galleria_banner":["91691","91692","91693","91830"]},"versatilita":{"title":"YUBA FASTRACK. NEW GENERATION U-TILITY E-BIKE.","desc":"Fastrack \u00e8 una e-bike cargo urbana di ultima generazione. Belle linee, colori trendy, potenza e capienza sono i suoi punti forti. In pi\u00f9, Yuba ha sviluppato un sistema di portapacchi che consente a Fastrack di adattarsi a qualsiasi tipo di carico. Il Dual Rack System (DRS) offre quattro modalit\u00e0 integrate di trasporto con una versatilit\u00e0 senza precedenti. La soluzione ideale per ogni  tipo di carico \u00e8 sempre a disposizione e da utilizzare solo quando serve.","versatilita_group":[{"image":"91696","desc":"Senza accessori sembra una normale e-bike ma dispone del portapacchi integrato in modalit\u00e0 Flat e la possibilit\u00e0 di parcheggio verticale."},{"image":"91697","desc":"In modalit\u00e0 Sideloader il portapacchi si apre in posizione bassa per portare i  passeggeri, offrendo comfort durante la corsa."},{"image":"91698","desc":"Porta un bambino su un seggiolino e un secondo pi\u00f9 grande sul retro. Le aste di sicurezza sono facoltative ma assolutamente raccomandate."},{"image":"91699","desc":"Compatible con Yepp, Qibbel e la maggior parte dei seggiolini disponibili sul mercato. La cargo bike \u00e8 progettata per portare due bambini in sicurezza."},{"image":"91700","desc":"In modalit\u00e0 Carry-On, portapacchi piatto aperto in posizione alta, porta  carichi larghi. Indispensabile l'uso di cinghie Cargo Straps per fissali."},{"image":"91701","desc":"In modalit\u00e0 Compact contiene il carico con sponde laterali. Per proteggere borse, cassette, pacchi e altri oggetti durante il trasporto."},{"image":"91702","desc":"Portapacchi da 83cm a cui agganciare enormi borse laterali e una borsa spesa nel cesto anteriore offrono una grande capacit\u00e0 di carico."},{"image":"91703","desc":"DRS Sling \u00e8 una doppia borsa che poggia lateralmente sul portapacchi aperto in basso. Solleva il portapacchi e DRS Sling si trasforma in una copertura per il carico."},{"image":"89498"}]},"edition":"1"},"catalog_group":{"quote":"3 COLORI","text":"Una cargo bike elettrica di grande impatto! Una trasformista con portapacchi integrato multifunzione.","vuoi":"Una e-bike piccola dai colori trendy, da manovrare con facilit\u00e0 in spazi stretti. Con la stessa capacit\u00e0 di carico di una cargo pi\u00f9 grande. Con un portapacchi integrato che si adatta al carico. La ciliegina sulla torta? Che occupi poco spazio perch\u00e9 pu\u00f2 essere parcheggiata verticalmente."}},"_links":{"self":[{"href":"https:\/\/donnobikes.com\/en\/wp-json\/wp\/v2\/product\/75932","targetHints":{"allow":["GET"]}}],"collection":[{"href":"https:\/\/donnobikes.com\/en\/wp-json\/wp\/v2\/product"}],"about":[{"href":"https:\/\/donnobikes.com\/en\/wp-json\/wp\/v2\/types\/product"}],"replies":[{"embeddable":true,"href":"https:\/\/donnobikes.com\/en\/wp-json\/wp\/v2\/comments?post=75932"}],"wp:featuredmedia":[{"embeddable":true,"href":"https:\/\/donnobikes.com\/en\/wp-json\/wp\/v2\/media\/93099"}],"wp:attachment":[{"href":"https:\/\/donnobikes.com\/en\/wp-json\/wp\/v2\/media?parent=75932"}],"wp:term":[{"taxonomy":"product_brand","embeddable":true,"href":"https:\/\/donnobikes.com\/en\/wp-json\/wp\/v2\/product_brand?post=75932"},{"taxonomy":"product_cat","embeddable":true,"href":"https:\/\/donnobikes.com\/en\/wp-json\/wp\/v2\/product_cat?post=75932"},{"taxonomy":"product_tag","embeddable":true,"href":"https:\/\/donnobikes.com\/en\/wp-json\/wp\/v2\/product_tag?post=75932"}],"curies":[{"name":"wp","href":"https:\/\/api.w.org\/{rel}","templated":true}]}}