{"id":8239,"date":"2020-03-24T19:16:42","date_gmt":"2020-03-24T18:16:42","guid":{"rendered":"https:\/\/donnobikes.com\/?post_type=product&#038;p=8239"},"modified":"2025-02-27T16:44:13","modified_gmt":"2025-02-27T15:44:13","slug":"yuba-supercargo","status":"publish","type":"product","link":"https:\/\/donnobikes.com\/en\/product\/yuba-supercargo\/","title":{"rendered":"Yuba Supercargo"},"content":{"rendered":"<h3>Much more than a two-wheeler!<\/h3>\n<p>Yuba Supercargo is a cargo bike long john, i.e. with a front loading area. Increasingly popular also in Italy, this incredible cargo bike model is ideal for small and large families, and for companies that want to transport bulky loads over short distances in an environmentally friendly and sustainable way.<\/p>\n<p><strong>Agile and sporty in city traffic.<\/strong> Yuba Supercargo is really fast and manoeuvrable even when equipped with the front box and passengers on board. Its secret is the dual-cable steering, sensitive and responsive to the slightest steering manoeuvre, and the low centre of gravity guaranteed by the size of the wheels. The mountain bike-style seat and handlebars ensure a sporty and agile riding experience.<\/p>\n<p class=\"textgame\">The Yuba Supercargo turns every journey into an adventure <i>spicy<\/i>redefining the <strong>cycling<\/strong> sustainable with its exceptional capacity and innovative design<\/p>\n<p><strong>Style and fun in everyday life.<\/strong> Going out with Supercargo makes everything more fun. Going to school or kindergarten with Supercargo will make the kids happy, and riding Supercargo is sure to attract attention! Whether it's going shopping or loading everything you need for a barbecue in the park, or a sack, rucksack and tent for a hike, the style of this cargo bike will drive your kids crazy with joy and allow you to keep them under control during the ride.<\/p>\n<p><strong>Bring everything you want.<\/strong> When it comes to transport, Yuba Supercargo is very flexible. Not only can you choose from two types of front containers to transport passengers and all kinds of cargo, but if you need to transport something bulky you can use the base without a box with straps to secure the load.<\/p>","protected":false},"excerpt":{"rendered":"<p>Colour Gunmetal Grey<\/p>","protected":false},"featured_media":93431,"comment_status":"open","ping_status":"closed","template":"","meta":[],"product_brand":[],"product_cat":[621,622,623,33,592,624,21],"product_tag":[65],"class_list":{"0":"post-8239","1":"product","2":"type-product","3":"status-publish","4":"has-post-thumbnail","6":"product_cat-bici-da-carico","7":"product_cat-bici-da-trasporto","8":"product_cat-bici-per-trasporto-bambini","9":"product_cat-biciclette","10":"product_cat-biciclette-muscolari","11":"product_cat-cargo-bike","12":"product_cat-yuba","13":"product_tag-muscolare","14":"product_shipping_class-bicicletta","16":"first","17":"outofstock","18":"shipping-taxable","19":"purchasable","20":"product-type-variable","21":"has-default-attributes"},"gallery_images":[93430,93429],"meta_box":{"short_name":"","marketing_name":"YUBA SUPERCARGO","motore_for_biciclette":[],"biciclette_id":"93126","consegna":"","configurator":[],"single_page_group":{"video_group":[{"link_video":"https:\/\/www.youtube.com\/watch?v=nZb2InxVYZ0","title":"Find out what you can do with a long john cargo bike!","preheader":"Trasporta comodamente bambini, animali domestici  tutto quello che serve","preview":"93603"}],"galleria_fotografica":{"image":["93417","93418","93419","93420","93421","93422","93423","93424","93425"],"galleria_banner":["93413","93414","93415","93416"]},"versatilita":{"title":"YUBA SUPERCARGO. NEW GENERATION U-TILITY BIKE.","desc":"Yuba Supercargo combina prestazioni di carico straordinarie con versatilit\u00e0 e robustezza. Il carico frontale mantiene la cargo bike sorprendentemente facile da guidare nonostante le dimensioni. La sua gamma di accessori la rende ideale per le attivit\u00e0 professionali che hanno esigenze di trasporto locale. La possibilit\u00e0 di scegliere tra sedute posizionate sul fronte o il classico trasporto sul portapacchi la rende perfetta per famiglie.","versatilita_group":[{"image":"93203","desc":"Senza accessori sembra una normale front cargo bike ma sono la facilit\u00e0 di guida e l'incredibile capacit\u00e0 di carico che la rendono unica."},{"image":"93207","desc":"Trasporta qualunque di carico con la Base Board. Pu\u00f2 portare cassette, pacchi e tutto quanto richieda una superficie piana e solida."},{"image":"93202","desc":"Trasporta in sicurezza i tuoi carichi all'interno del robusto ed elegante Bamboo Box. Per il montaggio \u00e8 necessaria la Base Board."},{"image":"93200","desc":"Trasporta due bambini in sicurezza dentro al Bamboo Box. Sono necessari il kit seduta e il seggiolino 2b3. "},{"image":"93201","desc":"Compatibile con seggiolino Thule Yepp Maxi Easy Fit. Trasporta un secondo bambino nel Bamboo Box e rimane spazio per tutto il carico che serve."},{"image":"93206","desc":"Trasporta in sicurezza i tuoi carichi all'interno dell'Open Loader in tessuto. Per il montaggio \u00e8 necessaria la Base Board."},{"image":"93205","desc":"Trasporta due bambini aggiungendo il kit seduta e il seggiolino 2b3. Le cinture integrate garantiscono la sicurezza durante la corsa."},{"image":"93204","desc":"Usa la cargo bike in qualunque condizione atmosferica, proteggendo il tuo carico. I tuoi passeggeri avranno sempre una vista panoramica."},{"image":"89498"}]},"fotogallery_sync":"92225"},"catalog_group":{"quote":"2 COLORI","text":"Molto pi\u00f9 di una due ruote. Una cargo bike per il lavoro e grandi famiglie che viaggiano insieme!","vuoi":"Una bicicletta che si comporti bene in ogni circostanza. Una guida sportiva e confortevole, incredibilmente fluida, pi\u00f9 maneggevole e stabile di quel che pensi, con enorme capacit\u00e0 di carico e tanti accessori tra cui scegliere!"}},"_links":{"self":[{"href":"https:\/\/donnobikes.com\/en\/wp-json\/wp\/v2\/product\/8239","targetHints":{"allow":["GET"]}}],"collection":[{"href":"https:\/\/donnobikes.com\/en\/wp-json\/wp\/v2\/product"}],"about":[{"href":"https:\/\/donnobikes.com\/en\/wp-json\/wp\/v2\/types\/product"}],"replies":[{"embeddable":true,"href":"https:\/\/donnobikes.com\/en\/wp-json\/wp\/v2\/comments?post=8239"}],"wp:featuredmedia":[{"embeddable":true,"href":"https:\/\/donnobikes.com\/en\/wp-json\/wp\/v2\/media\/93431"}],"wp:attachment":[{"href":"https:\/\/donnobikes.com\/en\/wp-json\/wp\/v2\/media?parent=8239"}],"wp:term":[{"taxonomy":"product_brand","embeddable":true,"href":"https:\/\/donnobikes.com\/en\/wp-json\/wp\/v2\/product_brand?post=8239"},{"taxonomy":"product_cat","embeddable":true,"href":"https:\/\/donnobikes.com\/en\/wp-json\/wp\/v2\/product_cat?post=8239"},{"taxonomy":"product_tag","embeddable":true,"href":"https:\/\/donnobikes.com\/en\/wp-json\/wp\/v2\/product_tag?post=8239"}],"curies":[{"name":"wp","href":"https:\/\/api.w.org\/{rel}","templated":true}]}}