{"id":87883,"date":"2023-02-14T09:56:28","date_gmt":"2023-02-14T08:56:28","guid":{"rendered":"https:\/\/donnobikes.com\/?post_type=product&#038;p=87883"},"modified":"2024-03-06T13:00:06","modified_gmt":"2024-03-06T12:00:06","slug":"ahooga-backpack-x-win","status":"publish","type":"product","link":"https:\/\/donnobikes.com\/en\/product\/ahooga-backpack-x-win\/","title":{"rendered":"Ahooga Backpack x Win"},"content":{"rendered":"<h3>Compatible with all folding Ahooga models<\/h3>\n<p>The backpack produced by Vincita for Ahooga is the ideal companion for carrying personal belongings in the city. Ideal for commuters and students.<\/p>\n<ul>\n<li>Capacious, measuring 43 x 27 x 15 cm.<\/li>\n<li>Lightweight, weighing only 950 g.<\/li>\n<li>It has a capacity of 26 litres and a maximum load capacity of 7 kilos.<\/li>\n<li>It offers external and internal zipped compartments, side compartments, a separate internal compartment for valuables and adjustable shoulder straps.<\/li>\n<li>It is attached to the handlebar with the included KLICKfix adapter, a quick-connect system.<\/li>\n<\/ul>\n<p>No more sweaty back while cycling! At the end of the ride, it quickly unhooks from the adapter and can be carried on your shoulders.<\/p>","protected":false},"excerpt":{"rendered":"<p>Compatibile con tutti i modelli Ahooga pieghevoli Lo zaino prodotto da Vincita per Ahooga, \u00e8 il compagno ideale per trasportare effetti personali in citt\u00e0. Ideale per pendolari e studenti. Capiente, misura 43 x 27 x 15 cm. Leggero, pesa solo 950 gr. Ha una capacit\u00e0 di 26 litri e una portata massima di 7 chili. [&hellip;]<\/p>\n","protected":false},"featured_media":93010,"comment_status":"closed","ping_status":"closed","template":"","meta":[],"product_brand":[],"product_cat":[78,73],"product_tag":[],"class_list":{"0":"post-87883","1":"product","2":"type-product","3":"status-publish","4":"has-post-thumbnail","6":"product_cat-ahooga-accessori","7":"product_cat-ahooga","8":"product_shipping_class-accessori","10":"first","11":"instock","12":"shipping-taxable","13":"purchasable","14":"product-type-simple"},"gallery_images":[93011,93012,93013],"meta_box":{"short_name":"Zaino Ahooga x Vincita","marketing_name":"","motore_for_biciclette":[],"biciclette_id":"","consegna":"","configurator":[],"single_page_group":[],"catalog_group":[]},"_links":{"self":[{"href":"https:\/\/donnobikes.com\/en\/wp-json\/wp\/v2\/product\/87883","targetHints":{"allow":["GET"]}}],"collection":[{"href":"https:\/\/donnobikes.com\/en\/wp-json\/wp\/v2\/product"}],"about":[{"href":"https:\/\/donnobikes.com\/en\/wp-json\/wp\/v2\/types\/product"}],"replies":[{"embeddable":true,"href":"https:\/\/donnobikes.com\/en\/wp-json\/wp\/v2\/comments?post=87883"}],"wp:featuredmedia":[{"embeddable":true,"href":"https:\/\/donnobikes.com\/en\/wp-json\/wp\/v2\/media\/93010"}],"wp:attachment":[{"href":"https:\/\/donnobikes.com\/en\/wp-json\/wp\/v2\/media?parent=87883"}],"wp:term":[{"taxonomy":"product_brand","embeddable":true,"href":"https:\/\/donnobikes.com\/en\/wp-json\/wp\/v2\/product_brand?post=87883"},{"taxonomy":"product_cat","embeddable":true,"href":"https:\/\/donnobikes.com\/en\/wp-json\/wp\/v2\/product_cat?post=87883"},{"taxonomy":"product_tag","embeddable":true,"href":"https:\/\/donnobikes.com\/en\/wp-json\/wp\/v2\/product_tag?post=87883"}],"curies":[{"name":"wp","href":"https:\/\/api.w.org\/{rel}","templated":true}]}}