{"id":91246,"date":"2023-06-05T09:37:32","date_gmt":"2023-06-05T07:37:32","guid":{"rendered":"https:\/\/new.donnobikes.com\/?post_type=product&#038;p=91246"},"modified":"2024-03-06T13:00:09","modified_gmt":"2024-03-06T12:00:09","slug":"yuba-fastrack-deck","status":"publish","type":"product","link":"https:\/\/donnobikes.com\/en\/product\/yuba-fastrack-deck\/","title":{"rendered":"Yuba Fastrack Deck Carrier Board"},"content":{"rendered":"<h3>Compatible with Yuba Fastrack<\/h3>\n<p>Deck Yuba Fastrack is a customised board to optimise the load-carrying capacity of the rear rack of the Yuba Fastrack longtail. Weatherproof and ultra-durable, it is perfect for creating a comfortable seating area for passengers or a flat, sturdy cargo platform. This add-on is a must for your Fastrack cargo bike.<\/p>\n<p>Fits the D.R.S (Dual Rack System) of the rack in each of the 4 positions. Can accommodate two Mini Soft-Spots and Monkey Bars, both sold separately.<\/p>","protected":false},"excerpt":{"rendered":"<p>Compatibile con Yuba Fastrack Deck Yuba Fastrack \u00e8 una tavola personalizzata per ottimizzare la capacit\u00e0 di carico del portapacchi posteriore della longtail Fastrack di Yuba. Resistente alle intemperie e ultra resistente, \u00e8 perfetta per creare una comoda area di seduta per i passeggeri o una piattaforma di carico piatta e robusta. Questo componente aggiuntivo \u00e8 [&hellip;]<\/p>\n","protected":false},"featured_media":91247,"comment_status":"closed","ping_status":"closed","template":"","meta":[],"product_brand":[],"product_cat":[16,21],"product_tag":[],"class_list":{"0":"post-91246","1":"product","2":"type-product","3":"status-publish","4":"has-post-thumbnail","6":"product_cat-yuba-accessori","7":"product_cat-yuba","8":"product_shipping_class-accessori","10":"first","11":"instock","12":"shipping-taxable","13":"purchasable","14":"product-type-simple"},"gallery_images":[91248,91249],"meta_box":{"short_name":"Tavola Portapacchi Deck Fastrack","marketing_name":"","motore_for_biciclette":[],"biciclette_id":"","consegna":"","configurator":[],"single_page_group":[],"catalog_group":[]},"_links":{"self":[{"href":"https:\/\/donnobikes.com\/en\/wp-json\/wp\/v2\/product\/91246","targetHints":{"allow":["GET"]}}],"collection":[{"href":"https:\/\/donnobikes.com\/en\/wp-json\/wp\/v2\/product"}],"about":[{"href":"https:\/\/donnobikes.com\/en\/wp-json\/wp\/v2\/types\/product"}],"replies":[{"embeddable":true,"href":"https:\/\/donnobikes.com\/en\/wp-json\/wp\/v2\/comments?post=91246"}],"wp:featuredmedia":[{"embeddable":true,"href":"https:\/\/donnobikes.com\/en\/wp-json\/wp\/v2\/media\/91247"}],"wp:attachment":[{"href":"https:\/\/donnobikes.com\/en\/wp-json\/wp\/v2\/media?parent=91246"}],"wp:term":[{"taxonomy":"product_brand","embeddable":true,"href":"https:\/\/donnobikes.com\/en\/wp-json\/wp\/v2\/product_brand?post=91246"},{"taxonomy":"product_cat","embeddable":true,"href":"https:\/\/donnobikes.com\/en\/wp-json\/wp\/v2\/product_cat?post=91246"},{"taxonomy":"product_tag","embeddable":true,"href":"https:\/\/donnobikes.com\/en\/wp-json\/wp\/v2\/product_tag?post=91246"}],"curies":[{"name":"wp","href":"https:\/\/api.w.org\/{rel}","templated":true}]}}