{"id":93649,"date":"2023-07-13T03:17:32","date_gmt":"2023-07-13T01:17:32","guid":{"rendered":"https:\/\/new.donnobikes.com\/?post_type=product&#038;p=93649"},"modified":"2026-05-07T15:57:30","modified_gmt":"2026-05-07T13:57:30","slug":"ahooga-analog-0v","status":"publish","type":"product","link":"https:\/\/donnobikes.com\/en\/product\/ahooga-analog-0v\/","title":{"rendered":"Ahooga Analog 0V"},"content":{"rendered":"<h2>The lightest folding city bike on the market!<\/h2>\n<p>Ahooga Analog 0V \u00e8 una bicicletta pieghevole compatta e ultraleggera. Come ogni pieghevole Ahooga, si differenzia per la velocit\u00e0 di piegatura e per l\u2019alta resistenza del telaio. Un telaio triangolare, senza cerniere, che rimane in un unico pezzo in tutte le fasi di piegatura. Il brevetto Ahooga \u201cDouble Triangle Twin Tube\u201d migliora l\u2019esperienza di guida eliminando le flessioni del telaio durante la pedalata. E fa s\u00ec che non si rompa in prossimit\u00e0 delle cerniere come normalmente accade ai telai pieghevoli. Qualit\u00e0 e performance di Ahooga Analog 0V hanno vinto il Red Dot Design Award nel 2018 e 2021.<\/p>\n<p><strong>Superleggera<\/strong>. Ahooga Active 24V a trazione muscolare a \u00e8 unisex, stabile e confortevole ma estremamente leggera. La city bike pieghevole pesa appena 12kg, molto meno della tua valigia per le vacanze!<\/p>\n<p><strong>Due livelli di piegatura<\/strong>. In 2 secondi si piega a met\u00e0 e si pu\u00f2 trasportare su ruote come un trolley. In 10 secondi si passa alla piegatura completa, che misura solo 85 x 36 x 70 cm. Puoi portarla senza problemi dalla metro al bar, dall\u2019ufficio all\u2019autobus, dal treno al tuo soggiorno.<\/p>\n<p><strong>Three variants<\/strong>. Both models offer 3 trim variants for various levels of comfort and personal taste. Essential features a leather saddle with Cro-Mo studs, cork and black rubber grips, and black rubber pedals. Comfort Plus adopts all black components, with a black leather saddle with Cro-Mo studs, ergonomic grips and black rubber pedals. Style Plus is distinguished by the adoption of superior quality components such as a leather saddle with Cro-Mo rails and anatomical seat, ergonomic cork grips, and folding metal pedals.<\/p>","protected":false},"excerpt":{"rendered":"<p>\u0411\u0435\u0437 \u0434\u0432\u0438\u0433\u0430\u0442\u0435\u043b\u044f (\u043c\u0443\u0441\u043a\u0443\u043b\u0438\u0441\u0442\u044b\u0439) &#8211; \u0426\u0432\u0435\u0442 \u00ab\u0411\u0435\u043b\u044b\u0439 \u0432\u043e\u0441\u0445\u043e\u0434 \u0441\u043e\u043b\u043d\u0446\u0430\u00bb &#8211; \u0420\u0443\u043a\u043e\u044f\u0442\u043a\u0438 \u0438\u0437 \u043f\u0440\u043e\u0431\u043a\u0438 \u0438 \u0447\u0435\u0440\u043d\u043e\u0439 \u0440\u0435\u0437\u0438\u043d\u044b &#8211; \u041a\u043e\u0436\u0430\u043d\u043e\u0435 \u0441\u0435\u0434\u043b\u043e \u043a\u043e\u0440\u0438\u0447\u043d\u0435\u0432\u043e\u0433\u043e \u0446\u0432\u0435\u0442\u0430 \u0441 \u0437\u0430\u043a\u043b\u0435\u043f\u043a\u0430\u043c\u0438 \u0438 \u043f\u0440\u0443\u0436\u0438\u043d\u0430\u043c\u0438 \u0438\u0437 \u0445\u0440\u043e\u043c\u043e\u043c\u043e\u043b\u0438\u0431\u0434\u0435\u043d\u043e\u0432\u043e\u0439 \u0441\u0442\u0430\u043b\u0438<\/p>","protected":false},"featured_media":97895,"comment_status":"open","ping_status":"closed","template":"","meta":[],"product_brand":[],"product_cat":[73,33,592,594,618],"product_tag":[69,36,65,76],"class_list":{"0":"post-93649","1":"product","2":"type-product","3":"status-publish","4":"has-post-thumbnail","6":"product_cat-ahooga","7":"product_cat-biciclette","8":"product_cat-biciclette-muscolari","9":"product_cat-catalogo","10":"product_cat-black-friday","11":"product_tag-city-bike","12":"product_tag-e-bike","13":"product_tag-muscolare","14":"product_tag-pieghevole","15":"product_shipping_class-bicicletta","17":"first","18":"instock","19":"shipping-taxable","20":"purchasable","21":"product-type-variable","22":"has-default-attributes"},"gallery_images":[97896,97897,97898,97899,97900],"meta_box":{"short_name":"","marketing_name":"AHOOGA ANALOG 0V","motore_for_biciclette":[],"biciclette_id":"93664","consegna":"","configurator":[],"single_page_group":{"video_group":[{"link_video":"https:\/\/www.youtube.com\/watch?v=33ytiZCZL48","title":"A unique combination of features","preheader":"Vivi la citt\u00e0 a 360\u00b0 con una bici pieghevole ibrida!","preview":"93624"},{"link_video":"https:\/\/www.youtube.com\/watch?v=LuY5tFZWRTI","title":"All you can ask from a folding bike","preheader":"Puoi portarla ovunque. Ti trasporta ovunque.","preview":"93626"},{"link_video":"https:\/\/www.youtube.com\/watch?v=O_keK6x07GQ","title":"Daily Lifestyle","preheader":"Una bici pieghevole che rivoluzione la mobilit\u00e0 urbana","preview":"93627"},{"link_video":"https:\/\/www.youtube.com\/watch?v=QulW34GeHO8","title":"From our Workshop","preheader":"Come si piega e si rimonta Ahooga Folding","preview":"93628"}],"galleria_fotografica":{"image":["93666","93667","93668","93669","93670","93671"],"galleria_banner":["92627","92628","93672","92630"]},"versatilita":{"title":"AHOOGA ANALOG 0V. NEW GENERATION U-TILITY BIKE.","desc":"Ahooga Analog 0V \u00e8 la city bike ideale per single e pendolari. Ma non solo. Consente di andare al lavoro anche su lunghe distanze, con una combinazione di mezzi pubblici e corsa in bici. Ideale anche per affrontare qualunque improvviso cambio di clima. Ma questa city bike pieghevole offre soluzioni sorprendenti grazie al suo portapacchi e agli accessori da manubrio. Se pensavi che con una bicicletta pieghevole non fosse possibile trasportare piccoli carichi, Ahooga Analog 0V cambier\u00e0 il tuo modo di guardare il mondo delle city bike.","versatilita_group":[{"image":"93674","desc":"Senza accessori \u00e8 una pieghevole ultraleggera, che si differenzia per la resistenza del suo telaio grazie all'assenza di cerniere e per la sua velocit\u00e0 di piegatura."},{"image":"93679","desc":"Portapacchi posteriore con portata fino a 20kg per agganciare cestini e assicurare pesi, consente di trasportare carichi quotidiani. Un accessorio sorprendente per una pieghevole."},{"image":"93673","desc":"Compatible con Yepp, Qibbel e la maggior parte dei seggiolini disponibili sul mercato. Puoi portare un bambino in sicurezza entro i 20kg incluso il peso del seggiolino."},{"image":"93680","desc":"Porta una sacca, un pallone, un pacchetto e altri carichi. Con il supporto VarioRack pu\u00f2 trasportare fino a 7kg. Le sue cinghie assicurano il carico."},{"image":"93676","desc":"Porta 2 borse fino a 25 litri agganciate al portapacchi. In combinazione con una borsa sul supporto VarioRack trasporta tutto quello che serve."},{"image":"93675","desc":"Trasporta capienti borse laterali e uno zaino da agganciare al manubrio, da portare in spalla quando la corsa \u00e8 terminata. Ideale per studenti e pendolari."},{"image":"93677","desc":"Porta in sicurezza un animale domestico di piccola taglia con il trasportino agganciabile al manubrio o al portapacchi, per andare al parco o dal veterinario."},{"image":"93678","desc":"Raddoppia con un animale di piccola taglia nel trasportino e un bambino nel seggiolino. L'unico limite \u00e8 la portata massima di 105kg incluso il ciclista."},{"image":"89498"}]},"edition":"0","tags":["Leggerezza da record","Telaio senza cerniere","Piegatura in 10 secondi"],"short_description":"L'eccellenza della leggerezza urbana: soli 11 kg per una city bike pighevole muscolare che si piega in 10 secondi e ti segue ovunque."},"catalog_group":{"quote":"3 COLORI \/ 3 VARIANTI","text":"La city bike pieghevole muscolare pi\u00f9 leggera sul mercato e dal telaio indistruttibile! ","vuoi":"Una bicicletta pieghevole che sia un piacere guidare e sia tua alleata nel fitness, che puoi portare ovunque come un trolley o leggerissima da trasportare a mano. Una city bike che puoi personalizzare nei dettagli del comfort e faccia girare le teste quando passi per la strada!"}},"_links":{"self":[{"href":"https:\/\/donnobikes.com\/en\/wp-json\/wp\/v2\/product\/93649","targetHints":{"allow":["GET"]}}],"collection":[{"href":"https:\/\/donnobikes.com\/en\/wp-json\/wp\/v2\/product"}],"about":[{"href":"https:\/\/donnobikes.com\/en\/wp-json\/wp\/v2\/types\/product"}],"replies":[{"embeddable":true,"href":"https:\/\/donnobikes.com\/en\/wp-json\/wp\/v2\/comments?post=93649"}],"wp:featuredmedia":[{"embeddable":true,"href":"https:\/\/donnobikes.com\/en\/wp-json\/wp\/v2\/media\/97895"}],"wp:attachment":[{"href":"https:\/\/donnobikes.com\/en\/wp-json\/wp\/v2\/media?parent=93649"}],"wp:term":[{"taxonomy":"product_brand","embeddable":true,"href":"https:\/\/donnobikes.com\/en\/wp-json\/wp\/v2\/product_brand?post=93649"},{"taxonomy":"product_cat","embeddable":true,"href":"https:\/\/donnobikes.com\/en\/wp-json\/wp\/v2\/product_cat?post=93649"},{"taxonomy":"product_tag","embeddable":true,"href":"https:\/\/donnobikes.com\/en\/wp-json\/wp\/v2\/product_tag?post=93649"}],"curies":[{"name":"wp","href":"https:\/\/api.w.org\/{rel}","templated":true}]}}